{"id":3949,"date":"2023-02-27T14:35:36","date_gmt":"2023-02-27T13:35:36","guid":{"rendered":"https:\/\/www.campingduportcaroline.fr\/campsite-pays-de-la-loire\/"},"modified":"2023-02-28T12:25:39","modified_gmt":"2023-02-28T11:25:39","slug":"campsite-pays-de-la-loire","status":"publish","type":"page","link":"https:\/\/www.campingduportcaroline.fr\/en\/campsite-pays-de-la-loire\/","title":{"rendered":"Pays de la loire"},"content":{"rendered":"<section id=\"ls-section-block_c51bf33f749304e661d2a5944dc6d2e7\" class=\"ls-section  page-entete\" >\n        <div class=\"container \">\n        \n\n<h1 class=\"ls__heading has-text-align-center animated fadeInUp delay-200ms slow wp-block-heading\">Going out in the Pays de la Loire region<\/h1>\n\n\n    <\/div>\n<\/section><section id=\"ls-section-block_5a8bef3d20a8dddaa027a1822048066c\" class=\"ls-section  page-one has-p-b p-b-14\" >\n        <div class=\"container container--wide\">\n        \n\n<div class=\"wp-block-columns is-layout-flex wp-container-core-columns-is-layout-9d6595d7 wp-block-columns-is-layout-flex\">\n<div class=\"wp-block-column is-layout-flow wp-block-column-is-layout-flow\" style=\"flex-basis:60%\">\n<figure class=\"wp-block-image size-full arrondi\"><img decoding=\"async\" width=\"790\" height=\"560\" src=\"https:\/\/www.campingduportcaroline.fr\/wp-content\/uploads\/2023\/01\/carte-2.png\" alt=\"map of the loire region\" class=\"wp-image-3482\" srcset=\"https:\/\/www.campingduportcaroline.fr\/wp-content\/uploads\/2023\/01\/carte-2.png 790w, https:\/\/www.campingduportcaroline.fr\/wp-content\/uploads\/2023\/01\/carte-2-300x213.png 300w, https:\/\/www.campingduportcaroline.fr\/wp-content\/uploads\/2023\/01\/carte-2-768x544.png 768w\" sizes=\"(max-width: 790px) 100vw, 790px\" \/><\/figure>\n<\/div>\n\n\n\n<div class=\"wp-block-column is-vertically-aligned-center is-layout-flow wp-block-column-is-layout-flow\" style=\"flex-basis:40%\">\n<h2 class=\"ls-heading wp-block-heading\">Tourist vacations in Maine-et-Loire<\/h2>\n\n\n\n<p class=\"ls-paragraph\">As far as tourism is concerned, the Maine et Loire is a surprising region. It shelters an <strong>exceptional heritage<\/strong> which charms the visitors. Its history closely linked to religion has left an invaluable legacy. <\/p>\n\n\n\n<p class=\"ls-paragraph\">Churches and chapels with twisted bell towers, Romanesque chapels, superb Plantagenet Gothic cathedrals and <strong>prestigious royal abbeys<\/strong> can be seen throughout the territory. Among the most remarkable, there is the Abbey of Notre-Dame de Fontevraud, the Cathedral of Saint-Pierre-et-Saint-Paul in Nantes, the magnificent vaulted church in Cunault&#8230; Other treasures such as the Chateau of Br\u00e9z\u00e9, the Chateau of Brissac, the Chateau of Saumur or the Cave aux Sculptures in Deneze-sous-Doue are also worth a visit<\/p>\n<\/div>\n<\/div>\n\n\n    <\/div>\n<\/section><section id=\"ls-section-block_c671434d5cb2fcc9e4215748aa6c95a9\" class=\"ls-section  page-parallax image-right has-parallax has-background has-color-7-background-color has-p-t p-t-20 has-p-b p-b-20\" >\n        <div class=\"container container--wide\">\n        \n\n<div class=\"wp-block-columns is-layout-flex wp-container-core-columns-is-layout-9d6595d7 wp-block-columns-is-layout-flex\">\n<div class=\"wp-block-column is-vertically-aligned-center text-fond-noir is-layout-flow wp-block-column-is-layout-flow\" style=\"flex-basis:40%\">\n<p class=\"ls-paragraph has-color-white-color has-text-color\">Other treasures such as the Ch\u00e2teau de Br\u00e9z\u00e9, the Ch\u00e2teau de Brissac, the Ch\u00e2teau de Saumur or the Cave aux Sculptures de Deneze-sous-Doue are also worth a visit. Discovering Maine et Loire also means discovering <strong>charming villages<\/strong> such as Aubign\u00e9-sur-Layon, Le Puy Notre-Dame, Cornill\u00e9-les-Caves, Le Coudray-Macouard, Turquant and many others while visiting the vineyards and tasting the famous wines of the region. <\/p>\n\n\n\n<p class=\"ls-paragraph has-color-white-color has-text-color\">You can also visit museums and zoos with your family during your stay. Young and old alike will be delighted to spend time in the Mushroom Museum, the Art and History Museum. Some are more excited about the discovery of the Loire-Anjou-Touraine <strong>Regional Nature Park<\/strong> and the troglodytic dwellings.<\/p>\n<\/div>\n\n\n\n<div class=\"wp-block-column is-vertically-aligned-center image is-layout-flow wp-block-column-is-layout-flow\" style=\"flex-basis:60%\">\n<figure class=\"wp-block-image size-full arrondi-petit animated slideInRight delay-200ms slow\"><a href=\"https:\/\/www.campingduportcaroline.fr\/wp-content\/uploads\/2022\/12\/chateau-de-saumur.jpg\"><img decoding=\"async\" width=\"790\" height=\"560\" src=\"https:\/\/www.campingduportcaroline.fr\/wp-content\/uploads\/2022\/12\/chateau-de-saumur.jpg\" alt=\"castle of saumur\" class=\"wp-image-1522\" srcset=\"https:\/\/www.campingduportcaroline.fr\/wp-content\/uploads\/2022\/12\/chateau-de-saumur.jpg 790w, https:\/\/www.campingduportcaroline.fr\/wp-content\/uploads\/2022\/12\/chateau-de-saumur-300x213.jpg 300w, https:\/\/www.campingduportcaroline.fr\/wp-content\/uploads\/2022\/12\/chateau-de-saumur-768x544.jpg 768w\" sizes=\"(max-width: 790px) 100vw, 790px\" \/><\/a><\/figure>\n<\/div>\n<\/div>\n\n\n    <\/div>\n<\/section><section id=\"ls-section-block_e1fbabd1002971e594dcbc3b6f0f8c3f\" class=\"ls-section  page-one has-p-t p-t-14 has-p-b p-b-14\" >\n        <div class=\"container container--wide\">\n        \n\n<div class=\"wp-block-columns is-layout-flex wp-container-core-columns-is-layout-9d6595d7 wp-block-columns-is-layout-flex\">\n<div class=\"wp-block-column is-layout-flow wp-block-column-is-layout-flow\"><\/div>\n\n\n\n<div class=\"wp-block-column right is-layout-flow wp-block-column-is-layout-flow\">\n<figure class=\"wp-block-image is-resized fleur\"><img decoding=\"async\" src=\"https:\/\/www.campingduportcaroline.fr\/wp-content\/uploads\/2022\/11\/fleur.png\" alt=\"flower\" class=\"wp-image-275\" width=\"256\" height=\"256\" srcset=\"https:\/\/www.campingduportcaroline.fr\/wp-content\/uploads\/2022\/11\/fleur.png 512w, https:\/\/www.campingduportcaroline.fr\/wp-content\/uploads\/2022\/11\/fleur-300x300.png 300w, https:\/\/www.campingduportcaroline.fr\/wp-content\/uploads\/2022\/11\/fleur-150x150.png 150w\" sizes=\"(max-width: 256px) 100vw, 256px\" \/><\/figure>\n<\/div>\n<\/div>\n\n\n\n<div class=\"wp-block-columns is-layout-flex wp-container-core-columns-is-layout-9d6595d7 wp-block-columns-is-layout-flex\">\n<div class=\"wp-block-column is-layout-flow wp-block-column-is-layout-flow\" style=\"flex-basis:60%\">\n<figure class=\"wp-block-image size-full arrondi\"><a href=\"https:\/\/www.campingduportcaroline.fr\/wp-content\/uploads\/2022\/12\/angers-loire.jpg\"><img decoding=\"async\" width=\"790\" height=\"560\" src=\"https:\/\/www.campingduportcaroline.fr\/wp-content\/uploads\/2022\/12\/angers-loire.jpg\" alt=\"angers loire\" class=\"wp-image-1527\" srcset=\"https:\/\/www.campingduportcaroline.fr\/wp-content\/uploads\/2022\/12\/angers-loire.jpg 790w, https:\/\/www.campingduportcaroline.fr\/wp-content\/uploads\/2022\/12\/angers-loire-300x213.jpg 300w, https:\/\/www.campingduportcaroline.fr\/wp-content\/uploads\/2022\/12\/angers-loire-768x544.jpg 768w\" sizes=\"(max-width: 790px) 100vw, 790px\" \/><\/a><\/figure>\n<\/div>\n\n\n\n<div class=\"wp-block-column is-vertically-aligned-center is-layout-flow wp-block-column-is-layout-flow\" style=\"flex-basis:40%\">\n<h2 class=\"ls-heading wp-block-heading\">Visit the Pays de la Loire<\/h2>\n\n\n\n<p class=\"ls-paragraph\">Thanks to the privileged geographical situation of our campsite on the edge of the Loire, you will be able to easily reach <strong>the tourist sites<\/strong> not to be missed in the Loire Valley during your stay. You will be close to the <strong>major places<\/strong> of interest in the region. The city of Angers is only a few minutes away. Discover its remarkable heritage and the famous castle of Angers. Saumur, its underground galleries and troglodytic sites are also not far from the campsite.<\/p>\n<\/div>\n<\/div>\n\n\n    <\/div>\n<\/section><section id=\"ls-section-block_9ccc28b172e967a392ed559238320d70\" class=\"ls-section  page-parallax image-right has-background-image has-parallax has-background has-color-white-background-color has-p-t p-t-20 has-p-b p-b-20\" >\n    <div class=\"ls-section__background-image opacity-60\"><img decoding=\"async\" src=\"https:\/\/www.campingduportcaroline.fr\/wp-content\/uploads\/2022\/11\/bois.jpg\" alt=\"bois\"><\/div>    <div class=\"container container--wide\">\n        \n\n<div class=\"wp-block-columns is-layout-flex wp-container-core-columns-is-layout-9d6595d7 wp-block-columns-is-layout-flex\">\n<div class=\"wp-block-column is-vertically-aligned-center text-fond-clair is-layout-flow wp-block-column-is-layout-flow\" style=\"flex-basis:40%\">\n<p class=\"ls-paragraph\">The Castle of the Dukes of Brittany, the Castle of Saumur, the Castle of Brissac can also be visited with family or friends. The curious, children and adults are also invited to discover the very famous park of <strong>Puy du Fou<\/strong>the zoo of Les Sables, the zoo of La Fl\u00e8che, the Sealand aquarium of Ile Noirmoutier, the Machines de l&#8217;\u00cele or the Museum of Natural History of Nantes, the <strong>24 Hours of Le Mans Museum<\/strong>.  <\/p>\n\n\n\n<p class=\"ls-paragraph\">There are of course other ways to explore the Pays de la Loire such as hiking, mountain biking and horseback riding through the countryside, river cruises on the rivers of Anjou, aerial ballooning and hot air ballooning.<\/p>\n<\/div>\n\n\n\n<div class=\"wp-block-column is-vertically-aligned-center image is-layout-flow wp-block-column-is-layout-flow\" style=\"flex-basis:60%\">\n<figure class=\"wp-block-image size-full arrondi-petit animated slideInRight delay-200ms slow\"><a href=\"https:\/\/www.campingduportcaroline.fr\/wp-content\/uploads\/2022\/12\/zoo.jpg\"><img decoding=\"async\" width=\"790\" height=\"560\" src=\"https:\/\/www.campingduportcaroline.fr\/wp-content\/uploads\/2022\/12\/zoo.jpg\" alt=\"zoo\" class=\"wp-image-1533\" srcset=\"https:\/\/www.campingduportcaroline.fr\/wp-content\/uploads\/2022\/12\/zoo.jpg 790w, https:\/\/www.campingduportcaroline.fr\/wp-content\/uploads\/2022\/12\/zoo-300x213.jpg 300w, https:\/\/www.campingduportcaroline.fr\/wp-content\/uploads\/2022\/12\/zoo-768x544.jpg 768w\" sizes=\"(max-width: 790px) 100vw, 790px\" \/><\/a><\/figure>\n<\/div>\n<\/div>\n\n\n    <\/div>\n<\/section><section id=\"ls-section-block_83ec56366a51f8e2ecd22c49ac0dfdd8\" class=\"ls-section  has-p-t p-t-14 has-p-b p-b-14\" >\n        <div class=\"container container--wide\">\n        \n\n<div id=\"ls-heading ls-titre-div-block_315498073e5a5b254c03afee479da4fa\" class=\"ls-titre-div aligncenter h2-like has-p-b p-b-4\" >\n    Discover the surroundings of <\/br><span>our campsite<\/span><\/div>\n\n\n\n<div id=\"ls-maillage-block_9bf61f9ed73be9d83a0ea63c8ebfb193\" class=\"ls-maillage cta-style-normal\" data-rows=\"3\">\n\n    <div class=\"wp-block-columns\"><div class=\"wp-block-column ls-cta\">\n\n<a href=\"https:\/\/www.campingduportcaroline.fr\/en\/campsite-pays-de-la-loire\/campsites-angers\/\" target=\"\" rel=\"noopener\" class=\"ls-cta__link\">\n\n\t<div class=\"ls-cta__image\"><img decoding=\"async\" src=\"https:\/\/www.campingduportcaroline.fr\/wp-content\/uploads\/2022\/12\/chateau-angers-768x544.jpg\" alt=\"chateau angers\"><\/div>\n\t<div class=\"ls-cta__title\">\n\t\tAngers\t<\/div>\n\n\t\t\n<\/a><\/div><div class=\"wp-block-column ls-cta\">\n\n<a href=\"https:\/\/www.campingduportcaroline.fr\/en\/campsite-pays-de-la-loire\/campsite-anjou-val-de-loire\/\" target=\"\" rel=\"noopener\" class=\"ls-cta__link\">\n\n\t<div class=\"ls-cta__image\"><img decoding=\"async\" src=\"https:\/\/www.campingduportcaroline.fr\/wp-content\/uploads\/2022\/12\/randonnee-a-travers-les-vignes-768x544.jpg\" alt=\"randonn\u00e9es \u00e0 travers les vignes\"><\/div>\n\t<div class=\"ls-cta__title\">\n\t\tAnjou val de loire\t<\/div>\n\n\t\t\n<\/a><\/div><div class=\"wp-block-column ls-cta\">\n\n<a href=\"https:\/\/www.campingduportcaroline.fr\/en\/campsite-pays-de-la-loire\/campsite-saumur\/\" target=\"\" rel=\"noopener\" class=\"ls-cta__link\">\n\n\t<div class=\"ls-cta__image\"><img decoding=\"async\" src=\"https:\/\/www.campingduportcaroline.fr\/wp-content\/uploads\/2022\/12\/camping-proche-chateau-de-saumur.jpg\" alt=\"camping proche chateau de saumur\"><\/div>\n\t<div class=\"ls-cta__title\">\n\t\tSaumur\t<\/div>\n\n\t\t\n<\/a><\/div><\/div>\n<\/div>\n\n    <\/div>\n<\/section>","protected":false},"excerpt":{"rendered":"","protected":false},"author":1,"featured_media":3318,"parent":0,"menu_order":0,"comment_status":"closed","ping_status":"closed","template":"","meta":{"_acf_changed":false,"inline_featured_image":false,"footnotes":""},"sujet":[],"class_list":["post-3949","page","type-page","status-publish","has-post-thumbnail","hentry"],"acf":[],"yoast_head":"<!-- This site is optimized with the Yoast SEO plugin v23.4 - https:\/\/yoast.com\/wordpress\/plugins\/seo\/ -->\n<title>Campsite Pays de la Loire - Camping and caravanning vacations in Maine and Loire<\/title>\n<meta name=\"description\" content=\"Our campsite is ideally located to let you enjoy the surroundings. The department of Maine-et-Loire is full of treasures, for the pleasure of young and old.\" \/>\n<meta name=\"robots\" content=\"index, follow, max-snippet:-1, max-image-preview:large, max-video-preview:-1\" \/>\n<link rel=\"canonical\" href=\"https:\/\/www.campingduportcaroline.fr\/en\/campsite-pays-de-la-loire\/\" \/>\n<meta property=\"og:locale\" content=\"en_US\" \/>\n<meta property=\"og:type\" content=\"article\" \/>\n<meta property=\"og:title\" content=\"Campsite Pays de la Loire - Camping and caravanning vacations in Maine and Loire\" \/>\n<meta property=\"og:description\" content=\"Our campsite is ideally located to let you enjoy the surroundings. The department of Maine-et-Loire is full of treasures, for the pleasure of young and old.\" \/>\n<meta property=\"og:url\" content=\"https:\/\/www.campingduportcaroline.fr\/en\/campsite-pays-de-la-loire\/\" \/>\n<meta property=\"og:site_name\" content=\"Camping du Port Caroline\" \/>\n<meta property=\"article:modified_time\" content=\"2023-02-28T11:25:39+00:00\" \/>\n<meta property=\"og:image\" content=\"https:\/\/www.campingduportcaroline.fr\/wp-content\/uploads\/2022\/12\/chateau-de-saumur-2.webp\" \/>\n\t<meta property=\"og:image:width\" content=\"1900\" \/>\n\t<meta property=\"og:image:height\" content=\"696\" \/>\n\t<meta property=\"og:image:type\" content=\"image\/webp\" \/>\n<meta name=\"twitter:card\" content=\"summary_large_image\" \/>\n<meta name=\"twitter:label1\" content=\"Est. reading time\" \/>\n\t<meta name=\"twitter:data1\" content=\"2 minutes\" \/>\n<script type=\"application\/ld+json\" class=\"yoast-schema-graph\">{\"@context\":\"https:\/\/schema.org\",\"@graph\":[{\"@type\":\"WebPage\",\"@id\":\"https:\/\/www.campingduportcaroline.fr\/en\/campsite-pays-de-la-loire\/\",\"url\":\"https:\/\/www.campingduportcaroline.fr\/en\/campsite-pays-de-la-loire\/\",\"name\":\"Campsite Pays de la Loire - Camping and caravanning vacations in Maine and Loire\",\"isPartOf\":{\"@id\":\"https:\/\/www.campingduportcaroline.fr\/#website\"},\"primaryImageOfPage\":{\"@id\":\"https:\/\/www.campingduportcaroline.fr\/en\/campsite-pays-de-la-loire\/#primaryimage\"},\"image\":{\"@id\":\"https:\/\/www.campingduportcaroline.fr\/en\/campsite-pays-de-la-loire\/#primaryimage\"},\"thumbnailUrl\":\"https:\/\/www.campingduportcaroline.fr\/wp-content\/uploads\/2022\/12\/chateau-de-saumur-2.webp\",\"datePublished\":\"2023-02-27T13:35:36+00:00\",\"dateModified\":\"2023-02-28T11:25:39+00:00\",\"description\":\"Our campsite is ideally located to let you enjoy the surroundings. The department of Maine-et-Loire is full of treasures, for the pleasure of young and old.\",\"breadcrumb\":{\"@id\":\"https:\/\/www.campingduportcaroline.fr\/en\/campsite-pays-de-la-loire\/#breadcrumb\"},\"inLanguage\":\"en-US\",\"potentialAction\":[{\"@type\":\"ReadAction\",\"target\":[\"https:\/\/www.campingduportcaroline.fr\/en\/campsite-pays-de-la-loire\/\"]}]},{\"@type\":\"ImageObject\",\"inLanguage\":\"en-US\",\"@id\":\"https:\/\/www.campingduportcaroline.fr\/en\/campsite-pays-de-la-loire\/#primaryimage\",\"url\":\"https:\/\/www.campingduportcaroline.fr\/wp-content\/uploads\/2022\/12\/chateau-de-saumur-2.webp\",\"contentUrl\":\"https:\/\/www.campingduportcaroline.fr\/wp-content\/uploads\/2022\/12\/chateau-de-saumur-2.webp\",\"width\":1900,\"height\":696,\"caption\":\"chateau de saumur\"},{\"@type\":\"BreadcrumbList\",\"@id\":\"https:\/\/www.campingduportcaroline.fr\/en\/campsite-pays-de-la-loire\/#breadcrumb\",\"itemListElement\":[{\"@type\":\"ListItem\",\"position\":1,\"name\":\"Port Caroline campsite\",\"item\":\"https:\/\/www.campingduportcaroline.fr\/en\/\"},{\"@type\":\"ListItem\",\"position\":2,\"name\":\"Going out in the Loire region\"}]},{\"@type\":\"WebSite\",\"@id\":\"https:\/\/www.campingduportcaroline.fr\/#website\",\"url\":\"https:\/\/www.campingduportcaroline.fr\/\",\"name\":\"Camping du Port Caroline\",\"description\":\"\",\"publisher\":{\"@id\":\"https:\/\/www.campingduportcaroline.fr\/#organization\"},\"potentialAction\":[{\"@type\":\"SearchAction\",\"target\":{\"@type\":\"EntryPoint\",\"urlTemplate\":\"https:\/\/www.campingduportcaroline.fr\/?s={search_term_string}\"},\"query-input\":{\"@type\":\"PropertyValueSpecification\",\"valueRequired\":true,\"valueName\":\"search_term_string\"}}],\"inLanguage\":\"en-US\"},{\"@type\":\"Organization\",\"@id\":\"https:\/\/www.campingduportcaroline.fr\/#organization\",\"name\":\"Camping du Port Caroline\",\"url\":\"https:\/\/www.campingduportcaroline.fr\/\",\"logo\":{\"@type\":\"ImageObject\",\"inLanguage\":\"en-US\",\"@id\":\"https:\/\/www.campingduportcaroline.fr\/#\/schema\/logo\/image\/\",\"url\":\"https:\/\/www.campingduportcaroline.fr\/wp-content\/uploads\/2022\/11\/favicon-1.png\",\"contentUrl\":\"https:\/\/www.campingduportcaroline.fr\/wp-content\/uploads\/2022\/11\/favicon-1.png\",\"width\":512,\"height\":512,\"caption\":\"Camping du Port Caroline\"},\"image\":{\"@id\":\"https:\/\/www.campingduportcaroline.fr\/#\/schema\/logo\/image\/\"}}]}<\/script>\n<!-- \/ Yoast SEO plugin. -->","yoast_head_json":{"title":"Campsite Pays de la Loire - Camping and caravanning vacations in Maine and Loire","description":"Our campsite is ideally located to let you enjoy the surroundings. The department of Maine-et-Loire is full of treasures, for the pleasure of young and old.","robots":{"index":"index","follow":"follow","max-snippet":"max-snippet:-1","max-image-preview":"max-image-preview:large","max-video-preview":"max-video-preview:-1"},"canonical":"https:\/\/www.campingduportcaroline.fr\/en\/campsite-pays-de-la-loire\/","og_locale":"en_US","og_type":"article","og_title":"Campsite Pays de la Loire - Camping and caravanning vacations in Maine and Loire","og_description":"Our campsite is ideally located to let you enjoy the surroundings. The department of Maine-et-Loire is full of treasures, for the pleasure of young and old.","og_url":"https:\/\/www.campingduportcaroline.fr\/en\/campsite-pays-de-la-loire\/","og_site_name":"Camping du Port Caroline","article_modified_time":"2023-02-28T11:25:39+00:00","og_image":[{"width":1900,"height":696,"url":"https:\/\/www.campingduportcaroline.fr\/wp-content\/uploads\/2022\/12\/chateau-de-saumur-2.webp","type":"image\/webp"}],"twitter_card":"summary_large_image","twitter_misc":{"Est. reading time":"2 minutes"},"schema":{"@context":"https:\/\/schema.org","@graph":[{"@type":"WebPage","@id":"https:\/\/www.campingduportcaroline.fr\/en\/campsite-pays-de-la-loire\/","url":"https:\/\/www.campingduportcaroline.fr\/en\/campsite-pays-de-la-loire\/","name":"Campsite Pays de la Loire - Camping and caravanning vacations in Maine and Loire","isPartOf":{"@id":"https:\/\/www.campingduportcaroline.fr\/#website"},"primaryImageOfPage":{"@id":"https:\/\/www.campingduportcaroline.fr\/en\/campsite-pays-de-la-loire\/#primaryimage"},"image":{"@id":"https:\/\/www.campingduportcaroline.fr\/en\/campsite-pays-de-la-loire\/#primaryimage"},"thumbnailUrl":"https:\/\/www.campingduportcaroline.fr\/wp-content\/uploads\/2022\/12\/chateau-de-saumur-2.webp","datePublished":"2023-02-27T13:35:36+00:00","dateModified":"2023-02-28T11:25:39+00:00","description":"Our campsite is ideally located to let you enjoy the surroundings. The department of Maine-et-Loire is full of treasures, for the pleasure of young and old.","breadcrumb":{"@id":"https:\/\/www.campingduportcaroline.fr\/en\/campsite-pays-de-la-loire\/#breadcrumb"},"inLanguage":"en-US","potentialAction":[{"@type":"ReadAction","target":["https:\/\/www.campingduportcaroline.fr\/en\/campsite-pays-de-la-loire\/"]}]},{"@type":"ImageObject","inLanguage":"en-US","@id":"https:\/\/www.campingduportcaroline.fr\/en\/campsite-pays-de-la-loire\/#primaryimage","url":"https:\/\/www.campingduportcaroline.fr\/wp-content\/uploads\/2022\/12\/chateau-de-saumur-2.webp","contentUrl":"https:\/\/www.campingduportcaroline.fr\/wp-content\/uploads\/2022\/12\/chateau-de-saumur-2.webp","width":1900,"height":696,"caption":"chateau de saumur"},{"@type":"BreadcrumbList","@id":"https:\/\/www.campingduportcaroline.fr\/en\/campsite-pays-de-la-loire\/#breadcrumb","itemListElement":[{"@type":"ListItem","position":1,"name":"Port Caroline campsite","item":"https:\/\/www.campingduportcaroline.fr\/en\/"},{"@type":"ListItem","position":2,"name":"Going out in the Loire region"}]},{"@type":"WebSite","@id":"https:\/\/www.campingduportcaroline.fr\/#website","url":"https:\/\/www.campingduportcaroline.fr\/","name":"Camping du Port Caroline","description":"","publisher":{"@id":"https:\/\/www.campingduportcaroline.fr\/#organization"},"potentialAction":[{"@type":"SearchAction","target":{"@type":"EntryPoint","urlTemplate":"https:\/\/www.campingduportcaroline.fr\/?s={search_term_string}"},"query-input":{"@type":"PropertyValueSpecification","valueRequired":true,"valueName":"search_term_string"}}],"inLanguage":"en-US"},{"@type":"Organization","@id":"https:\/\/www.campingduportcaroline.fr\/#organization","name":"Camping du Port Caroline","url":"https:\/\/www.campingduportcaroline.fr\/","logo":{"@type":"ImageObject","inLanguage":"en-US","@id":"https:\/\/www.campingduportcaroline.fr\/#\/schema\/logo\/image\/","url":"https:\/\/www.campingduportcaroline.fr\/wp-content\/uploads\/2022\/11\/favicon-1.png","contentUrl":"https:\/\/www.campingduportcaroline.fr\/wp-content\/uploads\/2022\/11\/favicon-1.png","width":512,"height":512,"caption":"Camping du Port Caroline"},"image":{"@id":"https:\/\/www.campingduportcaroline.fr\/#\/schema\/logo\/image\/"}}]}},"_links":{"self":[{"href":"https:\/\/www.campingduportcaroline.fr\/en\/wp-json\/wp\/v2\/pages\/3949","targetHints":{"allow":["GET"]}}],"collection":[{"href":"https:\/\/www.campingduportcaroline.fr\/en\/wp-json\/wp\/v2\/pages"}],"about":[{"href":"https:\/\/www.campingduportcaroline.fr\/en\/wp-json\/wp\/v2\/types\/page"}],"author":[{"embeddable":true,"href":"https:\/\/www.campingduportcaroline.fr\/en\/wp-json\/wp\/v2\/users\/1"}],"replies":[{"embeddable":true,"href":"https:\/\/www.campingduportcaroline.fr\/en\/wp-json\/wp\/v2\/comments?post=3949"}],"version-history":[{"count":1,"href":"https:\/\/www.campingduportcaroline.fr\/en\/wp-json\/wp\/v2\/pages\/3949\/revisions"}],"predecessor-version":[{"id":3950,"href":"https:\/\/www.campingduportcaroline.fr\/en\/wp-json\/wp\/v2\/pages\/3949\/revisions\/3950"}],"wp:featuredmedia":[{"embeddable":true,"href":"https:\/\/www.campingduportcaroline.fr\/en\/wp-json\/wp\/v2\/media\/3318"}],"wp:attachment":[{"href":"https:\/\/www.campingduportcaroline.fr\/en\/wp-json\/wp\/v2\/media?parent=3949"}],"wp:term":[{"taxonomy":"sujet","embeddable":true,"href":"https:\/\/www.campingduportcaroline.fr\/en\/wp-json\/wp\/v2\/sujet?post=3949"}],"curies":[{"name":"wp","href":"https:\/\/api.w.org\/{rel}","templated":true}]}}