{"id":3953,"date":"2023-02-27T14:51:47","date_gmt":"2023-02-27T13:51:47","guid":{"rendered":"https:\/\/www.campingduportcaroline.fr\/campsite-pays-de-la-loire\/campsite-anjou-val-de-loire\/"},"modified":"2023-02-28T12:26:14","modified_gmt":"2023-02-28T11:26:14","slug":"campsite-anjou-val-de-loire","status":"publish","type":"page","link":"https:\/\/www.campingduportcaroline.fr\/en\/campsite-pays-de-la-loire\/campsite-anjou-val-de-loire\/","title":{"rendered":"Anjou val de loire"},"content":{"rendered":"<section id=\"ls-section-block_dca15877f2681ec37ea6421946d74547\" class=\"ls-section  page-entete\" >\n        <div class=\"container \">\n        \n\n<h1 class=\"ls__heading has-text-align-center animated fadeInUp delay-200ms slow wp-block-heading\">Visit Anjou, in Maine-et-Loire<\/h1>\n\n\n    <\/div>\n<\/section><section id=\"ls-section-block_97c1e1c0408483551ec4a0be413540fb\" class=\"ls-section  page-one has-p-b p-b-14\" >\n        <div class=\"container container--wide\">\n        \n\n<div class=\"wp-block-columns is-layout-flex wp-container-core-columns-is-layout-9d6595d7 wp-block-columns-is-layout-flex\">\n<div class=\"wp-block-column is-layout-flow wp-block-column-is-layout-flow\" style=\"flex-basis:60%\">\n<figure class=\"wp-block-image size-full arrondi\"><a href=\"https:\/\/www.campingduportcaroline.fr\/wp-content\/uploads\/2022\/12\/cave-a-vin.jpg\"><img decoding=\"async\" width=\"790\" height=\"560\" src=\"https:\/\/www.campingduportcaroline.fr\/wp-content\/uploads\/2022\/12\/cave-a-vin.jpg\" alt=\"wine cellar\" class=\"wp-image-1574\" srcset=\"https:\/\/www.campingduportcaroline.fr\/wp-content\/uploads\/2022\/12\/cave-a-vin.jpg 790w, https:\/\/www.campingduportcaroline.fr\/wp-content\/uploads\/2022\/12\/cave-a-vin-300x213.jpg 300w, https:\/\/www.campingduportcaroline.fr\/wp-content\/uploads\/2022\/12\/cave-a-vin-768x544.jpg 768w\" sizes=\"(max-width: 790px) 100vw, 790px\" \/><\/a><\/figure>\n<\/div>\n\n\n\n<div class=\"wp-block-column is-vertically-aligned-center is-layout-flow wp-block-column-is-layout-flow\" style=\"flex-basis:40%\">\n<h2 class=\"ls-heading wp-block-heading\">What to see and do at campsite Anjou?<\/h2>\n\n\n\n<p class=\"ls-paragraph\">If the Loire River is among the main attractions of Anjou, the region does not lack places of interest to discover and also offers <strong>multiple activities.<\/strong> <\/p>\n\n\n\n<p class=\"ls-paragraph\">Between <a href=\"https:\/\/www.campingduportcaroline.fr\/en\/campsite-pays-de-la-loire\/castles-of-the-loire\/\">visits to castles<\/a>, museums, towns and villages, vineyards and <strong>wine cellars<\/strong>, zoos, parks and gardens and troglodytes, your vacation promises to be full. A visit to the Ch\u00e2teau d&#8217;Angers and the Ch\u00e2teau de Saumur is a must. They are one of the <strong>great must-sees<\/strong> and are only a few minutes away from the <a href=\"\/\">Port Caroline campsite.<\/a><\/p>\n<\/div>\n<\/div>\n\n\n    <\/div>\n<\/section><section id=\"ls-section-block_be021119c4a86b3e0898703cfcdd545f\" class=\"ls-section  page-parallax image-right has-parallax has-background has-color-7-background-color has-p-t p-t-20 has-p-b p-b-20\" >\n        <div class=\"container container--wide\">\n        \n\n<div class=\"wp-block-columns is-layout-flex wp-container-core-columns-is-layout-9d6595d7 wp-block-columns-is-layout-flex\">\n<div class=\"wp-block-column is-vertically-aligned-center text-fond-noir is-layout-flow wp-block-column-is-layout-flow\" style=\"flex-basis:40%\">\n<p class=\"ls-paragraph has-color-white-color has-text-color\">In <strong>Anjou<\/strong>, tourists also like to wander from village to village to discover their <strong>heritage<\/strong>, their art of living and their terroir. Segr\u00e9, Baug\u00e9, Cholet, Montsoreau, Aubign\u00e9-sur-Layon, Dou\u00e9-en-Anjou are perfect examples. Without forgetting the troglodyte dwellings, very numerous in its villages. <\/p>\n\n\n\n<p class=\"ls-paragraph has-color-white-color has-text-color\">Boat trips on the Loire and its tributaries are worth trying. It is a unique way to appreciate the <strong>wonderful landscapes<\/strong> of the region. Always along the water, you can enjoy the beaches, swimming, <a href=\"https:\/\/www.campingduportcaroline.fr\/en\/campsite-pays-de-la-loire\/fishing-pays-de-la-loire\/\">fishing<\/a>, canoeing, kayaking, stand up paddle, windsurfing, sailing etc. The more sporty ones will still be <a href=\"https:\/\/www.campingduportcaroline.fr\/en\/campsite-pays-de-la-loire\/trails-rando-maine-loire\/\">able to hike<\/a>, <a href=\"https:\/\/www.campingduportcaroline.fr\/en\/campsite-pays-de-la-loire\/campsite-cyclists-brain-sur-authion\/\">bike<\/a> or horseback ride on the banks of the Loire, in the heart of the Anjou countryside or in the Loire-Anjou-Touraine <strong>Regional Nature Park<\/strong>.<\/p>\n<\/div>\n\n\n\n<div class=\"wp-block-column is-vertically-aligned-center image is-layout-flow wp-block-column-is-layout-flow\" style=\"flex-basis:60%\">\n<figure class=\"wp-block-image size-full arrondi-petit animated slideInRight delay-200ms slow\"><a href=\"https:\/\/www.campingduportcaroline.fr\/wp-content\/uploads\/2022\/12\/kayac-a-anjou-val-de-loire.jpg\"><img decoding=\"async\" width=\"790\" height=\"560\" src=\"https:\/\/www.campingduportcaroline.fr\/wp-content\/uploads\/2022\/12\/kayac-a-anjou-val-de-loire.jpg\" alt=\"kayac in anjou val de loire\" class=\"wp-image-1578\" srcset=\"https:\/\/www.campingduportcaroline.fr\/wp-content\/uploads\/2022\/12\/kayac-a-anjou-val-de-loire.jpg 790w, https:\/\/www.campingduportcaroline.fr\/wp-content\/uploads\/2022\/12\/kayac-a-anjou-val-de-loire-300x213.jpg 300w, https:\/\/www.campingduportcaroline.fr\/wp-content\/uploads\/2022\/12\/kayac-a-anjou-val-de-loire-768x544.jpg 768w\" sizes=\"(max-width: 790px) 100vw, 790px\" \/><\/a><\/figure>\n<\/div>\n<\/div>\n\n\n    <\/div>\n<\/section><section id=\"ls-section-block_48366ccef3979ccb33ae4b6638112f6c\" class=\"ls-section  page-one has-p-t p-t-14 has-p-b p-b-14\" >\n        <div class=\"container container--wide\">\n        \n\n<div class=\"wp-block-columns is-layout-flex wp-container-core-columns-is-layout-9d6595d7 wp-block-columns-is-layout-flex\">\n<div class=\"wp-block-column is-layout-flow wp-block-column-is-layout-flow\"><\/div>\n\n\n\n<div class=\"wp-block-column right is-layout-flow wp-block-column-is-layout-flow\">\n<figure class=\"wp-block-image is-resized fleur\"><img decoding=\"async\" src=\"https:\/\/www.campingduportcaroline.fr\/wp-content\/uploads\/2022\/11\/fleur.png\" alt=\"flower\" class=\"wp-image-275\" width=\"256\" height=\"256\" srcset=\"https:\/\/www.campingduportcaroline.fr\/wp-content\/uploads\/2022\/11\/fleur.png 512w, https:\/\/www.campingduportcaroline.fr\/wp-content\/uploads\/2022\/11\/fleur-300x300.png 300w, https:\/\/www.campingduportcaroline.fr\/wp-content\/uploads\/2022\/11\/fleur-150x150.png 150w\" sizes=\"(max-width: 256px) 100vw, 256px\" \/><\/figure>\n<\/div>\n<\/div>\n\n\n\n<div class=\"wp-block-columns is-layout-flex wp-container-core-columns-is-layout-9d6595d7 wp-block-columns-is-layout-flex\">\n<div class=\"wp-block-column is-layout-flow wp-block-column-is-layout-flow\" style=\"flex-basis:60%\">\n<figure class=\"wp-block-image size-full arrondi\"><a href=\"https:\/\/www.campingduportcaroline.fr\/wp-content\/uploads\/2022\/12\/parcs-des-kangourous.jpg\"><img decoding=\"async\" width=\"790\" height=\"560\" src=\"https:\/\/www.campingduportcaroline.fr\/wp-content\/uploads\/2022\/12\/parcs-des-kangourous.jpg\" alt=\"kangaroo parks\" class=\"wp-image-1581\" srcset=\"https:\/\/www.campingduportcaroline.fr\/wp-content\/uploads\/2022\/12\/parcs-des-kangourous.jpg 790w, https:\/\/www.campingduportcaroline.fr\/wp-content\/uploads\/2022\/12\/parcs-des-kangourous-300x213.jpg 300w, https:\/\/www.campingduportcaroline.fr\/wp-content\/uploads\/2022\/12\/parcs-des-kangourous-768x544.jpg 768w\" sizes=\"(max-width: 790px) 100vw, 790px\" \/><\/a><\/figure>\n<\/div>\n\n\n\n<div class=\"wp-block-column is-vertically-aligned-center is-layout-flow wp-block-column-is-layout-flow\" style=\"flex-basis:40%\">\n<h2 class=\"ls-heading wp-block-heading\">Going out in Anjou<\/h2>\n\n\n\n<p class=\"ls-paragraph\">There are also many ideas for outings with family or friends in the Loire Valley. It is here that you will find one of the most beautiful zoos in Europe, <strong>the Biopark<\/strong> of Dou\u00e9-la-Fontaine. <\/p>\n\n\n\n<p class=\"ls-paragraph\">Children will have unusual encounters with animals in this zoo and in <a href=\"https:\/\/www.campingduportcaroline.fr\/en\/campsite-pays-de-la-loire\/parks-country-of-the-loire\/\">animal parks<\/a> like <strong>the Kangaroo Garden<\/strong> in La Possonni\u00e8re and the Natural&#8217;Parc. <\/p>\n\n\n\n<p class=\"ls-paragraph\">In Anjou, you will also have the opportunity to discover an authentic land and multiple skills: charming villages, slate industry.<\/p>\n<\/div>\n<\/div>\n\n\n    <\/div>\n<\/section><section id=\"ls-section-block_206caafe7f36d24203e92a80b595183a\" class=\"ls-section  page-parallax image-right has-background-image has-parallax has-background has-color-white-background-color has-p-t p-t-20 has-p-b p-b-20\" >\n    <div class=\"ls-section__background-image opacity-60\"><img decoding=\"async\" src=\"https:\/\/www.campingduportcaroline.fr\/wp-content\/uploads\/2022\/11\/bois.jpg\" alt=\"bois\"><\/div>    <div class=\"container container--wide\">\n        \n\n<div class=\"wp-block-columns is-layout-flex wp-container-core-columns-is-layout-9d6595d7 wp-block-columns-is-layout-flex\">\n<div class=\"wp-block-column is-vertically-aligned-center text-fond-clair is-layout-flow wp-block-column-is-layout-flow\" style=\"flex-basis:40%\">\n<p class=\"ls-paragraph\">You will learn more by pushing the doors of the workshops of the craftsmen, the weavers, the fields of the wine growers&#8230; <\/p>\n\n\n\n<p class=\"ls-paragraph\">If you want to celebrate, the villages and towns of Anjou offer full agendas: concerts, shows, theaters, sports events, fairs, markets, exhibitions and many other events punctuate the <strong>cultural life of the region.<\/strong> <\/p>\n\n\n\n<p class=\"ls-paragraph\">There are a thousand and one ways to <strong>discover the culture of the region.<\/strong> <\/p>\n\n\n\n<p class=\"ls-paragraph\">For a few years now, catering\/guinguettes have opened on <strong>the banks of the Loire<\/strong> and the banks of Angers.<br\/>Succumb from spring to their program and take advantage of the mildness of Angers to spend a musical evening while tasting regional specialties.<\/p>\n<\/div>\n\n\n\n<div class=\"wp-block-column is-vertically-aligned-center image is-layout-flow wp-block-column-is-layout-flow\" style=\"flex-basis:60%\">\n<figure class=\"wp-block-image size-full arrondi-petit animated slideInRight delay-200ms slow\"><a href=\"https:\/\/www.campingduportcaroline.fr\/wp-content\/uploads\/2022\/12\/concert-spectacles-fetes-proche-du-camping-du-port-caroline.jpg\"><img decoding=\"async\" width=\"790\" height=\"560\" src=\"https:\/\/www.campingduportcaroline.fr\/wp-content\/uploads\/2022\/12\/concert-spectacles-fetes-proche-du-camping-du-port-caroline.jpg\" alt=\"concert shows near the campsite of port caroline\" class=\"wp-image-1585\" srcset=\"https:\/\/www.campingduportcaroline.fr\/wp-content\/uploads\/2022\/12\/concert-spectacles-fetes-proche-du-camping-du-port-caroline.jpg 790w, https:\/\/www.campingduportcaroline.fr\/wp-content\/uploads\/2022\/12\/concert-spectacles-fetes-proche-du-camping-du-port-caroline-300x213.jpg 300w, https:\/\/www.campingduportcaroline.fr\/wp-content\/uploads\/2022\/12\/concert-spectacles-fetes-proche-du-camping-du-port-caroline-768x544.jpg 768w\" sizes=\"(max-width: 790px) 100vw, 790px\" \/><\/a><\/figure>\n<\/div>\n<\/div>\n\n\n    <\/div>\n<\/section><section id=\"ls-section-block_5c8ee5abe0fd7877c36d05b03f0c771a\" class=\"ls-section  page-avis has-background has-color-white-background-color has-p-t p-t-14 has-p-b p-b-0\" >\n        <div class=\"container container--wide\">\n        \n<div class=\"wp-block-image papillon animated fadeIn delay-500ms slow\">\n<figure class=\"alignleft size-full\"><img decoding=\"async\" src=\"https:\/\/www.campingduportcaroline.fr\/wp-content\/uploads\/2022\/11\/camping-du-port-caroline-aquarelle-papillon-&#xA9;Olivier-Loir.png\" alt=\"campsite anjou\" class=\"wp-image-150\"\/><\/figure>\n<\/div>\n\n    <\/div>\n<\/section><section id=\"ls-section-block_92cc0fbd7d33609b21515065700f654d\" class=\"ls-section  has-p-t p-t-14 has-p-b p-b-14\" >\n        <div class=\"container container--wide\">\n        \n\n<div id=\"ls-heading ls-titre-div-block_e5007aa030b0a42ab1352dc13f030ce7\" class=\"ls-titre-div aligncenter h2-like has-p-b p-b-4\" >\n    To discover the surroundings <\/br>of <span>our campsite<\/span><\/div>\n\n\n\n<div id=\"ls-maillage-block_71eeb80d13341e971398bb965ca3b4e5\" class=\"ls-maillage cta-style-normal\" data-rows=\"3\">\n\n    <div class=\"wp-block-columns\"><div class=\"wp-block-column ls-cta\">\n\n<a href=\"https:\/\/www.campingduportcaroline.fr\/en\/campsite-pays-de-la-loire\/campsites-angers\/\" target=\"\" rel=\"noopener\" class=\"ls-cta__link\">\n\n\t<div class=\"ls-cta__image\"><img decoding=\"async\" src=\"https:\/\/www.campingduportcaroline.fr\/wp-content\/uploads\/2022\/12\/chateau-angers-768x544.jpg\" alt=\"chateau angers\"><\/div>\n\t<div class=\"ls-cta__title\">\n\t\tAngers\t<\/div>\n\n\t\t\n<\/a><\/div><div class=\"wp-block-column ls-cta\">\n\n<a href=\"https:\/\/www.campingduportcaroline.fr\/en\/campsite-pays-de-la-loire\/castles-of-the-loire\/\" target=\"\" rel=\"noopener\" class=\"ls-cta__link\">\n\n\t<div class=\"ls-cta__image\"><img decoding=\"async\" src=\"https:\/\/www.campingduportcaroline.fr\/wp-content\/uploads\/2022\/12\/chateau-pays-de-la-loire-768x544.jpg\" alt=\"chateau pays de la loire\"><\/div>\n\t<div class=\"ls-cta__title\">\n\t\tCastle of the Loire\t<\/div>\n\n\t\t\n<\/a><\/div><div class=\"wp-block-column ls-cta\">\n\n<a href=\"https:\/\/www.campingduportcaroline.fr\/en\/campsite-pays-de-la-loire\/campsite-saumur\/\" target=\"\" rel=\"noopener\" class=\"ls-cta__link\">\n\n\t<div class=\"ls-cta__image\"><img decoding=\"async\" src=\"https:\/\/www.campingduportcaroline.fr\/wp-content\/uploads\/2022\/12\/camping-proche-chateau-de-saumur.jpg\" alt=\"camping proche chateau de saumur\"><\/div>\n\t<div class=\"ls-cta__title\">\n\t\tSaumur\t<\/div>\n\n\t\t\n<\/a><\/div><\/div>\n<\/div>\n\n    <\/div>\n<\/section>","protected":false},"excerpt":{"rendered":"","protected":false},"author":1,"featured_media":3327,"parent":3949,"menu_order":0,"comment_status":"closed","ping_status":"closed","template":"","meta":{"_acf_changed":false,"inline_featured_image":false,"footnotes":""},"sujet":[],"class_list":["post-3953","page","type-page","status-publish","has-post-thumbnail","hentry"],"acf":[],"yoast_head":"<!-- This site is optimized with the Yoast SEO plugin v23.4 - https:\/\/yoast.com\/wordpress\/plugins\/seo\/ -->\n<title>Anjou campsite - Holidays, visits, tourism in Anjou, Maine et Loire<\/title>\n<meta name=\"description\" content=\"During your stay in the Port Caroline campsite, you will discover the surroundings of the campsite, especially the city of Anjou. Here we inform you about all possible activities.\" \/>\n<meta name=\"robots\" content=\"index, follow, max-snippet:-1, max-image-preview:large, max-video-preview:-1\" \/>\n<link rel=\"canonical\" href=\"https:\/\/www.campingduportcaroline.fr\/en\/campsite-pays-de-la-loire\/campsite-anjou-val-de-loire\/\" \/>\n<meta property=\"og:locale\" content=\"en_US\" \/>\n<meta property=\"og:type\" content=\"article\" \/>\n<meta property=\"og:title\" content=\"Anjou campsite - Holidays, visits, tourism in Anjou, Maine et Loire\" \/>\n<meta property=\"og:description\" content=\"During your stay in the Port Caroline campsite, you will discover the surroundings of the campsite, especially the city of Anjou. Here we inform you about all possible activities.\" \/>\n<meta property=\"og:url\" content=\"https:\/\/www.campingduportcaroline.fr\/en\/campsite-pays-de-la-loire\/campsite-anjou-val-de-loire\/\" \/>\n<meta property=\"og:site_name\" content=\"Camping du Port Caroline\" \/>\n<meta property=\"article:modified_time\" content=\"2023-02-28T11:26:14+00:00\" \/>\n<meta property=\"og:image\" content=\"https:\/\/www.campingduportcaroline.fr\/wp-content\/uploads\/2022\/12\/anjou-en-maine-et-loire.webp\" \/>\n\t<meta property=\"og:image:width\" content=\"1900\" \/>\n\t<meta property=\"og:image:height\" content=\"696\" \/>\n\t<meta property=\"og:image:type\" content=\"image\/webp\" \/>\n<meta name=\"twitter:card\" content=\"summary_large_image\" \/>\n<meta name=\"twitter:label1\" content=\"Est. reading time\" \/>\n\t<meta name=\"twitter:data1\" content=\"2 minutes\" \/>\n<script type=\"application\/ld+json\" class=\"yoast-schema-graph\">{\"@context\":\"https:\/\/schema.org\",\"@graph\":[{\"@type\":\"WebPage\",\"@id\":\"https:\/\/www.campingduportcaroline.fr\/en\/campsite-pays-de-la-loire\/campsite-anjou-val-de-loire\/\",\"url\":\"https:\/\/www.campingduportcaroline.fr\/en\/campsite-pays-de-la-loire\/campsite-anjou-val-de-loire\/\",\"name\":\"Anjou campsite - Holidays, visits, tourism in Anjou, Maine et Loire\",\"isPartOf\":{\"@id\":\"https:\/\/www.campingduportcaroline.fr\/#website\"},\"primaryImageOfPage\":{\"@id\":\"https:\/\/www.campingduportcaroline.fr\/en\/campsite-pays-de-la-loire\/campsite-anjou-val-de-loire\/#primaryimage\"},\"image\":{\"@id\":\"https:\/\/www.campingduportcaroline.fr\/en\/campsite-pays-de-la-loire\/campsite-anjou-val-de-loire\/#primaryimage\"},\"thumbnailUrl\":\"https:\/\/www.campingduportcaroline.fr\/wp-content\/uploads\/2022\/12\/anjou-en-maine-et-loire.webp\",\"datePublished\":\"2023-02-27T13:51:47+00:00\",\"dateModified\":\"2023-02-28T11:26:14+00:00\",\"description\":\"During your stay in the Port Caroline campsite, you will discover the surroundings of the campsite, especially the city of Anjou. Here we inform you about all possible activities.\",\"breadcrumb\":{\"@id\":\"https:\/\/www.campingduportcaroline.fr\/en\/campsite-pays-de-la-loire\/campsite-anjou-val-de-loire\/#breadcrumb\"},\"inLanguage\":\"en-US\",\"potentialAction\":[{\"@type\":\"ReadAction\",\"target\":[\"https:\/\/www.campingduportcaroline.fr\/en\/campsite-pays-de-la-loire\/campsite-anjou-val-de-loire\/\"]}]},{\"@type\":\"ImageObject\",\"inLanguage\":\"en-US\",\"@id\":\"https:\/\/www.campingduportcaroline.fr\/en\/campsite-pays-de-la-loire\/campsite-anjou-val-de-loire\/#primaryimage\",\"url\":\"https:\/\/www.campingduportcaroline.fr\/wp-content\/uploads\/2022\/12\/anjou-en-maine-et-loire.webp\",\"contentUrl\":\"https:\/\/www.campingduportcaroline.fr\/wp-content\/uploads\/2022\/12\/anjou-en-maine-et-loire.webp\",\"width\":1900,\"height\":696,\"caption\":\"anjou maine et loire\"},{\"@type\":\"BreadcrumbList\",\"@id\":\"https:\/\/www.campingduportcaroline.fr\/en\/campsite-pays-de-la-loire\/campsite-anjou-val-de-loire\/#breadcrumb\",\"itemListElement\":[{\"@type\":\"ListItem\",\"position\":1,\"name\":\"Port Caroline campsite\",\"item\":\"https:\/\/www.campingduportcaroline.fr\/en\/\"},{\"@type\":\"ListItem\",\"position\":2,\"name\":\"Going out in the Loire region\",\"item\":\"https:\/\/www.campingduportcaroline.fr\/en\/campsite-pays-de-la-loire\/\"},{\"@type\":\"ListItem\",\"position\":3,\"name\":\"Visit Anjou, in Maine-et-Loire\"}]},{\"@type\":\"WebSite\",\"@id\":\"https:\/\/www.campingduportcaroline.fr\/#website\",\"url\":\"https:\/\/www.campingduportcaroline.fr\/\",\"name\":\"Camping du Port Caroline\",\"description\":\"\",\"publisher\":{\"@id\":\"https:\/\/www.campingduportcaroline.fr\/#organization\"},\"potentialAction\":[{\"@type\":\"SearchAction\",\"target\":{\"@type\":\"EntryPoint\",\"urlTemplate\":\"https:\/\/www.campingduportcaroline.fr\/?s={search_term_string}\"},\"query-input\":{\"@type\":\"PropertyValueSpecification\",\"valueRequired\":true,\"valueName\":\"search_term_string\"}}],\"inLanguage\":\"en-US\"},{\"@type\":\"Organization\",\"@id\":\"https:\/\/www.campingduportcaroline.fr\/#organization\",\"name\":\"Camping du Port Caroline\",\"url\":\"https:\/\/www.campingduportcaroline.fr\/\",\"logo\":{\"@type\":\"ImageObject\",\"inLanguage\":\"en-US\",\"@id\":\"https:\/\/www.campingduportcaroline.fr\/#\/schema\/logo\/image\/\",\"url\":\"https:\/\/www.campingduportcaroline.fr\/wp-content\/uploads\/2022\/11\/favicon-1.png\",\"contentUrl\":\"https:\/\/www.campingduportcaroline.fr\/wp-content\/uploads\/2022\/11\/favicon-1.png\",\"width\":512,\"height\":512,\"caption\":\"Camping du Port Caroline\"},\"image\":{\"@id\":\"https:\/\/www.campingduportcaroline.fr\/#\/schema\/logo\/image\/\"}}]}<\/script>\n<!-- \/ Yoast SEO plugin. -->","yoast_head_json":{"title":"Anjou campsite - Holidays, visits, tourism in Anjou, Maine et Loire","description":"During your stay in the Port Caroline campsite, you will discover the surroundings of the campsite, especially the city of Anjou. Here we inform you about all possible activities.","robots":{"index":"index","follow":"follow","max-snippet":"max-snippet:-1","max-image-preview":"max-image-preview:large","max-video-preview":"max-video-preview:-1"},"canonical":"https:\/\/www.campingduportcaroline.fr\/en\/campsite-pays-de-la-loire\/campsite-anjou-val-de-loire\/","og_locale":"en_US","og_type":"article","og_title":"Anjou campsite - Holidays, visits, tourism in Anjou, Maine et Loire","og_description":"During your stay in the Port Caroline campsite, you will discover the surroundings of the campsite, especially the city of Anjou. Here we inform you about all possible activities.","og_url":"https:\/\/www.campingduportcaroline.fr\/en\/campsite-pays-de-la-loire\/campsite-anjou-val-de-loire\/","og_site_name":"Camping du Port Caroline","article_modified_time":"2023-02-28T11:26:14+00:00","og_image":[{"width":1900,"height":696,"url":"https:\/\/www.campingduportcaroline.fr\/wp-content\/uploads\/2022\/12\/anjou-en-maine-et-loire.webp","type":"image\/webp"}],"twitter_card":"summary_large_image","twitter_misc":{"Est. reading time":"2 minutes"},"schema":{"@context":"https:\/\/schema.org","@graph":[{"@type":"WebPage","@id":"https:\/\/www.campingduportcaroline.fr\/en\/campsite-pays-de-la-loire\/campsite-anjou-val-de-loire\/","url":"https:\/\/www.campingduportcaroline.fr\/en\/campsite-pays-de-la-loire\/campsite-anjou-val-de-loire\/","name":"Anjou campsite - Holidays, visits, tourism in Anjou, Maine et Loire","isPartOf":{"@id":"https:\/\/www.campingduportcaroline.fr\/#website"},"primaryImageOfPage":{"@id":"https:\/\/www.campingduportcaroline.fr\/en\/campsite-pays-de-la-loire\/campsite-anjou-val-de-loire\/#primaryimage"},"image":{"@id":"https:\/\/www.campingduportcaroline.fr\/en\/campsite-pays-de-la-loire\/campsite-anjou-val-de-loire\/#primaryimage"},"thumbnailUrl":"https:\/\/www.campingduportcaroline.fr\/wp-content\/uploads\/2022\/12\/anjou-en-maine-et-loire.webp","datePublished":"2023-02-27T13:51:47+00:00","dateModified":"2023-02-28T11:26:14+00:00","description":"During your stay in the Port Caroline campsite, you will discover the surroundings of the campsite, especially the city of Anjou. Here we inform you about all possible activities.","breadcrumb":{"@id":"https:\/\/www.campingduportcaroline.fr\/en\/campsite-pays-de-la-loire\/campsite-anjou-val-de-loire\/#breadcrumb"},"inLanguage":"en-US","potentialAction":[{"@type":"ReadAction","target":["https:\/\/www.campingduportcaroline.fr\/en\/campsite-pays-de-la-loire\/campsite-anjou-val-de-loire\/"]}]},{"@type":"ImageObject","inLanguage":"en-US","@id":"https:\/\/www.campingduportcaroline.fr\/en\/campsite-pays-de-la-loire\/campsite-anjou-val-de-loire\/#primaryimage","url":"https:\/\/www.campingduportcaroline.fr\/wp-content\/uploads\/2022\/12\/anjou-en-maine-et-loire.webp","contentUrl":"https:\/\/www.campingduportcaroline.fr\/wp-content\/uploads\/2022\/12\/anjou-en-maine-et-loire.webp","width":1900,"height":696,"caption":"anjou maine et loire"},{"@type":"BreadcrumbList","@id":"https:\/\/www.campingduportcaroline.fr\/en\/campsite-pays-de-la-loire\/campsite-anjou-val-de-loire\/#breadcrumb","itemListElement":[{"@type":"ListItem","position":1,"name":"Port Caroline campsite","item":"https:\/\/www.campingduportcaroline.fr\/en\/"},{"@type":"ListItem","position":2,"name":"Going out in the Loire region","item":"https:\/\/www.campingduportcaroline.fr\/en\/campsite-pays-de-la-loire\/"},{"@type":"ListItem","position":3,"name":"Visit Anjou, in Maine-et-Loire"}]},{"@type":"WebSite","@id":"https:\/\/www.campingduportcaroline.fr\/#website","url":"https:\/\/www.campingduportcaroline.fr\/","name":"Camping du Port Caroline","description":"","publisher":{"@id":"https:\/\/www.campingduportcaroline.fr\/#organization"},"potentialAction":[{"@type":"SearchAction","target":{"@type":"EntryPoint","urlTemplate":"https:\/\/www.campingduportcaroline.fr\/?s={search_term_string}"},"query-input":{"@type":"PropertyValueSpecification","valueRequired":true,"valueName":"search_term_string"}}],"inLanguage":"en-US"},{"@type":"Organization","@id":"https:\/\/www.campingduportcaroline.fr\/#organization","name":"Camping du Port Caroline","url":"https:\/\/www.campingduportcaroline.fr\/","logo":{"@type":"ImageObject","inLanguage":"en-US","@id":"https:\/\/www.campingduportcaroline.fr\/#\/schema\/logo\/image\/","url":"https:\/\/www.campingduportcaroline.fr\/wp-content\/uploads\/2022\/11\/favicon-1.png","contentUrl":"https:\/\/www.campingduportcaroline.fr\/wp-content\/uploads\/2022\/11\/favicon-1.png","width":512,"height":512,"caption":"Camping du Port Caroline"},"image":{"@id":"https:\/\/www.campingduportcaroline.fr\/#\/schema\/logo\/image\/"}}]}},"_links":{"self":[{"href":"https:\/\/www.campingduportcaroline.fr\/en\/wp-json\/wp\/v2\/pages\/3953","targetHints":{"allow":["GET"]}}],"collection":[{"href":"https:\/\/www.campingduportcaroline.fr\/en\/wp-json\/wp\/v2\/pages"}],"about":[{"href":"https:\/\/www.campingduportcaroline.fr\/en\/wp-json\/wp\/v2\/types\/page"}],"author":[{"embeddable":true,"href":"https:\/\/www.campingduportcaroline.fr\/en\/wp-json\/wp\/v2\/users\/1"}],"replies":[{"embeddable":true,"href":"https:\/\/www.campingduportcaroline.fr\/en\/wp-json\/wp\/v2\/comments?post=3953"}],"version-history":[{"count":2,"href":"https:\/\/www.campingduportcaroline.fr\/en\/wp-json\/wp\/v2\/pages\/3953\/revisions"}],"predecessor-version":[{"id":4065,"href":"https:\/\/www.campingduportcaroline.fr\/en\/wp-json\/wp\/v2\/pages\/3953\/revisions\/4065"}],"up":[{"embeddable":true,"href":"https:\/\/www.campingduportcaroline.fr\/en\/wp-json\/wp\/v2\/pages\/3949"}],"wp:featuredmedia":[{"embeddable":true,"href":"https:\/\/www.campingduportcaroline.fr\/en\/wp-json\/wp\/v2\/media\/3327"}],"wp:attachment":[{"href":"https:\/\/www.campingduportcaroline.fr\/en\/wp-json\/wp\/v2\/media?parent=3953"}],"wp:term":[{"taxonomy":"sujet","embeddable":true,"href":"https:\/\/www.campingduportcaroline.fr\/en\/wp-json\/wp\/v2\/sujet?post=3953"}],"curies":[{"name":"wp","href":"https:\/\/api.w.org\/{rel}","templated":true}]}}