{"id":3957,"date":"2023-02-27T15:12:00","date_gmt":"2023-02-27T14:12:00","guid":{"rendered":"https:\/\/www.campingduportcaroline.fr\/campsite-pays-de-la-loire\/parks-country-of-the-loire\/"},"modified":"2023-02-28T12:26:20","modified_gmt":"2023-02-28T11:26:20","slug":"parks-country-of-the-loire","status":"publish","type":"page","link":"https:\/\/www.campingduportcaroline.fr\/en\/campsite-pays-de-la-loire\/parks-country-of-the-loire\/","title":{"rendered":"Theme park"},"content":{"rendered":"<section id=\"ls-section-block_ab2f6d862a87cbe312289a878d7ae3eb\" class=\"ls-section  page-entete\" >\n        <div class=\"container \">\n        \n\n<h1 class=\"ls__heading has-text-align-center animated fadeInUp delay-200ms slow wp-block-heading\">To get some fresh air and relax with your family, head for the theme parks!<\/h1>\n\n\n    <\/div>\n<\/section><section id=\"ls-section-block_6c8b137c2492bb4175dceeab3a663124\" class=\"ls-section  page-one has-p-b p-b-14\" >\n        <div class=\"container container--wide\">\n        \n\n<div class=\"wp-block-columns is-layout-flex wp-container-core-columns-is-layout-9d6595d7 wp-block-columns-is-layout-flex\">\n<div class=\"wp-block-column is-layout-flow wp-block-column-is-layout-flow\" style=\"flex-basis:60%\">\n<figure class=\"wp-block-image size-full arrondi\"><a href=\"https:\/\/www.campingduportcaroline.fr\/wp-content\/uploads\/2023\/02\/credit-Photo-Bertrand-BECHARD-TERRA-BOTANICA-2-.webp\"><img decoding=\"async\" width=\"901\" height=\"600\" src=\"https:\/\/www.campingduportcaroline.fr\/wp-content\/uploads\/2023\/02\/credit-Photo-Bertrand-BECHARD-TERRA-BOTANICA-2-.webp\" alt=\"terra botanica\" class=\"wp-image-3675\" srcset=\"https:\/\/www.campingduportcaroline.fr\/wp-content\/uploads\/2023\/02\/credit-Photo-Bertrand-BECHARD-TERRA-BOTANICA-2-.webp 901w, https:\/\/www.campingduportcaroline.fr\/wp-content\/uploads\/2023\/02\/credit-Photo-Bertrand-BECHARD-TERRA-BOTANICA-2--300x200.webp 300w, https:\/\/www.campingduportcaroline.fr\/wp-content\/uploads\/2023\/02\/credit-Photo-Bertrand-BECHARD-TERRA-BOTANICA-2--768x511.webp 768w\" sizes=\"(max-width: 901px) 100vw, 901px\" \/><\/a><figcaption class=\"wp-element-caption\">\u00a9 Bertrand BECHARD<\/figcaption><\/figure>\n<\/div>\n\n\n\n<div class=\"wp-block-column is-vertically-aligned-center is-layout-flow wp-block-column-is-layout-flow\" style=\"flex-basis:40%\">\n<h2 class=\"ls-heading wp-block-heading\">Terra Botanica<\/h2>\n\n\n\n<p class=\"ls-paragraph\">Voted <strong>10th favorite theme park by the French<\/strong> (source: Trip Advisor); supported by the region, this park invites you to discover the world of plants and biodiversity.<\/p>\n\n\n\n<p class=\"ls-paragraph\">Within the first park dedicated to plants in Europe, <strong>more than 275,000 plants<\/strong> from all continents are here to tell you about their fabulous odyssey.<\/p>\n\n\n\n<p class=\"ls-paragraph\">3D movies, treetop walks, suspended trampolines and nets in the trees.<\/p>\n\n\n\n<p class=\"ls-paragraph arrondi\"><a href=\"https:\/\/www.terrabotanica.fr\/\" target=\"_blank\" rel=\"noreferrer noopener nofollow\">Terra Botanica<\/a>, a theme park resolutely natural that evolves and grows over the years &#8230; each season the park offers new features, since 2022 nocturnes in July and August &#8220;Terra Nocta&#8221; and the Canopy of birds in 2023. A great discovery for <strong>nature lovers<\/strong> and theme park enthusiasts alike. A great idea for an intergenerational outing. It is a fabulous <strong>playground for the whole family.<\/strong><\/p>\n<\/div>\n<\/div>\n\n\n    <\/div>\n<\/section><section id=\"ls-section-block_e4a0827bef52439e4d09734ea578ab44\" class=\"ls-section  page-parallax image-right has-parallax has-background has-color-7-background-color has-p-t p-t-20 has-p-b p-b-20\" >\n        <div class=\"container container--wide\">\n        \n\n<div class=\"wp-block-columns is-layout-flex wp-container-core-columns-is-layout-9d6595d7 wp-block-columns-is-layout-flex\">\n<div class=\"wp-block-column is-vertically-aligned-center text-fond-noir is-layout-flow wp-block-column-is-layout-flow\" style=\"flex-basis:40%\">\n<h2 class=\"ls__heading has-color-white-color has-text-color wp-block-heading\">Biopark<\/h2>\n\n\n\n<p class=\"ls-paragraph has-color-white-color has-text-color\"><strong>The only troglo zoo<\/strong> in the world, <a href=\"https:\/\/www.bioparc-zoo.fr\/\" target=\"_blank\" rel=\"noreferrer noopener nofollow\">the Bioparc<\/a> houses <strong>more than 1700 animals<\/strong> in 14 hectares of their original environment in Dou\u00e9 en Anjou.<\/p>\n\n\n\n<p class=\"ls-paragraph has-color-white-color has-text-color\">Raised and pampered for their protection, true ambassadors of their wild cousins, they question their threatened environment and the solutions implemented here, with success around the globe.<\/p>\n\n\n\n<p class=\"ls-paragraph has-color-white-color has-text-color\">Our favorite: <strong>the largest South American aviary in Europe<\/strong> with 35 species of multicolored birds.<\/p>\n\n\n\n<p class=\"ls-paragraph has-color-white-color has-text-color\">An <strong>unmissable stopover in Anjou<\/strong>, this zoo is also remarkable for the beauty of its site, dug in the rock the enclosures welcome giraffes, fawns and other animals in a majestic setting.<\/p>\n<\/div>\n\n\n\n<div class=\"wp-block-column is-vertically-aligned-center image is-layout-flow wp-block-column-is-layout-flow\" style=\"flex-basis:60%\">\n<figure class=\"wp-block-image size-full arrondi\"><a href=\"https:\/\/www.campingduportcaroline.fr\/wp-content\/uploads\/2023\/02\/credit-photo-Chistophe-MARTIN-BIO-PARC-DOUE-LA-FONTAINE.webp\"><img decoding=\"async\" width=\"901\" height=\"600\" src=\"https:\/\/www.campingduportcaroline.fr\/wp-content\/uploads\/2023\/02\/credit-photo-Chistophe-MARTIN-BIO-PARC-DOUE-LA-FONTAINE.webp\" alt=\"biopark doue la fontaine\" class=\"wp-image-3684\" srcset=\"https:\/\/www.campingduportcaroline.fr\/wp-content\/uploads\/2023\/02\/credit-photo-Chistophe-MARTIN-BIO-PARC-DOUE-LA-FONTAINE.webp 901w, https:\/\/www.campingduportcaroline.fr\/wp-content\/uploads\/2023\/02\/credit-photo-Chistophe-MARTIN-BIO-PARC-DOUE-LA-FONTAINE-300x200.webp 300w, https:\/\/www.campingduportcaroline.fr\/wp-content\/uploads\/2023\/02\/credit-photo-Chistophe-MARTIN-BIO-PARC-DOUE-LA-FONTAINE-768x511.webp 768w\" sizes=\"(max-width: 901px) 100vw, 901px\" \/><\/a><figcaption class=\"wp-element-caption\">\u00a9 Chistophe MARTIN<\/figcaption><\/figure>\n<\/div>\n<\/div>\n\n\n    <\/div>\n<\/section><section id=\"ls-section-block_3543931dd9645bac3cb7655d833c2e7b\" class=\"ls-section  page-one has-p-t p-t-14 has-p-b p-b-0\" >\n        <div class=\"container container--wide\">\n        \n\n<div class=\"wp-block-columns is-layout-flex wp-container-core-columns-is-layout-9d6595d7 wp-block-columns-is-layout-flex\">\n<div class=\"wp-block-column is-layout-flow wp-block-column-is-layout-flow\"><\/div>\n\n\n\n<div class=\"wp-block-column right is-layout-flow wp-block-column-is-layout-flow\">\n<figure class=\"wp-block-image is-resized fleur\"><img decoding=\"async\" src=\"https:\/\/www.campingduportcaroline.fr\/wp-content\/uploads\/2022\/11\/fleur.png\" alt=\"flower\" class=\"wp-image-275\" width=\"256\" height=\"256\" srcset=\"https:\/\/www.campingduportcaroline.fr\/wp-content\/uploads\/2022\/11\/fleur.png 512w, https:\/\/www.campingduportcaroline.fr\/wp-content\/uploads\/2022\/11\/fleur-300x300.png 300w, https:\/\/www.campingduportcaroline.fr\/wp-content\/uploads\/2022\/11\/fleur-150x150.png 150w\" sizes=\"(max-width: 256px) 100vw, 256px\" \/><\/figure>\n<\/div>\n<\/div>\n\n\n\n<div class=\"wp-block-columns is-layout-flex wp-container-core-columns-is-layout-9d6595d7 wp-block-columns-is-layout-flex\">\n<div class=\"wp-block-column is-layout-flow wp-block-column-is-layout-flow\" style=\"flex-basis:60%\">\n<figure class=\"wp-block-image size-full arrondi\"><a href=\"https:\/\/www.campingduportcaroline.fr\/wp-content\/uploads\/2023\/02\/Parc_oriental_de_Maulevrier-cSebastien_GAUDARD-AnjouTourisme.webp\"><img decoding=\"async\" width=\"901\" height=\"600\" src=\"https:\/\/www.campingduportcaroline.fr\/wp-content\/uploads\/2023\/02\/Parc_oriental_de_Maulevrier-cSebastien_GAUDARD-AnjouTourisme.webp\" alt=\"oriental park of maulevrier\" class=\"wp-image-3805\" srcset=\"https:\/\/www.campingduportcaroline.fr\/wp-content\/uploads\/2023\/02\/Parc_oriental_de_Maulevrier-cSebastien_GAUDARD-AnjouTourisme.webp 901w, https:\/\/www.campingduportcaroline.fr\/wp-content\/uploads\/2023\/02\/Parc_oriental_de_Maulevrier-cSebastien_GAUDARD-AnjouTourisme-300x200.webp 300w, https:\/\/www.campingduportcaroline.fr\/wp-content\/uploads\/2023\/02\/Parc_oriental_de_Maulevrier-cSebastien_GAUDARD-AnjouTourisme-768x511.webp 768w\" sizes=\"(max-width: 901px) 100vw, 901px\" \/><\/a><figcaption class=\"wp-element-caption\">\u00a9 S\u00e9bastien GAUDARD<\/figcaption><\/figure>\n<\/div>\n\n\n\n<div class=\"wp-block-column is-vertically-aligned-center is-layout-flow wp-block-column-is-layout-flow\" style=\"flex-basis:40%\">\n<h2 class=\"ls-heading wp-block-heading\">Oriental Park of Maul\u00e9vrier<\/h2>\n\n\n\n<p class=\"ls-paragraph\">This unique park in Europe allows you to immerse yourself in the land of the rising sun.<\/p>\n\n\n\n<p class=\"ls-paragraph\">Created between 1899 and 1913, <a href=\"https:\/\/www.parc-oriental.com\/\" target=\"_blank\" rel=\"noreferrer noopener nofollow\">the oriental park of Maul\u00e9vrier<\/a> has become the largest Japanese garden in Europe. It will enchant you in all seasons with its colors, shapes and water games.<\/p>\n\n\n\n<p class=\"ls-paragraph\">A nice family outing to discover traditions from elsewhere.<br\/>A beautiful discovery for children who marvel at its landscapes and sculpted trees.<\/p>\n\n\n\n<p class=\"ls-paragraph\">From May to September, discover the night walk and its &#8220;Japanese tales&#8221;, in addition to the day visit (in May and July the night walks start at 9:45 pm).<\/p>\n<\/div>\n<\/div>\n\n\n    <\/div>\n<\/section><section id=\"ls-section-block_134de79250cd3cdf5c7d9667e7253659\" class=\"ls-section  has-p-t p-t-14 has-p-b p-b-14\" >\n        <div class=\"container container--wide\">\n        \n\n<div id=\"ls-heading ls-titre-div-block_2de80205c342b346b4c30fdd619802df\" class=\"ls-titre-div aligncenter h2-like has-p-b p-b-4\" >\n    Discover the activities <\/br><span>of the region<\/span><\/div>\n\n\n\n<div id=\"ls-maillage-block_d9a608bc96a8b34875098e532c58e94f\" class=\"ls-maillage cta-style-normal\" data-rows=\"3\">\n\n    <div class=\"wp-block-columns\"><div class=\"wp-block-column ls-cta\">\n\n<a href=\"https:\/\/www.campingduportcaroline.fr\/en\/campsite-pays-de-la-loire\/fishing-pays-de-la-loire\/\" target=\"\" rel=\"noopener\" class=\"ls-cta__link\">\n\n\t<div class=\"ls-cta__image\"><img decoding=\"async\" src=\"https:\/\/www.campingduportcaroline.fr\/wp-content\/uploads\/2022\/12\/peche-en-riviere-proche-du-camping-port-caroline-768x544.jpg\" alt=\"peche en riviere proche du camping port caroline\"><\/div>\n\t<div class=\"ls-cta__title\">\n\t\tFishing on the banks of the Loire\t<\/div>\n\n\t\t\n<\/a><\/div><div class=\"wp-block-column ls-cta\">\n\n<a href=\"https:\/\/www.campingduportcaroline.fr\/en\/campsite-pays-de-la-loire\/trails-rando-maine-loire\/\" target=\"\" rel=\"noopener\" class=\"ls-cta__link\">\n\n\t<div class=\"ls-cta__image\"><img decoding=\"async\" src=\"https:\/\/www.campingduportcaroline.fr\/wp-content\/uploads\/2022\/12\/randonnee-port-caroline-loire.jpg\" alt=\"randonn\u00e9 port caroline loire\"><\/div>\n\t<div class=\"ls-cta__title\">\n\t\tWalking tour\t<\/div>\n\n\t\t\n<\/a><\/div><div class=\"wp-block-column ls-cta\">\n\n<a href=\"https:\/\/www.campingduportcaroline.fr\/en\/campsite-pays-de-la-loire\/campsite-cyclists-brain-sur-authion\/\" target=\"\" rel=\"noopener\" class=\"ls-cta__link\">\n\n\t<div class=\"ls-cta__image\"><img decoding=\"async\" src=\"https:\/\/www.campingduportcaroline.fr\/wp-content\/uploads\/2022\/12\/randonnee-familiale-a-velo-port-caroline.jpg\" alt=\"randonnee familial port caroline\"><\/div>\n\t<div class=\"ls-cta__title\">\n\t\tRandonn\u00e9e \u00e0 v\u00e9lo\t<\/div>\n\n\t\t\n<\/a><\/div><\/div>\n<\/div>\n\n    <\/div>\n<\/section>","protected":false},"excerpt":{"rendered":"","protected":false},"author":1,"featured_media":3834,"parent":3949,"menu_order":0,"comment_status":"closed","ping_status":"closed","template":"","meta":{"_acf_changed":false,"inline_featured_image":false,"footnotes":""},"sujet":[],"class_list":["post-3957","page","type-page","status-publish","has-post-thumbnail","hentry"],"acf":[],"yoast_head":"<!-- This site is optimized with the Yoast SEO plugin v23.4 - https:\/\/yoast.com\/wordpress\/plugins\/seo\/ -->\n<title>Parks Pays de la Loire | Visit the parks of Maine and Loire<\/title>\n<meta name=\"robots\" content=\"index, follow, max-snippet:-1, max-image-preview:large, max-video-preview:-1\" \/>\n<link rel=\"canonical\" href=\"https:\/\/www.campingduportcaroline.fr\/en\/campsite-pays-de-la-loire\/parks-country-of-the-loire\/\" \/>\n<meta property=\"og:locale\" content=\"en_US\" \/>\n<meta property=\"og:type\" content=\"article\" \/>\n<meta property=\"og:title\" content=\"Parks Pays de la Loire | Visit the parks of Maine and Loire\" \/>\n<meta property=\"og:url\" content=\"https:\/\/www.campingduportcaroline.fr\/en\/campsite-pays-de-la-loire\/parks-country-of-the-loire\/\" \/>\n<meta property=\"og:site_name\" content=\"Camping du Port Caroline\" \/>\n<meta property=\"article:modified_time\" content=\"2023-02-28T11:26:20+00:00\" \/>\n<meta property=\"og:image\" content=\"https:\/\/www.campingduportcaroline.fr\/wp-content\/uploads\/2023\/02\/Parc_Oriental_de_Maulevrier-cMathieu_GENON.webp\" \/>\n\t<meta property=\"og:image:width\" content=\"2000\" \/>\n\t<meta property=\"og:image:height\" content=\"1125\" \/>\n\t<meta property=\"og:image:type\" content=\"image\/webp\" \/>\n<meta name=\"twitter:card\" content=\"summary_large_image\" \/>\n<meta name=\"twitter:label1\" content=\"Est. reading time\" \/>\n\t<meta name=\"twitter:data1\" content=\"2 minutes\" \/>\n<script type=\"application\/ld+json\" class=\"yoast-schema-graph\">{\"@context\":\"https:\/\/schema.org\",\"@graph\":[{\"@type\":\"WebPage\",\"@id\":\"https:\/\/www.campingduportcaroline.fr\/en\/campsite-pays-de-la-loire\/parks-country-of-the-loire\/\",\"url\":\"https:\/\/www.campingduportcaroline.fr\/en\/campsite-pays-de-la-loire\/parks-country-of-the-loire\/\",\"name\":\"Parks Pays de la Loire | Visit the parks of Maine and Loire\",\"isPartOf\":{\"@id\":\"https:\/\/www.campingduportcaroline.fr\/#website\"},\"primaryImageOfPage\":{\"@id\":\"https:\/\/www.campingduportcaroline.fr\/en\/campsite-pays-de-la-loire\/parks-country-of-the-loire\/#primaryimage\"},\"image\":{\"@id\":\"https:\/\/www.campingduportcaroline.fr\/en\/campsite-pays-de-la-loire\/parks-country-of-the-loire\/#primaryimage\"},\"thumbnailUrl\":\"https:\/\/www.campingduportcaroline.fr\/wp-content\/uploads\/2023\/02\/Parc_Oriental_de_Maulevrier-cMathieu_GENON.webp\",\"datePublished\":\"2023-02-27T14:12:00+00:00\",\"dateModified\":\"2023-02-28T11:26:20+00:00\",\"breadcrumb\":{\"@id\":\"https:\/\/www.campingduportcaroline.fr\/en\/campsite-pays-de-la-loire\/parks-country-of-the-loire\/#breadcrumb\"},\"inLanguage\":\"en-US\",\"potentialAction\":[{\"@type\":\"ReadAction\",\"target\":[\"https:\/\/www.campingduportcaroline.fr\/en\/campsite-pays-de-la-loire\/parks-country-of-the-loire\/\"]}]},{\"@type\":\"ImageObject\",\"inLanguage\":\"en-US\",\"@id\":\"https:\/\/www.campingduportcaroline.fr\/en\/campsite-pays-de-la-loire\/parks-country-of-the-loire\/#primaryimage\",\"url\":\"https:\/\/www.campingduportcaroline.fr\/wp-content\/uploads\/2023\/02\/Parc_Oriental_de_Maulevrier-cMathieu_GENON.webp\",\"contentUrl\":\"https:\/\/www.campingduportcaroline.fr\/wp-content\/uploads\/2023\/02\/Parc_Oriental_de_Maulevrier-cMathieu_GENON.webp\",\"width\":2000,\"height\":1125,\"caption\":\"Mathieu_GENON\"},{\"@type\":\"BreadcrumbList\",\"@id\":\"https:\/\/www.campingduportcaroline.fr\/en\/campsite-pays-de-la-loire\/parks-country-of-the-loire\/#breadcrumb\",\"itemListElement\":[{\"@type\":\"ListItem\",\"position\":1,\"name\":\"Port Caroline campsite\",\"item\":\"https:\/\/www.campingduportcaroline.fr\/en\/\"},{\"@type\":\"ListItem\",\"position\":2,\"name\":\"Going out in the Loire region\",\"item\":\"https:\/\/www.campingduportcaroline.fr\/en\/campsite-pays-de-la-loire\/\"},{\"@type\":\"ListItem\",\"position\":3,\"name\":\"Theme parks in Pays de la Loire\"}]},{\"@type\":\"WebSite\",\"@id\":\"https:\/\/www.campingduportcaroline.fr\/#website\",\"url\":\"https:\/\/www.campingduportcaroline.fr\/\",\"name\":\"Camping du Port Caroline\",\"description\":\"\",\"publisher\":{\"@id\":\"https:\/\/www.campingduportcaroline.fr\/#organization\"},\"potentialAction\":[{\"@type\":\"SearchAction\",\"target\":{\"@type\":\"EntryPoint\",\"urlTemplate\":\"https:\/\/www.campingduportcaroline.fr\/?s={search_term_string}\"},\"query-input\":{\"@type\":\"PropertyValueSpecification\",\"valueRequired\":true,\"valueName\":\"search_term_string\"}}],\"inLanguage\":\"en-US\"},{\"@type\":\"Organization\",\"@id\":\"https:\/\/www.campingduportcaroline.fr\/#organization\",\"name\":\"Camping du Port Caroline\",\"url\":\"https:\/\/www.campingduportcaroline.fr\/\",\"logo\":{\"@type\":\"ImageObject\",\"inLanguage\":\"en-US\",\"@id\":\"https:\/\/www.campingduportcaroline.fr\/#\/schema\/logo\/image\/\",\"url\":\"https:\/\/www.campingduportcaroline.fr\/wp-content\/uploads\/2022\/11\/favicon-1.png\",\"contentUrl\":\"https:\/\/www.campingduportcaroline.fr\/wp-content\/uploads\/2022\/11\/favicon-1.png\",\"width\":512,\"height\":512,\"caption\":\"Camping du Port Caroline\"},\"image\":{\"@id\":\"https:\/\/www.campingduportcaroline.fr\/#\/schema\/logo\/image\/\"}}]}<\/script>\n<!-- \/ Yoast SEO plugin. -->","yoast_head_json":{"title":"Parks Pays de la Loire | Visit the parks of Maine and Loire","robots":{"index":"index","follow":"follow","max-snippet":"max-snippet:-1","max-image-preview":"max-image-preview:large","max-video-preview":"max-video-preview:-1"},"canonical":"https:\/\/www.campingduportcaroline.fr\/en\/campsite-pays-de-la-loire\/parks-country-of-the-loire\/","og_locale":"en_US","og_type":"article","og_title":"Parks Pays de la Loire | Visit the parks of Maine and Loire","og_url":"https:\/\/www.campingduportcaroline.fr\/en\/campsite-pays-de-la-loire\/parks-country-of-the-loire\/","og_site_name":"Camping du Port Caroline","article_modified_time":"2023-02-28T11:26:20+00:00","og_image":[{"width":2000,"height":1125,"url":"https:\/\/www.campingduportcaroline.fr\/wp-content\/uploads\/2023\/02\/Parc_Oriental_de_Maulevrier-cMathieu_GENON.webp","type":"image\/webp"}],"twitter_card":"summary_large_image","twitter_misc":{"Est. reading time":"2 minutes"},"schema":{"@context":"https:\/\/schema.org","@graph":[{"@type":"WebPage","@id":"https:\/\/www.campingduportcaroline.fr\/en\/campsite-pays-de-la-loire\/parks-country-of-the-loire\/","url":"https:\/\/www.campingduportcaroline.fr\/en\/campsite-pays-de-la-loire\/parks-country-of-the-loire\/","name":"Parks Pays de la Loire | Visit the parks of Maine and Loire","isPartOf":{"@id":"https:\/\/www.campingduportcaroline.fr\/#website"},"primaryImageOfPage":{"@id":"https:\/\/www.campingduportcaroline.fr\/en\/campsite-pays-de-la-loire\/parks-country-of-the-loire\/#primaryimage"},"image":{"@id":"https:\/\/www.campingduportcaroline.fr\/en\/campsite-pays-de-la-loire\/parks-country-of-the-loire\/#primaryimage"},"thumbnailUrl":"https:\/\/www.campingduportcaroline.fr\/wp-content\/uploads\/2023\/02\/Parc_Oriental_de_Maulevrier-cMathieu_GENON.webp","datePublished":"2023-02-27T14:12:00+00:00","dateModified":"2023-02-28T11:26:20+00:00","breadcrumb":{"@id":"https:\/\/www.campingduportcaroline.fr\/en\/campsite-pays-de-la-loire\/parks-country-of-the-loire\/#breadcrumb"},"inLanguage":"en-US","potentialAction":[{"@type":"ReadAction","target":["https:\/\/www.campingduportcaroline.fr\/en\/campsite-pays-de-la-loire\/parks-country-of-the-loire\/"]}]},{"@type":"ImageObject","inLanguage":"en-US","@id":"https:\/\/www.campingduportcaroline.fr\/en\/campsite-pays-de-la-loire\/parks-country-of-the-loire\/#primaryimage","url":"https:\/\/www.campingduportcaroline.fr\/wp-content\/uploads\/2023\/02\/Parc_Oriental_de_Maulevrier-cMathieu_GENON.webp","contentUrl":"https:\/\/www.campingduportcaroline.fr\/wp-content\/uploads\/2023\/02\/Parc_Oriental_de_Maulevrier-cMathieu_GENON.webp","width":2000,"height":1125,"caption":"Mathieu_GENON"},{"@type":"BreadcrumbList","@id":"https:\/\/www.campingduportcaroline.fr\/en\/campsite-pays-de-la-loire\/parks-country-of-the-loire\/#breadcrumb","itemListElement":[{"@type":"ListItem","position":1,"name":"Port Caroline campsite","item":"https:\/\/www.campingduportcaroline.fr\/en\/"},{"@type":"ListItem","position":2,"name":"Going out in the Loire region","item":"https:\/\/www.campingduportcaroline.fr\/en\/campsite-pays-de-la-loire\/"},{"@type":"ListItem","position":3,"name":"Theme parks in Pays de la Loire"}]},{"@type":"WebSite","@id":"https:\/\/www.campingduportcaroline.fr\/#website","url":"https:\/\/www.campingduportcaroline.fr\/","name":"Camping du Port Caroline","description":"","publisher":{"@id":"https:\/\/www.campingduportcaroline.fr\/#organization"},"potentialAction":[{"@type":"SearchAction","target":{"@type":"EntryPoint","urlTemplate":"https:\/\/www.campingduportcaroline.fr\/?s={search_term_string}"},"query-input":{"@type":"PropertyValueSpecification","valueRequired":true,"valueName":"search_term_string"}}],"inLanguage":"en-US"},{"@type":"Organization","@id":"https:\/\/www.campingduportcaroline.fr\/#organization","name":"Camping du Port Caroline","url":"https:\/\/www.campingduportcaroline.fr\/","logo":{"@type":"ImageObject","inLanguage":"en-US","@id":"https:\/\/www.campingduportcaroline.fr\/#\/schema\/logo\/image\/","url":"https:\/\/www.campingduportcaroline.fr\/wp-content\/uploads\/2022\/11\/favicon-1.png","contentUrl":"https:\/\/www.campingduportcaroline.fr\/wp-content\/uploads\/2022\/11\/favicon-1.png","width":512,"height":512,"caption":"Camping du Port Caroline"},"image":{"@id":"https:\/\/www.campingduportcaroline.fr\/#\/schema\/logo\/image\/"}}]}},"_links":{"self":[{"href":"https:\/\/www.campingduportcaroline.fr\/en\/wp-json\/wp\/v2\/pages\/3957","targetHints":{"allow":["GET"]}}],"collection":[{"href":"https:\/\/www.campingduportcaroline.fr\/en\/wp-json\/wp\/v2\/pages"}],"about":[{"href":"https:\/\/www.campingduportcaroline.fr\/en\/wp-json\/wp\/v2\/types\/page"}],"author":[{"embeddable":true,"href":"https:\/\/www.campingduportcaroline.fr\/en\/wp-json\/wp\/v2\/users\/1"}],"replies":[{"embeddable":true,"href":"https:\/\/www.campingduportcaroline.fr\/en\/wp-json\/wp\/v2\/comments?post=3957"}],"version-history":[{"count":2,"href":"https:\/\/www.campingduportcaroline.fr\/en\/wp-json\/wp\/v2\/pages\/3957\/revisions"}],"predecessor-version":[{"id":4066,"href":"https:\/\/www.campingduportcaroline.fr\/en\/wp-json\/wp\/v2\/pages\/3957\/revisions\/4066"}],"up":[{"embeddable":true,"href":"https:\/\/www.campingduportcaroline.fr\/en\/wp-json\/wp\/v2\/pages\/3949"}],"wp:featuredmedia":[{"embeddable":true,"href":"https:\/\/www.campingduportcaroline.fr\/en\/wp-json\/wp\/v2\/media\/3834"}],"wp:attachment":[{"href":"https:\/\/www.campingduportcaroline.fr\/en\/wp-json\/wp\/v2\/media?parent=3957"}],"wp:term":[{"taxonomy":"sujet","embeddable":true,"href":"https:\/\/www.campingduportcaroline.fr\/en\/wp-json\/wp\/v2\/sujet?post=3957"}],"curies":[{"name":"wp","href":"https:\/\/api.w.org\/{rel}","templated":true}]}}