{"id":3959,"date":"2023-02-27T15:17:42","date_gmt":"2023-02-27T14:17:42","guid":{"rendered":"https:\/\/www.campingduportcaroline.fr\/campsite-pays-de-la-loire\/fishing-pays-de-la-loire\/"},"modified":"2023-02-28T12:26:09","modified_gmt":"2023-02-28T11:26:09","slug":"fishing-pays-de-la-loire","status":"publish","type":"page","link":"https:\/\/www.campingduportcaroline.fr\/en\/campsite-pays-de-la-loire\/fishing-pays-de-la-loire\/","title":{"rendered":"Fishing on the banks of the Loire"},"content":{"rendered":"<section id=\"ls-section-block_b40d3ab9ec890a80aaf120b4e51481e5\" class=\"ls-section  page-entete\" >\n        <div class=\"container \">\n        \n\n<h1 class=\"ls__heading has-text-align-center animated fadeInUp delay-200ms slow wp-block-heading\">Fishing in Pays de la Loire<\/h1>\n\n\n    <\/div>\n<\/section><section id=\"ls-section-block_05b103cf9748850df25af76ccb686015\" class=\"ls-section  page-one has-p-b p-b-14\" >\n        <div class=\"container container--wide\">\n        \n\n<div class=\"wp-block-columns is-layout-flex wp-container-core-columns-is-layout-9d6595d7 wp-block-columns-is-layout-flex\">\n<div class=\"wp-block-column is-layout-flow wp-block-column-is-layout-flow\" style=\"flex-basis:60%\">\n<figure class=\"wp-block-image size-full arrondi\"><a href=\"https:\/\/www.campingduportcaroline.fr\/wp-content\/uploads\/2022\/12\/riviere-peche.jpg\"><img decoding=\"async\" width=\"790\" height=\"560\" src=\"https:\/\/www.campingduportcaroline.fr\/wp-content\/uploads\/2022\/12\/riviere-peche.jpg\" alt=\"river fishing\" class=\"wp-image-1476\" srcset=\"https:\/\/www.campingduportcaroline.fr\/wp-content\/uploads\/2022\/12\/riviere-peche.jpg 790w, https:\/\/www.campingduportcaroline.fr\/wp-content\/uploads\/2022\/12\/riviere-peche-300x213.jpg 300w, https:\/\/www.campingduportcaroline.fr\/wp-content\/uploads\/2022\/12\/riviere-peche-768x544.jpg 768w\" sizes=\"(max-width: 790px) 100vw, 790px\" \/><\/a><\/figure>\n<\/div>\n\n\n\n<div class=\"wp-block-column is-vertically-aligned-center is-layout-flow wp-block-column-is-layout-flow\" style=\"flex-basis:40%\">\n<h2 class=\"ls-heading wp-block-heading\">Campsite located on the edge of the Loire<\/h2>\n\n\n\n<p class=\"ls-paragraph\">Our campsite on the banks of the Loire is <strong>an ideal campsite for fishermen<\/strong> if you dream of a stay or a vacation dedicated to fishing. Your vacation spot will be a true paradise to indulge your passion. It enjoys an <strong>idyllic location<\/strong> just a few steps from the river for free fishing activities. <\/p>\n\n\n\n<p class=\"ls-paragraph\">Thanks to this advantageous location, you will be able to rent a mobile home, a chalet, a canvas bungalow or an unusual rental near the best fishing spots in Anjou. It is possible to practice angling or spearfishing or to use other fishing techniques over longer or shorter distances depending on your habits. The fishing areas are adapted to different techniques.<\/p>\n<\/div>\n<\/div>\n\n\n    <\/div>\n<\/section><section id=\"ls-section-block_5cfbb7c8c72886f803fbe17cf6149081\" class=\"ls-section  page-parallax image-right has-parallax has-background has-color-7-background-color has-p-t p-t-20 has-p-b p-b-20\" >\n        <div class=\"container container--wide\">\n        \n\n<div class=\"wp-block-columns is-layout-flex wp-container-core-columns-is-layout-9d6595d7 wp-block-columns-is-layout-flex\">\n<div class=\"wp-block-column is-vertically-aligned-center text-fond-noir is-layout-flow wp-block-column-is-layout-flow\" style=\"flex-basis:40%\">\n<p class=\"ls-paragraph has-color-white-color has-text-color\">Throughout your stay, you are free to try out these authorized fishing spots according to the seasons. Especially since the Loire is a river full of trout, carp, pike and carnivorous fish. Camping on the banks of the Loire River also means taking advantage of the beaches and other <strong>aquatic activities<\/strong>. While fishing enthusiasts focus on the fishy river, others will relax on the shady banks. Your special fishing stay in our campsite on the river in Anjou promises to be unforgettable.<\/p>\n<\/div>\n\n\n\n<div class=\"wp-block-column is-vertically-aligned-center image is-layout-flow wp-block-column-is-layout-flow\" style=\"flex-basis:60%\">\n<figure class=\"wp-block-image size-full arrondi-petit animated slideInRight delay-200ms slow\"><a href=\"https:\/\/www.campingduportcaroline.fr\/wp-content\/uploads\/2022\/12\/riviere-proche-camping.jpg\"><img decoding=\"async\" width=\"790\" height=\"560\" src=\"https:\/\/www.campingduportcaroline.fr\/wp-content\/uploads\/2022\/12\/riviere-proche-camping.jpg\" alt=\"river near campsite\" class=\"wp-image-1343\" srcset=\"https:\/\/www.campingduportcaroline.fr\/wp-content\/uploads\/2022\/12\/riviere-proche-camping.jpg 790w, https:\/\/www.campingduportcaroline.fr\/wp-content\/uploads\/2022\/12\/riviere-proche-camping-300x213.jpg 300w, https:\/\/www.campingduportcaroline.fr\/wp-content\/uploads\/2022\/12\/riviere-proche-camping-768x544.jpg 768w\" sizes=\"(max-width: 790px) 100vw, 790px\" \/><\/a><\/figure>\n<\/div>\n<\/div>\n\n\n    <\/div>\n<\/section><section id=\"ls-section-block_bb06aaab57ae2b814c17da5aacb85f80\" class=\"ls-section  page-one has-p-t p-t-14 has-p-b p-b-14\" >\n        <div class=\"container container--wide\">\n        \n\n<div class=\"wp-block-columns is-layout-flex wp-container-core-columns-is-layout-9d6595d7 wp-block-columns-is-layout-flex\">\n<div class=\"wp-block-column is-layout-flow wp-block-column-is-layout-flow\"><\/div>\n\n\n\n<div class=\"wp-block-column right is-layout-flow wp-block-column-is-layout-flow\">\n<figure class=\"wp-block-image is-resized fleur\"><img decoding=\"async\" src=\"https:\/\/www.campingduportcaroline.fr\/wp-content\/uploads\/2022\/11\/fleur.png\" alt=\"flower\" class=\"wp-image-275\" width=\"256\" height=\"256\" srcset=\"https:\/\/www.campingduportcaroline.fr\/wp-content\/uploads\/2022\/11\/fleur.png 512w, https:\/\/www.campingduportcaroline.fr\/wp-content\/uploads\/2022\/11\/fleur-300x300.png 300w, https:\/\/www.campingduportcaroline.fr\/wp-content\/uploads\/2022\/11\/fleur-150x150.png 150w\" sizes=\"(max-width: 256px) 100vw, 256px\" \/><\/figure>\n<\/div>\n<\/div>\n\n\n\n<div class=\"wp-block-columns is-layout-flex wp-container-core-columns-is-layout-9d6595d7 wp-block-columns-is-layout-flex\">\n<div class=\"wp-block-column is-layout-flow wp-block-column-is-layout-flow\" style=\"flex-basis:60%\">\n<figure class=\"wp-block-image size-full arrondi\"><a href=\"https:\/\/www.campingduportcaroline.fr\/wp-content\/uploads\/2022\/12\/peche-en-famille-proche-du-camping.jpg\"><img decoding=\"async\" width=\"790\" height=\"560\" src=\"https:\/\/www.campingduportcaroline.fr\/wp-content\/uploads\/2022\/12\/peche-en-famille-proche-du-camping.jpg\" alt=\"family fishing near the campsite\" class=\"wp-image-1665\" srcset=\"https:\/\/www.campingduportcaroline.fr\/wp-content\/uploads\/2022\/12\/peche-en-famille-proche-du-camping.jpg 790w, https:\/\/www.campingduportcaroline.fr\/wp-content\/uploads\/2022\/12\/peche-en-famille-proche-du-camping-300x213.jpg 300w, https:\/\/www.campingduportcaroline.fr\/wp-content\/uploads\/2022\/12\/peche-en-famille-proche-du-camping-768x544.jpg 768w\" sizes=\"(max-width: 790px) 100vw, 790px\" \/><\/a><\/figure>\n<\/div>\n\n\n\n<div class=\"wp-block-column is-vertically-aligned-center is-layout-flow wp-block-column-is-layout-flow\" style=\"flex-basis:40%\">\n<h2 class=\"ls-heading wp-block-heading\">Fishing at the campsite<\/h2>\n\n\n\n<p class=\"ls-paragraph\">Notre camping pour p\u00eacheurs vous propose un <strong>acc\u00e8s imm\u00e9diat \u00e0 un coin de p\u00eache calme et paisible<\/strong>, o\u00f9 vous pourrez titiller les poissons et communier avec la nature. Fishing campers have the opportunity to practice their favorite activity: fishing at the edge of the campsite. What could be better than <strong>relaxing by the water<\/strong>, enjoying the serenity of the place and fishing in perfect harmony with the nature that surrounds you? Here, trout, pike, pike-perch, carp&#8230; let themselves be teased for the greatest pleasure of the followers of the rod.<\/p>\n<\/div>\n<\/div>\n\n\n    <\/div>\n<\/section><section id=\"ls-section-block_dee2c3d509cc54f50c0abe35f9d0be94\" class=\"ls-section  page-parallax image-right has-background-image has-parallax has-background has-color-white-background-color has-p-t p-t-20 has-p-b p-b-20\" >\n    <div class=\"ls-section__background-image opacity-60\"><img decoding=\"async\" src=\"https:\/\/www.campingduportcaroline.fr\/wp-content\/uploads\/2022\/11\/bois.jpg\" alt=\"bois\"><\/div>    <div class=\"container container--wide\">\n        \n\n<div class=\"wp-block-columns is-layout-flex wp-container-core-columns-is-layout-9d6595d7 wp-block-columns-is-layout-flex\">\n<div class=\"wp-block-column is-vertically-aligned-center text-fond-clair is-layout-flow wp-block-column-is-layout-flow\" style=\"flex-basis:40%\">\n<p class=\"ls-paragraph\">You can find out about <strong>the best fishing areas<\/strong>, the most famous places to fish, the rules and conditions to respect at the tourist office. If on some, fishing without a license is allowed, on others a license is required. <\/p>\n\n\n\n<p class=\"ls-paragraph\">You can even go further by <strong>renting a fishing boat<\/strong> and follow the river to catch fish. Our advice: ask around and don&#8217;t forget your rod and tackle. The team at our riverside campsite will give you a warm welcome.<\/p>\n<\/div>\n\n\n\n<div class=\"wp-block-column is-vertically-aligned-center image is-layout-flow wp-block-column-is-layout-flow\" style=\"flex-basis:60%\">\n<figure class=\"wp-block-image size-full arrondi-petit animated slideInRight delay-200ms slow\"><a href=\"https:\/\/www.campingduportcaroline.fr\/wp-content\/uploads\/2022\/12\/embarcation-peche-en-riviere.jpg\"><img decoding=\"async\" width=\"790\" height=\"560\" src=\"https:\/\/www.campingduportcaroline.fr\/wp-content\/uploads\/2022\/12\/embarcation-peche-en-riviere.jpg\" alt=\"river fishing boat\" class=\"wp-image-1661\" srcset=\"https:\/\/www.campingduportcaroline.fr\/wp-content\/uploads\/2022\/12\/embarcation-peche-en-riviere.jpg 790w, https:\/\/www.campingduportcaroline.fr\/wp-content\/uploads\/2022\/12\/embarcation-peche-en-riviere-300x213.jpg 300w, https:\/\/www.campingduportcaroline.fr\/wp-content\/uploads\/2022\/12\/embarcation-peche-en-riviere-768x544.jpg 768w\" sizes=\"(max-width: 790px) 100vw, 790px\" \/><\/a><\/figure>\n<\/div>\n<\/div>\n\n\n    <\/div>\n<\/section><section id=\"ls-section-block_545ba4622b894e6b15d72499c10f6959\" class=\"ls-section  page-avis has-background has-color-white-background-color has-p-t p-t-14 has-p-b p-b-0\" >\n        <div class=\"container container--wide\">\n        \n<div class=\"wp-block-image papillon animated fadeIn delay-500ms slow\">\n<figure class=\"aligncenter size-full is-resized\"><img decoding=\"async\" src=\"https:\/\/www.campingduportcaroline.fr\/wp-content\/uploads\/2023\/01\/camping-peche-anjou-&#xA9;Olivier-Loir.webp\" alt=\"Angers fishing campsite\" class=\"wp-image-3518\" width=\"701\" height=\"450\"\/><\/figure>\n<\/div>\n\n    <\/div>\n<\/section><section id=\"ls-section-block_8568d8a8c5d0694ed84f3d314563c390\" class=\"ls-section  has-p-t p-t-14 has-p-b p-b-14\" >\n        <div class=\"container container--wide\">\n        \n\n<div id=\"ls-heading ls-titre-div-block_61952fe8913e82e4ac4f1c08b97b7988\" class=\"ls-titre-div aligncenter h2-like has-p-b p-b-4\" >\n    The activities <\/br><span>around our campsite<\/span><\/div>\n\n\n\n<div id=\"ls-maillage-block_ea13f47f740d90cab87f71a5698729d6\" class=\"ls-maillage cta-style-normal\" data-rows=\"3\">\n\n    <div class=\"wp-block-columns\"><div class=\"wp-block-column ls-cta\">\n\n<a href=\"https:\/\/www.campingduportcaroline.fr\/en\/campsite-pays-de-la-loire\/castles-of-the-loire\/\" target=\"\" rel=\"noopener\" class=\"ls-cta__link\">\n\n\t<div class=\"ls-cta__image\"><img decoding=\"async\" src=\"https:\/\/www.campingduportcaroline.fr\/wp-content\/uploads\/2022\/12\/chateau-pays-de-la-loire-768x544.jpg\" alt=\"chateau pays de la loire\"><\/div>\n\t<div class=\"ls-cta__title\">\n\t\tCastle of the Loire\t<\/div>\n\n\t\t\n<\/a><\/div><div class=\"wp-block-column ls-cta\">\n\n<a href=\"https:\/\/www.campingduportcaroline.fr\/en\/campsite-pays-de-la-loire\/trails-rando-maine-loire\/\" target=\"\" rel=\"noopener\" class=\"ls-cta__link\">\n\n\t<div class=\"ls-cta__image\"><img decoding=\"async\" src=\"https:\/\/www.campingduportcaroline.fr\/wp-content\/uploads\/2022\/12\/randonnee-port-caroline-loire.jpg\" alt=\"randonn\u00e9 port caroline loire\"><\/div>\n\t<div class=\"ls-cta__title\">\n\t\tWalking tour\t<\/div>\n\n\t\t\n<\/a><\/div><div class=\"wp-block-column ls-cta\">\n\n<a href=\"https:\/\/www.campingduportcaroline.fr\/en\/campsite-pays-de-la-loire\/campsite-cyclists-brain-sur-authion\/\" target=\"\" rel=\"noopener\" class=\"ls-cta__link\">\n\n\t<div class=\"ls-cta__image\"><img decoding=\"async\" src=\"https:\/\/www.campingduportcaroline.fr\/wp-content\/uploads\/2022\/12\/randonnee-familiale-a-velo-port-caroline.jpg\" alt=\"randonnee familial port caroline\"><\/div>\n\t<div class=\"ls-cta__title\">\n\t\tRandonn\u00e9e \u00e0 v\u00e9lo\t<\/div>\n\n\t\t\n<\/a><\/div><\/div>\n<\/div>\n\n    <\/div>\n<\/section>","protected":false},"excerpt":{"rendered":"","protected":false},"author":1,"featured_media":1475,"parent":3949,"menu_order":0,"comment_status":"closed","ping_status":"closed","template":"","meta":{"_acf_changed":false,"inline_featured_image":false,"footnotes":""},"sujet":[],"class_list":["post-3959","page","type-page","status-publish","has-post-thumbnail","hentry"],"acf":[],"yoast_head":"<!-- This site is optimized with the Yoast SEO plugin v23.4 - https:\/\/yoast.com\/wordpress\/plugins\/seo\/ -->\n<title>Fishing in Pays de la Loire - Fishing campsite in Maine and Loire<\/title>\n<meta name=\"description\" content=\"The nature of the Pays de la Loire offers outdoor activities for the pleasure of young and old. The fishing is particularly appreciated by the tourists of Maine-et-Loire.\" \/>\n<meta name=\"robots\" content=\"index, follow, max-snippet:-1, max-image-preview:large, max-video-preview:-1\" \/>\n<link rel=\"canonical\" href=\"https:\/\/www.campingduportcaroline.fr\/en\/campsite-pays-de-la-loire\/fishing-pays-de-la-loire\/\" \/>\n<meta property=\"og:locale\" content=\"en_US\" \/>\n<meta property=\"og:type\" content=\"article\" \/>\n<meta property=\"og:title\" content=\"Fishing in Pays de la Loire - Fishing campsite in Maine and Loire\" \/>\n<meta property=\"og:description\" content=\"The nature of the Pays de la Loire offers outdoor activities for the pleasure of young and old. The fishing is particularly appreciated by the tourists of Maine-et-Loire.\" \/>\n<meta property=\"og:url\" content=\"https:\/\/www.campingduportcaroline.fr\/en\/campsite-pays-de-la-loire\/fishing-pays-de-la-loire\/\" \/>\n<meta property=\"og:site_name\" content=\"Camping du Port Caroline\" \/>\n<meta property=\"article:modified_time\" content=\"2023-02-28T11:26:09+00:00\" \/>\n<meta property=\"og:image\" content=\"https:\/\/www.campingduportcaroline.fr\/wp-content\/uploads\/2022\/12\/peche-riviere-de-lauthrion.jpg\" \/>\n\t<meta property=\"og:image:width\" content=\"1920\" \/>\n\t<meta property=\"og:image:height\" content=\"703\" \/>\n\t<meta property=\"og:image:type\" content=\"image\/jpeg\" \/>\n<meta name=\"twitter:card\" content=\"summary_large_image\" \/>\n<meta name=\"twitter:label1\" content=\"Est. reading time\" \/>\n\t<meta name=\"twitter:data1\" content=\"2 minutes\" \/>\n<script type=\"application\/ld+json\" class=\"yoast-schema-graph\">{\"@context\":\"https:\/\/schema.org\",\"@graph\":[{\"@type\":\"WebPage\",\"@id\":\"https:\/\/www.campingduportcaroline.fr\/en\/campsite-pays-de-la-loire\/fishing-pays-de-la-loire\/\",\"url\":\"https:\/\/www.campingduportcaroline.fr\/en\/campsite-pays-de-la-loire\/fishing-pays-de-la-loire\/\",\"name\":\"Fishing in Pays de la Loire - Fishing campsite in Maine and Loire\",\"isPartOf\":{\"@id\":\"https:\/\/www.campingduportcaroline.fr\/#website\"},\"primaryImageOfPage\":{\"@id\":\"https:\/\/www.campingduportcaroline.fr\/en\/campsite-pays-de-la-loire\/fishing-pays-de-la-loire\/#primaryimage\"},\"image\":{\"@id\":\"https:\/\/www.campingduportcaroline.fr\/en\/campsite-pays-de-la-loire\/fishing-pays-de-la-loire\/#primaryimage\"},\"thumbnailUrl\":\"https:\/\/www.campingduportcaroline.fr\/wp-content\/uploads\/2022\/12\/peche-riviere-de-lauthrion.jpg\",\"datePublished\":\"2023-02-27T14:17:42+00:00\",\"dateModified\":\"2023-02-28T11:26:09+00:00\",\"description\":\"The nature of the Pays de la Loire offers outdoor activities for the pleasure of young and old. The fishing is particularly appreciated by the tourists of Maine-et-Loire.\",\"breadcrumb\":{\"@id\":\"https:\/\/www.campingduportcaroline.fr\/en\/campsite-pays-de-la-loire\/fishing-pays-de-la-loire\/#breadcrumb\"},\"inLanguage\":\"en-US\",\"potentialAction\":[{\"@type\":\"ReadAction\",\"target\":[\"https:\/\/www.campingduportcaroline.fr\/en\/campsite-pays-de-la-loire\/fishing-pays-de-la-loire\/\"]}]},{\"@type\":\"ImageObject\",\"inLanguage\":\"en-US\",\"@id\":\"https:\/\/www.campingduportcaroline.fr\/en\/campsite-pays-de-la-loire\/fishing-pays-de-la-loire\/#primaryimage\",\"url\":\"https:\/\/www.campingduportcaroline.fr\/wp-content\/uploads\/2022\/12\/peche-riviere-de-lauthrion.jpg\",\"contentUrl\":\"https:\/\/www.campingduportcaroline.fr\/wp-content\/uploads\/2022\/12\/peche-riviere-de-lauthrion.jpg\",\"width\":1920,\"height\":703,\"caption\":\"peche riv\"},{\"@type\":\"BreadcrumbList\",\"@id\":\"https:\/\/www.campingduportcaroline.fr\/en\/campsite-pays-de-la-loire\/fishing-pays-de-la-loire\/#breadcrumb\",\"itemListElement\":[{\"@type\":\"ListItem\",\"position\":1,\"name\":\"Port Caroline campsite\",\"item\":\"https:\/\/www.campingduportcaroline.fr\/en\/\"},{\"@type\":\"ListItem\",\"position\":2,\"name\":\"Going out in the Loire region\",\"item\":\"https:\/\/www.campingduportcaroline.fr\/en\/campsite-pays-de-la-loire\/\"},{\"@type\":\"ListItem\",\"position\":3,\"name\":\"Fishing in the Loire Valley\"}]},{\"@type\":\"WebSite\",\"@id\":\"https:\/\/www.campingduportcaroline.fr\/#website\",\"url\":\"https:\/\/www.campingduportcaroline.fr\/\",\"name\":\"Camping du Port Caroline\",\"description\":\"\",\"publisher\":{\"@id\":\"https:\/\/www.campingduportcaroline.fr\/#organization\"},\"potentialAction\":[{\"@type\":\"SearchAction\",\"target\":{\"@type\":\"EntryPoint\",\"urlTemplate\":\"https:\/\/www.campingduportcaroline.fr\/?s={search_term_string}\"},\"query-input\":{\"@type\":\"PropertyValueSpecification\",\"valueRequired\":true,\"valueName\":\"search_term_string\"}}],\"inLanguage\":\"en-US\"},{\"@type\":\"Organization\",\"@id\":\"https:\/\/www.campingduportcaroline.fr\/#organization\",\"name\":\"Camping du Port Caroline\",\"url\":\"https:\/\/www.campingduportcaroline.fr\/\",\"logo\":{\"@type\":\"ImageObject\",\"inLanguage\":\"en-US\",\"@id\":\"https:\/\/www.campingduportcaroline.fr\/#\/schema\/logo\/image\/\",\"url\":\"https:\/\/www.campingduportcaroline.fr\/wp-content\/uploads\/2022\/11\/favicon-1.png\",\"contentUrl\":\"https:\/\/www.campingduportcaroline.fr\/wp-content\/uploads\/2022\/11\/favicon-1.png\",\"width\":512,\"height\":512,\"caption\":\"Camping du Port Caroline\"},\"image\":{\"@id\":\"https:\/\/www.campingduportcaroline.fr\/#\/schema\/logo\/image\/\"}}]}<\/script>\n<!-- \/ Yoast SEO plugin. -->","yoast_head_json":{"title":"Fishing in Pays de la Loire - Fishing campsite in Maine and Loire","description":"The nature of the Pays de la Loire offers outdoor activities for the pleasure of young and old. The fishing is particularly appreciated by the tourists of Maine-et-Loire.","robots":{"index":"index","follow":"follow","max-snippet":"max-snippet:-1","max-image-preview":"max-image-preview:large","max-video-preview":"max-video-preview:-1"},"canonical":"https:\/\/www.campingduportcaroline.fr\/en\/campsite-pays-de-la-loire\/fishing-pays-de-la-loire\/","og_locale":"en_US","og_type":"article","og_title":"Fishing in Pays de la Loire - Fishing campsite in Maine and Loire","og_description":"The nature of the Pays de la Loire offers outdoor activities for the pleasure of young and old. The fishing is particularly appreciated by the tourists of Maine-et-Loire.","og_url":"https:\/\/www.campingduportcaroline.fr\/en\/campsite-pays-de-la-loire\/fishing-pays-de-la-loire\/","og_site_name":"Camping du Port Caroline","article_modified_time":"2023-02-28T11:26:09+00:00","og_image":[{"width":1920,"height":703,"url":"https:\/\/www.campingduportcaroline.fr\/wp-content\/uploads\/2022\/12\/peche-riviere-de-lauthrion.jpg","type":"image\/jpeg"}],"twitter_card":"summary_large_image","twitter_misc":{"Est. reading time":"2 minutes"},"schema":{"@context":"https:\/\/schema.org","@graph":[{"@type":"WebPage","@id":"https:\/\/www.campingduportcaroline.fr\/en\/campsite-pays-de-la-loire\/fishing-pays-de-la-loire\/","url":"https:\/\/www.campingduportcaroline.fr\/en\/campsite-pays-de-la-loire\/fishing-pays-de-la-loire\/","name":"Fishing in Pays de la Loire - Fishing campsite in Maine and Loire","isPartOf":{"@id":"https:\/\/www.campingduportcaroline.fr\/#website"},"primaryImageOfPage":{"@id":"https:\/\/www.campingduportcaroline.fr\/en\/campsite-pays-de-la-loire\/fishing-pays-de-la-loire\/#primaryimage"},"image":{"@id":"https:\/\/www.campingduportcaroline.fr\/en\/campsite-pays-de-la-loire\/fishing-pays-de-la-loire\/#primaryimage"},"thumbnailUrl":"https:\/\/www.campingduportcaroline.fr\/wp-content\/uploads\/2022\/12\/peche-riviere-de-lauthrion.jpg","datePublished":"2023-02-27T14:17:42+00:00","dateModified":"2023-02-28T11:26:09+00:00","description":"The nature of the Pays de la Loire offers outdoor activities for the pleasure of young and old. The fishing is particularly appreciated by the tourists of Maine-et-Loire.","breadcrumb":{"@id":"https:\/\/www.campingduportcaroline.fr\/en\/campsite-pays-de-la-loire\/fishing-pays-de-la-loire\/#breadcrumb"},"inLanguage":"en-US","potentialAction":[{"@type":"ReadAction","target":["https:\/\/www.campingduportcaroline.fr\/en\/campsite-pays-de-la-loire\/fishing-pays-de-la-loire\/"]}]},{"@type":"ImageObject","inLanguage":"en-US","@id":"https:\/\/www.campingduportcaroline.fr\/en\/campsite-pays-de-la-loire\/fishing-pays-de-la-loire\/#primaryimage","url":"https:\/\/www.campingduportcaroline.fr\/wp-content\/uploads\/2022\/12\/peche-riviere-de-lauthrion.jpg","contentUrl":"https:\/\/www.campingduportcaroline.fr\/wp-content\/uploads\/2022\/12\/peche-riviere-de-lauthrion.jpg","width":1920,"height":703,"caption":"peche riv"},{"@type":"BreadcrumbList","@id":"https:\/\/www.campingduportcaroline.fr\/en\/campsite-pays-de-la-loire\/fishing-pays-de-la-loire\/#breadcrumb","itemListElement":[{"@type":"ListItem","position":1,"name":"Port Caroline campsite","item":"https:\/\/www.campingduportcaroline.fr\/en\/"},{"@type":"ListItem","position":2,"name":"Going out in the Loire region","item":"https:\/\/www.campingduportcaroline.fr\/en\/campsite-pays-de-la-loire\/"},{"@type":"ListItem","position":3,"name":"Fishing in the Loire Valley"}]},{"@type":"WebSite","@id":"https:\/\/www.campingduportcaroline.fr\/#website","url":"https:\/\/www.campingduportcaroline.fr\/","name":"Camping du Port Caroline","description":"","publisher":{"@id":"https:\/\/www.campingduportcaroline.fr\/#organization"},"potentialAction":[{"@type":"SearchAction","target":{"@type":"EntryPoint","urlTemplate":"https:\/\/www.campingduportcaroline.fr\/?s={search_term_string}"},"query-input":{"@type":"PropertyValueSpecification","valueRequired":true,"valueName":"search_term_string"}}],"inLanguage":"en-US"},{"@type":"Organization","@id":"https:\/\/www.campingduportcaroline.fr\/#organization","name":"Camping du Port Caroline","url":"https:\/\/www.campingduportcaroline.fr\/","logo":{"@type":"ImageObject","inLanguage":"en-US","@id":"https:\/\/www.campingduportcaroline.fr\/#\/schema\/logo\/image\/","url":"https:\/\/www.campingduportcaroline.fr\/wp-content\/uploads\/2022\/11\/favicon-1.png","contentUrl":"https:\/\/www.campingduportcaroline.fr\/wp-content\/uploads\/2022\/11\/favicon-1.png","width":512,"height":512,"caption":"Camping du Port Caroline"},"image":{"@id":"https:\/\/www.campingduportcaroline.fr\/#\/schema\/logo\/image\/"}}]}},"_links":{"self":[{"href":"https:\/\/www.campingduportcaroline.fr\/en\/wp-json\/wp\/v2\/pages\/3959","targetHints":{"allow":["GET"]}}],"collection":[{"href":"https:\/\/www.campingduportcaroline.fr\/en\/wp-json\/wp\/v2\/pages"}],"about":[{"href":"https:\/\/www.campingduportcaroline.fr\/en\/wp-json\/wp\/v2\/types\/page"}],"author":[{"embeddable":true,"href":"https:\/\/www.campingduportcaroline.fr\/en\/wp-json\/wp\/v2\/users\/1"}],"replies":[{"embeddable":true,"href":"https:\/\/www.campingduportcaroline.fr\/en\/wp-json\/wp\/v2\/comments?post=3959"}],"version-history":[{"count":3,"href":"https:\/\/www.campingduportcaroline.fr\/en\/wp-json\/wp\/v2\/pages\/3959\/revisions"}],"predecessor-version":[{"id":4068,"href":"https:\/\/www.campingduportcaroline.fr\/en\/wp-json\/wp\/v2\/pages\/3959\/revisions\/4068"}],"up":[{"embeddable":true,"href":"https:\/\/www.campingduportcaroline.fr\/en\/wp-json\/wp\/v2\/pages\/3949"}],"wp:featuredmedia":[{"embeddable":true,"href":"https:\/\/www.campingduportcaroline.fr\/en\/wp-json\/wp\/v2\/media\/1475"}],"wp:attachment":[{"href":"https:\/\/www.campingduportcaroline.fr\/en\/wp-json\/wp\/v2\/media?parent=3959"}],"wp:term":[{"taxonomy":"sujet","embeddable":true,"href":"https:\/\/www.campingduportcaroline.fr\/en\/wp-json\/wp\/v2\/sujet?post=3959"}],"curies":[{"name":"wp","href":"https:\/\/api.w.org\/{rel}","templated":true}]}}