{"id":3963,"date":"2023-02-27T15:27:53","date_gmt":"2023-02-27T14:27:53","guid":{"rendered":"https:\/\/www.campingduportcaroline.fr\/campsite-pays-de-la-loire\/campsite-cyclists-brain-sur-authion\/"},"modified":"2023-02-28T15:03:17","modified_gmt":"2023-02-28T14:03:17","slug":"campsite-cyclists-brain-sur-authion","status":"publish","type":"page","link":"https:\/\/www.campingduportcaroline.fr\/en\/campsite-pays-de-la-loire\/campsite-cyclists-brain-sur-authion\/","title":{"rendered":"Randonn\u00e9e \u00e0 v\u00e9lo"},"content":{"rendered":"<section id=\"ls-section-block_40072af59969f2a6b8e953dd13cb7a9c\" class=\"ls-section  page-entete\" >\n        <div class=\"container \">\n        \n\n<h1 class=\"ls__heading has-text-align-center animated fadeInUp delay-200ms slow wp-block-heading\">Your most beautiful bike rides in the Loire Valley<\/h1>\n\n\n    <\/div>\n<\/section><section id=\"ls-section-block_10a2f66f8cabfc2e5c7209f7d3f5b608\" class=\"ls-section  page-one has-p-b p-b-14\" >\n        <div class=\"container container--wide\">\n        \n\n<div class=\"wp-block-columns is-layout-flex wp-container-core-columns-is-layout-9d6595d7 wp-block-columns-is-layout-flex\">\n<div class=\"wp-block-column is-layout-flow wp-block-column-is-layout-flow\" style=\"flex-basis:60%\">\n<figure class=\"wp-block-image size-full arrondi\"><a href=\"https:\/\/www.campingduportcaroline.fr\/wp-content\/uploads\/2022\/12\/randonnee-a-velo-dans-la-loire.jpg\"><img decoding=\"async\" width=\"790\" height=\"560\" src=\"https:\/\/www.campingduportcaroline.fr\/wp-content\/uploads\/2022\/12\/randonnee-a-velo-dans-la-loire.jpg\" alt=\"cycling in the loire\" class=\"wp-image-1649\" srcset=\"https:\/\/www.campingduportcaroline.fr\/wp-content\/uploads\/2022\/12\/randonnee-a-velo-dans-la-loire.jpg 790w, https:\/\/www.campingduportcaroline.fr\/wp-content\/uploads\/2022\/12\/randonnee-a-velo-dans-la-loire-300x213.jpg 300w, https:\/\/www.campingduportcaroline.fr\/wp-content\/uploads\/2022\/12\/randonnee-a-velo-dans-la-loire-768x544.jpg 768w\" sizes=\"(max-width: 790px) 100vw, 790px\" \/><\/a><\/figure>\n<\/div>\n\n\n\n<div class=\"wp-block-column is-vertically-aligned-center is-layout-flow wp-block-column-is-layout-flow\" style=\"flex-basis:40%\">\n<h2 class=\"ls-heading wp-block-heading\">Routes to discover the Loire by bike<\/h2>\n\n\n\n<p class=\"ls-paragraph\">Are you looking for the most beautiful bike rides in the Loire region? We invite you to discover <strong>the most beautiful itineraries and bike rides of the Loire.<\/strong> Come and discover the wonders of the Loire with us!<\/p>\n\n\n\n<p class=\"ls-paragraph\">Short courses for <strong>beginners <\/strong>longer routes for more experienced cyclists. <strong>experienced<\/strong>our <a href=\"\/\">campsite Port Caroline<\/a> is the ideal place to discover the Loire Valley by bike: bike routes on the banks of the Loire, crossings and bike rides in the villages and castles that make our region famous. <\/p>\n\n\n\n<p class=\"ls-paragraph\">Whatever your preferences are, you will find a cycling route that suits you when you come to our Port Caroline campsite.<\/p>\n<\/div>\n<\/div>\n\n\n    <\/div>\n<\/section><section id=\"ls-section-block_e91086a5005f32b0a9b28bc26e4ab952\" class=\"ls-section  page-parallax image-right has-parallax has-background has-color-7-background-color has-p-t p-t-20 has-p-b p-b-20\" >\n        <div class=\"container container--wide\">\n        \n\n<div class=\"wp-block-columns is-layout-flex wp-container-core-columns-is-layout-9d6595d7 wp-block-columns-is-layout-flex\">\n<div class=\"wp-block-column is-vertically-aligned-center text-fond-noir is-layout-flow wp-block-column-is-layout-flow\" style=\"flex-basis:40%\">\n<h2 class=\"ls__heading has-color-white-color has-text-color wp-block-heading\">Our campsite offers bike rental in Angers<\/h2>\n\n\n\n<p class=\"ls-paragraph has-color-white-color has-text-color\">Whether you are planning a long bike ride along the Loire River or a short excursion in the city of Angers, our <strong>bike rental service<\/strong> can meet all your mobility needs.<\/p>\n\n\n\n<p class=\"ls-paragraph has-color-white-color has-text-color\">Our Port Caroline campsite offers a wide range of bike rental options, from classic bike rentals to electric bike rentals. A quiet stroll in the <a href=\"https:\/\/www.campingduportcaroline.fr\/en\/campsite-pays-de-la-loire\/campsites-angers\/\">city of Angers<\/a> or the discovery of <a href=\"https:\/\/www.campingduportcaroline.fr\/en\/campsite-pays-de-la-loire\/castles-of-the-loire\/\">the castles of the Loire<\/a>, we have what you need.<\/p>\n<\/div>\n\n\n\n<div class=\"wp-block-column is-vertically-aligned-center image is-layout-flow wp-block-column-is-layout-flow\" style=\"flex-basis:60%\">\n<figure class=\"wp-block-image size-full arrondi-petit animated slideInRight delay-200ms slow\"><a href=\"https:\/\/www.campingduportcaroline.fr\/wp-content\/uploads\/2022\/12\/location-de-velo-camping-port-caroline.jpg\"><img decoding=\"async\" width=\"790\" height=\"560\" src=\"https:\/\/www.campingduportcaroline.fr\/wp-content\/uploads\/2022\/12\/location-de-velo-camping-port-caroline.jpg\" alt=\"bike rental campsite port caroline\" class=\"wp-image-1646\" srcset=\"https:\/\/www.campingduportcaroline.fr\/wp-content\/uploads\/2022\/12\/location-de-velo-camping-port-caroline.jpg 790w, https:\/\/www.campingduportcaroline.fr\/wp-content\/uploads\/2022\/12\/location-de-velo-camping-port-caroline-300x213.jpg 300w, https:\/\/www.campingduportcaroline.fr\/wp-content\/uploads\/2022\/12\/location-de-velo-camping-port-caroline-768x544.jpg 768w\" sizes=\"(max-width: 790px) 100vw, 790px\" \/><\/a><\/figure>\n<\/div>\n<\/div>\n\n\n    <\/div>\n<\/section><section id=\"ls-section-block_91c88026080a364672f63a2ea6bb70ab\" class=\"ls-section  page-one has-p-t p-t-14 has-p-b p-b-14\" >\n        <div class=\"container container--wide\">\n        \n\n<div class=\"wp-block-columns is-layout-flex wp-container-core-columns-is-layout-9d6595d7 wp-block-columns-is-layout-flex\">\n<div class=\"wp-block-column is-layout-flow wp-block-column-is-layout-flow\"><\/div>\n\n\n\n<div class=\"wp-block-column right is-layout-flow wp-block-column-is-layout-flow\">\n<figure class=\"wp-block-image is-resized fleur\"><img decoding=\"async\" src=\"https:\/\/www.campingduportcaroline.fr\/wp-content\/uploads\/2022\/11\/fleur.png\" alt=\"flower\" class=\"wp-image-275\" width=\"256\" height=\"256\" srcset=\"https:\/\/www.campingduportcaroline.fr\/wp-content\/uploads\/2022\/11\/fleur.png 512w, https:\/\/www.campingduportcaroline.fr\/wp-content\/uploads\/2022\/11\/fleur-300x300.png 300w, https:\/\/www.campingduportcaroline.fr\/wp-content\/uploads\/2022\/11\/fleur-150x150.png 150w\" sizes=\"(max-width: 256px) 100vw, 256px\" \/><\/figure>\n<\/div>\n<\/div>\n\n\n\n<div class=\"wp-block-columns is-layout-flex wp-container-core-columns-is-layout-9d6595d7 wp-block-columns-is-layout-flex\">\n<div class=\"wp-block-column is-vertically-aligned-bottom is-layout-flow wp-block-column-is-layout-flow\" style=\"flex-basis:60%\">\n<figure class=\"wp-block-image size-full arrondi\"><a href=\"https:\/\/www.campingduportcaroline.fr\/wp-content\/uploads\/2022\/12\/sortie-velo-en-famille.jpg\"><img decoding=\"async\" width=\"790\" height=\"560\" src=\"https:\/\/www.campingduportcaroline.fr\/wp-content\/uploads\/2022\/12\/sortie-velo-en-famille.jpg\" alt=\"family bike ride\" class=\"wp-image-1652\" srcset=\"https:\/\/www.campingduportcaroline.fr\/wp-content\/uploads\/2022\/12\/sortie-velo-en-famille.jpg 790w, https:\/\/www.campingduportcaroline.fr\/wp-content\/uploads\/2022\/12\/sortie-velo-en-famille-300x213.jpg 300w, https:\/\/www.campingduportcaroline.fr\/wp-content\/uploads\/2022\/12\/sortie-velo-en-famille-768x544.jpg 768w\" sizes=\"(max-width: 790px) 100vw, 790px\" \/><\/a><\/figure>\n<\/div>\n\n\n\n<div class=\"wp-block-column is-vertically-aligned-top is-layout-flow wp-block-column-is-layout-flow\" style=\"flex-basis:40%\">\n<h2 class=\"ls-heading wp-block-heading\">Our services for cyclists at the campsite<\/h2>\n\n\n\n<p class=\"ls-paragraph\">Are you looking for the ideal campsite to enjoy bike rides along the Loire River? Look no further! Our campsite is the ideal place for bicycle lovers. <\/p>\n\n\n\n<p class=\"ls-paragraph\">Whether you want to explore the beautiful landscapes of the Loire or cycle the flat roads of the Loire with your family, there are many routes to choose from to explore the region at your own pace.<\/p>\n\n\n\n<p class=\"ls-paragraph\">We also provide a <strong>bicycle shed<\/strong> and small <strong>repair equipment<\/strong> for your two wheels. And if you don&#8217;t have your own bike, you can rent a classic bike directly from the campsite during the season. Electric <strong>bikes are also available<\/strong> upon reservation.<\/p>\n\n\n\n<p class=\"ls-paragraph\">At Port Caroline Campsite, our friendly staff is always ready to help you. So, come and see us and enjoy the beautiful nature of the Loire! Don&#8217;t hesitate to share with us your most beautiful cycling routes.<\/p>\n<\/div>\n<\/div>\n\n\n    <\/div>\n<\/section><section id=\"ls-section-block_91803816273ed0bf79300c6e49f424f0\" class=\"ls-section  page-avis has-background has-color-6-background-color has-p-t p-t-14 has-p-b p-b-4\" >\n        <div class=\"container container--wide\">\n        \n\n<div id=\"ls-heading ls-titre-div-block_b5ad5710c24bfb3e1efe1cfee5786f6e\" class=\"ls-titre-div aligncenter h2-like has-text-color has-color-2-color has-p-b p-b-4\" >\n    What do our <\/br><span>cycling customers think?<\/span><\/div>\n\n\n<div class=\"avis-container-pages\"><div class=\"avis\"><div class=\"avis-content-container\"><div class=\"avis-text-container\"><div class=\"avis-name\">Sonia V.<\/div><div class=\"avis-content\"><p>I don&#8217;t know if it&#8217;s the swimming pool, the welcome or the small <strong>bike<\/strong> price but it&#8217;s one of the best campsites I&#8217;ve ever been to! I recommend it to the <strong>cyclists who do the Loire by bike !<\/strong><\/p>\n<\/div><\/div><div class=\"avis-note\">\n                <span><i class=\"caroline-star1\"><\/i><\/span><span><i class=\"caroline-star1\"><\/i><\/span><span><i class=\"caroline-star1\"><\/i><\/span><span><i class=\"caroline-star1\"><\/i><\/span><span><i class=\"caroline-star1\"><\/i><\/span>\n                <\/div><\/div><\/div><div class=\"avis\"><div class=\"avis-content-container\"><div class=\"avis-text-container\"><div class=\"avis-name\">H\u00e9l\u00e8ne R.<\/div><div class=\"avis-content\"><p>A campsite located on <strong>the road of the Loire by bike.<\/strong> Clean, impeccable quality\/price ratio. Very helpful managers. It was good!<\/p>\n<\/div><\/div><div class=\"avis-note\">\n                <span><i class=\"caroline-star1\"><\/i><\/span><span><i class=\"caroline-star1\"><\/i><\/span><span><i class=\"caroline-star1\"><\/i><\/span><span><i class=\"caroline-star1\"><\/i><\/span><span><i class=\"caroline-star1\"><\/i><\/span>\n                <\/div><\/div><\/div><div class=\"avis\"><div class=\"avis-content-container\"><div class=\"avis-text-container\"><div class=\"avis-name\">C\u00e9line de C.<\/div><div class=\"avis-content\"><p><strong>Very happy with our stay, we were very well received for our night during our journey on the Loire by bike.<\/strong> Thank you for the loan of the table and chairs, it was a great attention.<br \/>\nA very quiet and well equipped campsite with excellent sanitary facilities. And much appreciated games for children.<\/p>\n<\/div><\/div><div class=\"avis-note\">\n                <span><i class=\"caroline-star1\"><\/i><\/span><span><i class=\"caroline-star1\"><\/i><\/span><span><i class=\"caroline-star1\"><\/i><\/span><span><i class=\"caroline-star1\"><\/i><\/span><span><i class=\"caroline-star1\"><\/i><\/span>\n                <\/div><\/div><\/div><div class=\"avis\"><div class=\"avis-content-container\"><div class=\"avis-text-container\"><div class=\"avis-name\">Vic M.<\/div><div class=\"avis-content\"><p>Nice campsite, equipped. The sanitary facilities are clean and modern. There is a bike hut, <strong>perfect for the Loire \u00e0 V\u00e9lo.<\/strong><\/p>\n<\/div><\/div><div class=\"avis-note\">\n                <span><i class=\"caroline-star1\"><\/i><\/span><span><i class=\"caroline-star1\"><\/i><\/span><span><i class=\"caroline-star1\"><\/i><\/span><span><i class=\"caroline-star1\"><\/i><\/span><span><i class=\"caroline-star1\"><\/i><\/span>\n                <\/div><\/div><\/div><\/div>\n\n\n    <\/div>\n<\/section><section id=\"ls-section-block_6544b5a1dbd72be8e3423adece3aee5f\" class=\"ls-section  has-p-t p-t-14 has-p-b p-b-14\" >\n        <div class=\"container container--wide\">\n        \n\n<div id=\"ls-heading ls-titre-div-block_025dc3eb3ce7897bc7368ed332d0196a\" class=\"ls-titre-div aligncenter h2-like has-p-b p-b-4\" >\n    To discover the surroundings of <\/br> <span>our campsite<\/span><\/div>\n\n\n\n<div id=\"ls-maillage-block_f0d1b0df0350d0ba1741a5f3a4133aef\" class=\"ls-maillage cta-style-normal\" data-rows=\"3\">\n\n    <div class=\"wp-block-columns\"><div class=\"wp-block-column ls-cta\">\n\n<a href=\"https:\/\/www.campingduportcaroline.fr\/en\/campsite-pays-de-la-loire\/campsites-angers\/\" target=\"\" rel=\"noopener\" class=\"ls-cta__link\">\n\n\t<div class=\"ls-cta__image\"><img decoding=\"async\" src=\"https:\/\/www.campingduportcaroline.fr\/wp-content\/uploads\/2022\/12\/chateau-angers-768x544.jpg\" alt=\"chateau angers\"><\/div>\n\t<div class=\"ls-cta__title\">\n\t\tAngers\t<\/div>\n\n\t\t\n<\/a><\/div><div class=\"wp-block-column ls-cta\">\n\n<a href=\"https:\/\/www.campingduportcaroline.fr\/en\/campsite-pays-de-la-loire\/castles-of-the-loire\/\" target=\"\" rel=\"noopener\" class=\"ls-cta__link\">\n\n\t<div class=\"ls-cta__image\"><img decoding=\"async\" src=\"https:\/\/www.campingduportcaroline.fr\/wp-content\/uploads\/2022\/12\/chateau-pays-de-la-loire-768x544.jpg\" alt=\"chateau pays de la loire\"><\/div>\n\t<div class=\"ls-cta__title\">\n\t\tCastle of the Loire\t<\/div>\n\n\t\t\n<\/a><\/div><div class=\"wp-block-column ls-cta\">\n\n<a href=\"https:\/\/www.campingduportcaroline.fr\/en\/campsite-pays-de-la-loire\/trails-rando-maine-loire\/\" target=\"\" rel=\"noopener\" class=\"ls-cta__link\">\n\n\t<div class=\"ls-cta__image\"><img decoding=\"async\" src=\"https:\/\/www.campingduportcaroline.fr\/wp-content\/uploads\/2022\/12\/randonnee-port-caroline-loire.jpg\" alt=\"randonn\u00e9 port caroline loire\"><\/div>\n\t<div class=\"ls-cta__title\">\n\t\tWalking tour\t<\/div>\n\n\t\t\n<\/a><\/div><\/div>\n<\/div>\n\n    <\/div>\n<\/section>","protected":false},"excerpt":{"rendered":"","protected":false},"author":1,"featured_media":1832,"parent":3949,"menu_order":0,"comment_status":"closed","ping_status":"closed","template":"","meta":{"_acf_changed":false,"inline_featured_image":false,"footnotes":""},"sujet":[],"class_list":["post-3963","page","type-page","status-publish","has-post-thumbnail","hentry"],"acf":[],"yoast_head":"<!-- This site is optimized with the Yoast SEO plugin v23.4 - https:\/\/yoast.com\/wordpress\/plugins\/seo\/ -->\n<title>Ideal campsite for cyclists Angers | Loire bike rides<\/title>\n<meta name=\"robots\" content=\"index, follow, max-snippet:-1, max-image-preview:large, max-video-preview:-1\" \/>\n<link rel=\"canonical\" href=\"https:\/\/www.campingduportcaroline.fr\/en\/campsite-pays-de-la-loire\/campsite-cyclists-brain-sur-authion\/\" \/>\n<meta property=\"og:locale\" content=\"en_US\" \/>\n<meta property=\"og:type\" content=\"article\" \/>\n<meta property=\"og:title\" content=\"Ideal campsite for cyclists Angers | Loire bike rides\" \/>\n<meta property=\"og:url\" content=\"https:\/\/www.campingduportcaroline.fr\/en\/campsite-pays-de-la-loire\/campsite-cyclists-brain-sur-authion\/\" \/>\n<meta property=\"og:site_name\" content=\"Camping du Port Caroline\" \/>\n<meta property=\"article:modified_time\" content=\"2023-02-28T14:03:17+00:00\" \/>\n<meta property=\"og:image\" content=\"https:\/\/www.campingduportcaroline.fr\/wp-content\/uploads\/2022\/12\/randonnee-a-velo-dans-la-loire-1.jpg\" \/>\n\t<meta property=\"og:image:width\" content=\"1348\" \/>\n\t<meta property=\"og:image:height\" content=\"703\" \/>\n\t<meta property=\"og:image:type\" content=\"image\/jpeg\" \/>\n<meta name=\"twitter:card\" content=\"summary_large_image\" \/>\n<meta name=\"twitter:label1\" content=\"Est. reading time\" \/>\n\t<meta name=\"twitter:data1\" content=\"2 minutes\" \/>\n<script type=\"application\/ld+json\" class=\"yoast-schema-graph\">{\"@context\":\"https:\/\/schema.org\",\"@graph\":[{\"@type\":\"WebPage\",\"@id\":\"https:\/\/www.campingduportcaroline.fr\/en\/campsite-pays-de-la-loire\/campsite-cyclists-brain-sur-authion\/\",\"url\":\"https:\/\/www.campingduportcaroline.fr\/en\/campsite-pays-de-la-loire\/campsite-cyclists-brain-sur-authion\/\",\"name\":\"Ideal campsite for cyclists Angers | Loire bike rides\",\"isPartOf\":{\"@id\":\"https:\/\/www.campingduportcaroline.fr\/#website\"},\"primaryImageOfPage\":{\"@id\":\"https:\/\/www.campingduportcaroline.fr\/en\/campsite-pays-de-la-loire\/campsite-cyclists-brain-sur-authion\/#primaryimage\"},\"image\":{\"@id\":\"https:\/\/www.campingduportcaroline.fr\/en\/campsite-pays-de-la-loire\/campsite-cyclists-brain-sur-authion\/#primaryimage\"},\"thumbnailUrl\":\"https:\/\/www.campingduportcaroline.fr\/wp-content\/uploads\/2022\/12\/randonnee-a-velo-dans-la-loire-1.jpg\",\"datePublished\":\"2023-02-27T14:27:53+00:00\",\"dateModified\":\"2023-02-28T14:03:17+00:00\",\"breadcrumb\":{\"@id\":\"https:\/\/www.campingduportcaroline.fr\/en\/campsite-pays-de-la-loire\/campsite-cyclists-brain-sur-authion\/#breadcrumb\"},\"inLanguage\":\"en-US\",\"potentialAction\":[{\"@type\":\"ReadAction\",\"target\":[\"https:\/\/www.campingduportcaroline.fr\/en\/campsite-pays-de-la-loire\/campsite-cyclists-brain-sur-authion\/\"]}]},{\"@type\":\"ImageObject\",\"inLanguage\":\"en-US\",\"@id\":\"https:\/\/www.campingduportcaroline.fr\/en\/campsite-pays-de-la-loire\/campsite-cyclists-brain-sur-authion\/#primaryimage\",\"url\":\"https:\/\/www.campingduportcaroline.fr\/wp-content\/uploads\/2022\/12\/randonnee-a-velo-dans-la-loire-1.jpg\",\"contentUrl\":\"https:\/\/www.campingduportcaroline.fr\/wp-content\/uploads\/2022\/12\/randonnee-a-velo-dans-la-loire-1.jpg\",\"width\":1348,\"height\":703,\"caption\":\"randonn\u00e9e velo dans la loire\"},{\"@type\":\"BreadcrumbList\",\"@id\":\"https:\/\/www.campingduportcaroline.fr\/en\/campsite-pays-de-la-loire\/campsite-cyclists-brain-sur-authion\/#breadcrumb\",\"itemListElement\":[{\"@type\":\"ListItem\",\"position\":1,\"name\":\"Port Caroline campsite\",\"item\":\"https:\/\/www.campingduportcaroline.fr\/en\/\"},{\"@type\":\"ListItem\",\"position\":2,\"name\":\"Going out in the Loire region\",\"item\":\"https:\/\/www.campingduportcaroline.fr\/en\/campsite-pays-de-la-loire\/\"},{\"@type\":\"ListItem\",\"position\":3,\"name\":\"Ideal campsite for cyclists in the Pays de la Loire\"}]},{\"@type\":\"WebSite\",\"@id\":\"https:\/\/www.campingduportcaroline.fr\/#website\",\"url\":\"https:\/\/www.campingduportcaroline.fr\/\",\"name\":\"Camping du Port Caroline\",\"description\":\"\",\"publisher\":{\"@id\":\"https:\/\/www.campingduportcaroline.fr\/#organization\"},\"potentialAction\":[{\"@type\":\"SearchAction\",\"target\":{\"@type\":\"EntryPoint\",\"urlTemplate\":\"https:\/\/www.campingduportcaroline.fr\/?s={search_term_string}\"},\"query-input\":{\"@type\":\"PropertyValueSpecification\",\"valueRequired\":true,\"valueName\":\"search_term_string\"}}],\"inLanguage\":\"en-US\"},{\"@type\":\"Organization\",\"@id\":\"https:\/\/www.campingduportcaroline.fr\/#organization\",\"name\":\"Camping du Port Caroline\",\"url\":\"https:\/\/www.campingduportcaroline.fr\/\",\"logo\":{\"@type\":\"ImageObject\",\"inLanguage\":\"en-US\",\"@id\":\"https:\/\/www.campingduportcaroline.fr\/#\/schema\/logo\/image\/\",\"url\":\"https:\/\/www.campingduportcaroline.fr\/wp-content\/uploads\/2022\/11\/favicon-1.png\",\"contentUrl\":\"https:\/\/www.campingduportcaroline.fr\/wp-content\/uploads\/2022\/11\/favicon-1.png\",\"width\":512,\"height\":512,\"caption\":\"Camping du Port Caroline\"},\"image\":{\"@id\":\"https:\/\/www.campingduportcaroline.fr\/#\/schema\/logo\/image\/\"}}]}<\/script>\n<!-- \/ Yoast SEO plugin. -->","yoast_head_json":{"title":"Ideal campsite for cyclists Angers | Loire bike rides","robots":{"index":"index","follow":"follow","max-snippet":"max-snippet:-1","max-image-preview":"max-image-preview:large","max-video-preview":"max-video-preview:-1"},"canonical":"https:\/\/www.campingduportcaroline.fr\/en\/campsite-pays-de-la-loire\/campsite-cyclists-brain-sur-authion\/","og_locale":"en_US","og_type":"article","og_title":"Ideal campsite for cyclists Angers | Loire bike rides","og_url":"https:\/\/www.campingduportcaroline.fr\/en\/campsite-pays-de-la-loire\/campsite-cyclists-brain-sur-authion\/","og_site_name":"Camping du Port Caroline","article_modified_time":"2023-02-28T14:03:17+00:00","og_image":[{"width":1348,"height":703,"url":"https:\/\/www.campingduportcaroline.fr\/wp-content\/uploads\/2022\/12\/randonnee-a-velo-dans-la-loire-1.jpg","type":"image\/jpeg"}],"twitter_card":"summary_large_image","twitter_misc":{"Est. reading time":"2 minutes"},"schema":{"@context":"https:\/\/schema.org","@graph":[{"@type":"WebPage","@id":"https:\/\/www.campingduportcaroline.fr\/en\/campsite-pays-de-la-loire\/campsite-cyclists-brain-sur-authion\/","url":"https:\/\/www.campingduportcaroline.fr\/en\/campsite-pays-de-la-loire\/campsite-cyclists-brain-sur-authion\/","name":"Ideal campsite for cyclists Angers | Loire bike rides","isPartOf":{"@id":"https:\/\/www.campingduportcaroline.fr\/#website"},"primaryImageOfPage":{"@id":"https:\/\/www.campingduportcaroline.fr\/en\/campsite-pays-de-la-loire\/campsite-cyclists-brain-sur-authion\/#primaryimage"},"image":{"@id":"https:\/\/www.campingduportcaroline.fr\/en\/campsite-pays-de-la-loire\/campsite-cyclists-brain-sur-authion\/#primaryimage"},"thumbnailUrl":"https:\/\/www.campingduportcaroline.fr\/wp-content\/uploads\/2022\/12\/randonnee-a-velo-dans-la-loire-1.jpg","datePublished":"2023-02-27T14:27:53+00:00","dateModified":"2023-02-28T14:03:17+00:00","breadcrumb":{"@id":"https:\/\/www.campingduportcaroline.fr\/en\/campsite-pays-de-la-loire\/campsite-cyclists-brain-sur-authion\/#breadcrumb"},"inLanguage":"en-US","potentialAction":[{"@type":"ReadAction","target":["https:\/\/www.campingduportcaroline.fr\/en\/campsite-pays-de-la-loire\/campsite-cyclists-brain-sur-authion\/"]}]},{"@type":"ImageObject","inLanguage":"en-US","@id":"https:\/\/www.campingduportcaroline.fr\/en\/campsite-pays-de-la-loire\/campsite-cyclists-brain-sur-authion\/#primaryimage","url":"https:\/\/www.campingduportcaroline.fr\/wp-content\/uploads\/2022\/12\/randonnee-a-velo-dans-la-loire-1.jpg","contentUrl":"https:\/\/www.campingduportcaroline.fr\/wp-content\/uploads\/2022\/12\/randonnee-a-velo-dans-la-loire-1.jpg","width":1348,"height":703,"caption":"randonn\u00e9e velo dans la loire"},{"@type":"BreadcrumbList","@id":"https:\/\/www.campingduportcaroline.fr\/en\/campsite-pays-de-la-loire\/campsite-cyclists-brain-sur-authion\/#breadcrumb","itemListElement":[{"@type":"ListItem","position":1,"name":"Port Caroline campsite","item":"https:\/\/www.campingduportcaroline.fr\/en\/"},{"@type":"ListItem","position":2,"name":"Going out in the Loire region","item":"https:\/\/www.campingduportcaroline.fr\/en\/campsite-pays-de-la-loire\/"},{"@type":"ListItem","position":3,"name":"Ideal campsite for cyclists in the Pays de la Loire"}]},{"@type":"WebSite","@id":"https:\/\/www.campingduportcaroline.fr\/#website","url":"https:\/\/www.campingduportcaroline.fr\/","name":"Camping du Port Caroline","description":"","publisher":{"@id":"https:\/\/www.campingduportcaroline.fr\/#organization"},"potentialAction":[{"@type":"SearchAction","target":{"@type":"EntryPoint","urlTemplate":"https:\/\/www.campingduportcaroline.fr\/?s={search_term_string}"},"query-input":{"@type":"PropertyValueSpecification","valueRequired":true,"valueName":"search_term_string"}}],"inLanguage":"en-US"},{"@type":"Organization","@id":"https:\/\/www.campingduportcaroline.fr\/#organization","name":"Camping du Port Caroline","url":"https:\/\/www.campingduportcaroline.fr\/","logo":{"@type":"ImageObject","inLanguage":"en-US","@id":"https:\/\/www.campingduportcaroline.fr\/#\/schema\/logo\/image\/","url":"https:\/\/www.campingduportcaroline.fr\/wp-content\/uploads\/2022\/11\/favicon-1.png","contentUrl":"https:\/\/www.campingduportcaroline.fr\/wp-content\/uploads\/2022\/11\/favicon-1.png","width":512,"height":512,"caption":"Camping du Port Caroline"},"image":{"@id":"https:\/\/www.campingduportcaroline.fr\/#\/schema\/logo\/image\/"}}]}},"_links":{"self":[{"href":"https:\/\/www.campingduportcaroline.fr\/en\/wp-json\/wp\/v2\/pages\/3963","targetHints":{"allow":["GET"]}}],"collection":[{"href":"https:\/\/www.campingduportcaroline.fr\/en\/wp-json\/wp\/v2\/pages"}],"about":[{"href":"https:\/\/www.campingduportcaroline.fr\/en\/wp-json\/wp\/v2\/types\/page"}],"author":[{"embeddable":true,"href":"https:\/\/www.campingduportcaroline.fr\/en\/wp-json\/wp\/v2\/users\/1"}],"replies":[{"embeddable":true,"href":"https:\/\/www.campingduportcaroline.fr\/en\/wp-json\/wp\/v2\/comments?post=3963"}],"version-history":[{"count":1,"href":"https:\/\/www.campingduportcaroline.fr\/en\/wp-json\/wp\/v2\/pages\/3963\/revisions"}],"predecessor-version":[{"id":3964,"href":"https:\/\/www.campingduportcaroline.fr\/en\/wp-json\/wp\/v2\/pages\/3963\/revisions\/3964"}],"up":[{"embeddable":true,"href":"https:\/\/www.campingduportcaroline.fr\/en\/wp-json\/wp\/v2\/pages\/3949"}],"wp:featuredmedia":[{"embeddable":true,"href":"https:\/\/www.campingduportcaroline.fr\/en\/wp-json\/wp\/v2\/media\/1832"}],"wp:attachment":[{"href":"https:\/\/www.campingduportcaroline.fr\/en\/wp-json\/wp\/v2\/media?parent=3963"}],"wp:term":[{"taxonomy":"sujet","embeddable":true,"href":"https:\/\/www.campingduportcaroline.fr\/en\/wp-json\/wp\/v2\/sujet?post=3963"}],"curies":[{"name":"wp","href":"https:\/\/api.w.org\/{rel}","templated":true}]}}