{"id":7205,"date":"2026-03-13T09:07:12","date_gmt":"2026-03-13T08:07:12","guid":{"rendered":"https:\/\/www.campingduportcaroline.fr\/?page_id=7205"},"modified":"2026-03-13T09:07:13","modified_gmt":"2026-03-13T08:07:13","slug":"camping-terra-botanica","status":"publish","type":"page","link":"https:\/\/www.campingduportcaroline.fr\/en\/camping-terra-botanica\/","title":{"rendered":"Terra Botanica"},"content":{"rendered":"<section id=\"ls-section-block_c56572408192fd93c844cc51751a9354\" class=\"ls-section  page-entete\" >\n        <div class=\"container \">\n        \n\n<h1 class=\"ls__heading wp-block-heading has-text-align-center animated fadeInUp delay-200ms slow\">Camping near Terra Botanica<\/h1>\n\n\n    <\/div>\n<\/section>\n\n<section id=\"ls-section-block_d61e6523d2834d8eb9b5d9bf51dc9b6b\" class=\"ls-section  page-one has-p-b p-b-14\" >\n        <div class=\"container container--wide\">\n        \n\n<div class=\"wp-block-columns is-layout-flex wp-container-core-columns-is-layout-9d6595d7 wp-block-columns-is-layout-flex\">\n<div class=\"wp-block-column is-layout-flow wp-block-column-is-layout-flow\" style=\"flex-basis:60%\">\n<figure class=\"wp-block-image size-full arrondi\"><a href=\"https:\/\/www.campingduportcaroline.fr\/wp-content\/uploads\/2022\/12\/Terra_Botanica-cBertrand_BECHARD-6310-AnjouTourisme-1920px.jpg\"><img decoding=\"async\" width=\"1920\" height=\"1280\" src=\"https:\/\/www.campingduportcaroline.fr\/wp-content\/uploads\/2022\/12\/Terra_Botanica-cBertrand_BECHARD-6310-AnjouTourisme-1920px.jpg\" alt=\"\" class=\"wp-image-7232\" srcset=\"https:\/\/www.campingduportcaroline.fr\/wp-content\/uploads\/2022\/12\/Terra_Botanica-cBertrand_BECHARD-6310-AnjouTourisme-1920px.jpg 1920w, https:\/\/www.campingduportcaroline.fr\/wp-content\/uploads\/2022\/12\/Terra_Botanica-cBertrand_BECHARD-6310-AnjouTourisme-1920px-300x200.jpg 300w, https:\/\/www.campingduportcaroline.fr\/wp-content\/uploads\/2022\/12\/Terra_Botanica-cBertrand_BECHARD-6310-AnjouTourisme-1920px-1024x683.jpg 1024w, https:\/\/www.campingduportcaroline.fr\/wp-content\/uploads\/2022\/12\/Terra_Botanica-cBertrand_BECHARD-6310-AnjouTourisme-1920px-768x512.jpg 768w, https:\/\/www.campingduportcaroline.fr\/wp-content\/uploads\/2022\/12\/Terra_Botanica-cBertrand_BECHARD-6310-AnjouTourisme-1920px-1536x1024.jpg 1536w\" sizes=\"(max-width: 1920px) 100vw, 1920px\" \/><\/a><\/figure>\n<\/div>\n\n\n\n<div class=\"wp-block-column is-vertically-aligned-center is-layout-flow wp-block-column-is-layout-flow\" style=\"flex-basis:40%\">\n<p class=\"ls-paragraph\">Located in the heart of Anjou, in the Loire region, our <a href=\"https:\/\/www.campingduportcaroline.fr\/en\/\">campsite near Angers <\/a>offers a peaceful, green setting for your holidays with family or friends. Just <strong>15 minutes from Terra Botanica<\/strong>, &#8220;Europe&#8217;s leading plant park&#8221;, the Port Caroline campsite is the ideal starting point for alternating between discovery, relaxation and unforgettable moments. With a heated aquatic area, comfortable accommodation and quality services, you can enjoy a stay where nature, <strong>well-being and conviviality<\/strong> are the order of the day.  <\/p>\n<\/div>\n<\/div>\n\n\n    <\/div>\n<\/section>\n\n<section id=\"ls-section-block_0ab2ad23f6850fb29013b02c15a55cf4\" class=\"ls-section  page-parallax image-right has-parallax has-background has-color-7-background-color has-p-t p-t-20 has-p-b p-b-20\" >\n        <div class=\"container container--wide\">\n        \n\n<div class=\"wp-block-columns is-layout-flex wp-container-core-columns-is-layout-9d6595d7 wp-block-columns-is-layout-flex\">\n<div class=\"wp-block-column is-vertically-aligned-center text-fond-noir is-layout-flow wp-block-column-is-layout-flow\" style=\"flex-basis:40%\">\n<h2 class=\"ls__heading wp-block-heading has-color-white-color has-text-color\">A magical day out with the family at Terra Botanica<\/h2>\n\n\n\n<p class=\"ls-paragraph has-color-white-color has-text-color\">Just 15 minutes from the campsite, Terra Botanica invites you on a unique journey to the heart of the plant world. This theme park, the first of its kind in Europe, appeals <strong>to young and old alike<\/strong> thanks to its <strong>luxuriant gardens <\/strong>, its <strong>greenhouses tropical,<\/strong> its<strong> fun attractions ludiques<\/strong> and its<strong> interactive activities interactives<\/strong>. Between boat rides in boats, flights in shells made of nuts at the -above the peaks or discoveries of plants the most astonishing, each space promises wonder and learning. An unmissable date for a<strong> day out with the family,<\/strong> combining nature, thrills and discoveries.   <\/p>\n<\/div>\n\n\n\n<div class=\"wp-block-column is-vertically-aligned-center image is-layout-flow wp-block-column-is-layout-flow\" style=\"flex-basis:60%\">\n<figure class=\"wp-block-image size-full arrondi-petit animated slideInRight delay-200ms slow\"><a href=\"https:\/\/www.campingduportcaroline.fr\/wp-content\/uploads\/2022\/12\/Terra_Botanica-cBertrand_BECHARD-6331-AnjouTourisme-1920px.jpg\"><img decoding=\"async\" width=\"1920\" height=\"1280\" src=\"https:\/\/www.campingduportcaroline.fr\/wp-content\/uploads\/2022\/12\/Terra_Botanica-cBertrand_BECHARD-6331-AnjouTourisme-1920px.jpg\" alt=\"\" class=\"wp-image-7229\" srcset=\"https:\/\/www.campingduportcaroline.fr\/wp-content\/uploads\/2022\/12\/Terra_Botanica-cBertrand_BECHARD-6331-AnjouTourisme-1920px.jpg 1920w, https:\/\/www.campingduportcaroline.fr\/wp-content\/uploads\/2022\/12\/Terra_Botanica-cBertrand_BECHARD-6331-AnjouTourisme-1920px-300x200.jpg 300w, https:\/\/www.campingduportcaroline.fr\/wp-content\/uploads\/2022\/12\/Terra_Botanica-cBertrand_BECHARD-6331-AnjouTourisme-1920px-1024x683.jpg 1024w, https:\/\/www.campingduportcaroline.fr\/wp-content\/uploads\/2022\/12\/Terra_Botanica-cBertrand_BECHARD-6331-AnjouTourisme-1920px-768x512.jpg 768w, https:\/\/www.campingduportcaroline.fr\/wp-content\/uploads\/2022\/12\/Terra_Botanica-cBertrand_BECHARD-6331-AnjouTourisme-1920px-1536x1024.jpg 1536w\" sizes=\"(max-width: 1920px) 100vw, 1920px\" \/><\/a><\/figure>\n<\/div>\n<\/div>\n\n\n    <\/div>\n<\/section>\n\n<section id=\"ls-section-block_561e1b9dde219c33a4cc902f0f0674a2\" class=\"ls-section  page-one has-p-t p-t-14 has-p-b p-b-14\" >\n        <div class=\"container container--wide\">\n        \n\n<div class=\"wp-block-columns is-layout-flex wp-container-core-columns-is-layout-9d6595d7 wp-block-columns-is-layout-flex\">\n<div class=\"wp-block-column is-layout-flow wp-block-column-is-layout-flow\"><\/div>\n\n\n\n<div class=\"wp-block-column right is-layout-flow wp-block-column-is-layout-flow\"><\/div>\n<\/div>\n\n\n\n<div class=\"wp-block-columns is-layout-flex wp-container-core-columns-is-layout-9d6595d7 wp-block-columns-is-layout-flex\">\n<div class=\"wp-block-column is-layout-flow wp-block-column-is-layout-flow\" style=\"flex-basis:60%\">\n<figure class=\"wp-block-image size-full arrondi\"><img decoding=\"async\" width=\"1920\" height=\"1280\" src=\"https:\/\/www.campingduportcaroline.fr\/wp-content\/uploads\/2022\/12\/Terra_Botanica-cBertrand_BECHARD-6334-AnjouTourisme-1920px.jpg\" alt=\"\" class=\"wp-image-7226\" srcset=\"https:\/\/www.campingduportcaroline.fr\/wp-content\/uploads\/2022\/12\/Terra_Botanica-cBertrand_BECHARD-6334-AnjouTourisme-1920px.jpg 1920w, https:\/\/www.campingduportcaroline.fr\/wp-content\/uploads\/2022\/12\/Terra_Botanica-cBertrand_BECHARD-6334-AnjouTourisme-1920px-300x200.jpg 300w, https:\/\/www.campingduportcaroline.fr\/wp-content\/uploads\/2022\/12\/Terra_Botanica-cBertrand_BECHARD-6334-AnjouTourisme-1920px-1024x683.jpg 1024w, https:\/\/www.campingduportcaroline.fr\/wp-content\/uploads\/2022\/12\/Terra_Botanica-cBertrand_BECHARD-6334-AnjouTourisme-1920px-768x512.jpg 768w, https:\/\/www.campingduportcaroline.fr\/wp-content\/uploads\/2022\/12\/Terra_Botanica-cBertrand_BECHARD-6334-AnjouTourisme-1920px-1536x1024.jpg 1536w\" sizes=\"(max-width: 1920px) 100vw, 1920px\" \/><\/figure>\n<\/div>\n\n\n\n<div class=\"wp-block-column is-vertically-aligned-center is-layout-flow wp-block-column-is-layout-flow\" style=\"flex-basis:40%\">\n<h2 class=\"ls__heading wp-block-heading\">Camping 15 minutes from Terra Botanica<\/h2>\n\n\n\n<p class=\"ls-paragraph\">After exploring the paths of Terra Botanica, there&#8217;s nothing better than relaxing in our <a href=\"https:\/\/www.campingduportcaroline.fr\/en\/campsite-heated-aquatic-space-brain-sur-authion\/\">heated swimming pool in the heart of the Loire Valley<\/a>. Our campsite near Terra Botanica has a covered <strong>aquatic area<\/strong>, perfect for relaxing in any season. Children are not left out! Thanks to our brand new water play area for 0-8 year olds, the little ones can enjoy not only the secure paddling pool, but also a specially designed area on the outdoor terrace. They can splash around and have fun with animal-shaped structures featuring water games and water cannons, while their parents <strong>relax with hydromassage<\/strong> jets and pleasant baths. The <strong>sun loungers by the pool <\/strong>offer a well-deserved rest after a day full of discoveries.     <\/p>\n<\/div>\n<\/div>\n\n\n    <\/div>\n<\/section>\n\n<section id=\"ls-section-block_124ad69af61ea5a44c36c26c3120ce90\" class=\"ls-section  page-parallax image-right has-background-image has-parallax has-background has-color-white-background-color has-p-t p-t-20 has-p-b p-b-20\" >\n    <div class=\"ls-section__background-image opacity-60\"><img decoding=\"async\" src=\"https:\/\/www.campingduportcaroline.fr\/wp-content\/uploads\/2022\/11\/bois.jpg\" alt=\"bois\"><\/div>    <div class=\"container container--wide\">\n        \n\n<div class=\"wp-block-columns is-layout-flex wp-container-core-columns-is-layout-9d6595d7 wp-block-columns-is-layout-flex\">\n<div class=\"wp-block-column is-vertically-aligned-center text-fond-clair is-layout-flow wp-block-column-is-layout-flow\" style=\"flex-basis:40%\">\n<h2 class=\"ls__heading wp-block-heading\">Mobile home and pitch hire near Terra Botanica<\/h2>\n\n\n\n<p class=\"ls-paragraph\">Pour votre s\u00e9jour, nous proposons une <strong>gamme vari\u00e9e d\u2019h\u00e9bergements<\/strong> : <a href=\"https:\/\/www.campingduportcaroline.fr\/en\/location-mobil-home-brain-sur-authion\/\">mobil-homes modernes<\/a>, h\u00e9bergements atypiques et <a href=\"https:\/\/www.campingduportcaroline.fr\/en\/pitch-rental-brain-sur-authion\/\">emplacements spacieux<\/a>. Chaque location est con\u00e7ue pour allier confort, fonctionnalit\u00e9 et immersion dans la nature. Que ce soit pour un week-end ou une semaine, vous trouverez la formule id\u00e9ale pour vivre pleinement l\u2019aventure du v\u00e9g\u00e9tal au sein de notre camping pr\u00e8s de Terra Botanica.  <\/p>\n<\/div>\n\n\n\n<div class=\"wp-block-column is-vertically-aligned-center image is-layout-flow wp-block-column-is-layout-flow\" style=\"flex-basis:60%\">\n<figure class=\"wp-block-image size-full arrondi-petit animated slideInRight delay-200ms slow\"><a href=\"https:\/\/www.campingduportcaroline.fr\/wp-content\/uploads\/2022\/12\/Terra_Nocta-cLUG_creation-1407-AnjouTourisme-1920px.jpg\"><img decoding=\"async\" width=\"1280\" height=\"1920\" src=\"https:\/\/www.campingduportcaroline.fr\/wp-content\/uploads\/2022\/12\/Terra_Nocta-cLUG_creation-1407-AnjouTourisme-1920px.jpg\" alt=\"\" class=\"wp-image-7223\" srcset=\"https:\/\/www.campingduportcaroline.fr\/wp-content\/uploads\/2022\/12\/Terra_Nocta-cLUG_creation-1407-AnjouTourisme-1920px.jpg 1280w, https:\/\/www.campingduportcaroline.fr\/wp-content\/uploads\/2022\/12\/Terra_Nocta-cLUG_creation-1407-AnjouTourisme-1920px-200x300.jpg 200w, https:\/\/www.campingduportcaroline.fr\/wp-content\/uploads\/2022\/12\/Terra_Nocta-cLUG_creation-1407-AnjouTourisme-1920px-683x1024.jpg 683w, https:\/\/www.campingduportcaroline.fr\/wp-content\/uploads\/2022\/12\/Terra_Nocta-cLUG_creation-1407-AnjouTourisme-1920px-768x1152.jpg 768w, https:\/\/www.campingduportcaroline.fr\/wp-content\/uploads\/2022\/12\/Terra_Nocta-cLUG_creation-1407-AnjouTourisme-1920px-1024x1536.jpg 1024w\" sizes=\"(max-width: 1280px) 100vw, 1280px\" \/><\/a><\/figure>\n<\/div>\n<\/div>\n\n\n    <\/div>\n<\/section>\n\n<section id=\"ls-section-block_3164f1fe9641c1a1b82bb0236db72ffa\" class=\"ls-section  has-p-t p-t-14 has-p-b p-b-14\" >\n        <div class=\"container container--wide\">\n        \n\n<div id=\"ls-heading ls-titre-div-block_43de03baafaf07622df5d1a08acefea4\" class=\"ls-titre-div aligncenter h2-like has-p-b p-b-4\" >\n    Discover the services and the swimming pool of <\/br><span>our campsite<\/span><\/div>\n\n\n\n<div id=\"ls-maillage-block_bf276f1edd6814efef59aed8c2eb66c3\" class=\"ls-maillage cta-style-normal\" data-rows=\"3\">\n\n    <div class=\"wp-block-columns\"><div class=\"wp-block-column ls-cta\">\n\n<a href=\"https:\/\/www.campingduportcaroline.fr\/en\/campsite-fishing-brain-on-authion\/\" target=\"\" rel=\"noopener\" class=\"ls-cta__link\">\n\n\t<div class=\"ls-cta__image\"><img decoding=\"async\" src=\"https:\/\/www.campingduportcaroline.fr\/wp-content\/uploads\/2022\/12\/riviere-peche-768x544.jpg\" alt=\"riviere peche\"><\/div>\n\t<div class=\"ls-cta__title\">\n\t\tFishing on the Loire\t<\/div>\n\n\t\t\n<\/a><\/div><div class=\"wp-block-column ls-cta\">\n\n<a href=\"https:\/\/www.campingduportcaroline.fr\/en\/campsite-heated-aquatic-space-brain-sur-authion\/\" target=\"\" rel=\"noopener\" class=\"ls-cta__link\">\n\n\t<div class=\"ls-cta__image\"><img decoding=\"async\" src=\"https:\/\/www.campingduportcaroline.fr\/wp-content\/uploads\/2022\/11\/camping-du-port-caroline-avec-piscine-couverte-a-brain-sur-lauthion-768x512.jpg\" alt=\"camping port caroline\"><\/div>\n\t<div class=\"ls-cta__title\">\n\t\tPool\t<\/div>\n\n\t\t\n<\/a><\/div><div class=\"wp-block-column ls-cta\">\n\n<a href=\"https:\/\/www.campingduportcaroline.fr\/en\/campsite-family-brain-sur-authion\/\" target=\"\" rel=\"noopener\" class=\"ls-cta__link\">\n\n\t<div class=\"ls-cta__image\"><img decoding=\"async\" src=\"https:\/\/www.campingduportcaroline.fr\/wp-content\/uploads\/2022\/12\/air-de-jeux-enfants-768x544.jpg\" alt=\"air de jeux enfants\"><\/div>\n\t<div class=\"ls-cta__title\">\n\t\tServices\t<\/div>\n\n\t\t\n<\/a><\/div><\/div>\n<\/div>\n\n    <\/div>\n<\/section>","protected":false},"excerpt":{"rendered":"","protected":false},"author":1,"featured_media":7235,"parent":0,"menu_order":0,"comment_status":"closed","ping_status":"closed","template":"","meta":{"_acf_changed":false,"inline_featured_image":false,"footnotes":""},"sujet":[],"class_list":["post-7205","page","type-page","status-publish","has-post-thumbnail","hentry"],"acf":[],"yoast_head":"<!-- This site is optimized with the Yoast SEO plugin v23.4 - https:\/\/yoast.com\/wordpress\/plugins\/seo\/ -->\n<title>Campsite near Terra Botanica, 15 minutes away | Swimming pool &amp; Mobile homes<\/title>\n<meta name=\"description\" content=\"Just 15 minutes from Terra Botanica, Port Caroline campsite welcomes you to the Loire region, in a lush green setting with a heated swimming pool, mobile homes and spacious pitches.\" \/>\n<meta name=\"robots\" content=\"index, follow, max-snippet:-1, max-image-preview:large, max-video-preview:-1\" \/>\n<link rel=\"canonical\" href=\"https:\/\/www.campingduportcaroline.fr\/en\/camping-terra-botanica\/\" \/>\n<meta property=\"og:locale\" content=\"en_US\" \/>\n<meta property=\"og:type\" content=\"article\" \/>\n<meta property=\"og:title\" content=\"Campsite near Terra Botanica, 15 minutes away | Swimming pool &amp; Mobile homes\" \/>\n<meta property=\"og:description\" content=\"Just 15 minutes from Terra Botanica, Port Caroline campsite welcomes you to the Loire region, in a lush green setting with a heated swimming pool, mobile homes and spacious pitches.\" \/>\n<meta property=\"og:url\" content=\"https:\/\/www.campingduportcaroline.fr\/en\/camping-terra-botanica\/\" \/>\n<meta property=\"og:site_name\" content=\"Camping du Port Caroline\" \/>\n<meta property=\"article:modified_time\" content=\"2026-03-13T08:07:13+00:00\" \/>\n<meta property=\"og:image\" content=\"https:\/\/www.campingduportcaroline.fr\/wp-content\/uploads\/2022\/12\/Terra_botanica_-_Parc_vegetal-cSebastien_GAUDARD-4698-AnjouTourisme-1920px.jpg\" \/>\n\t<meta property=\"og:image:width\" content=\"1920\" \/>\n\t<meta property=\"og:image:height\" content=\"1279\" \/>\n\t<meta property=\"og:image:type\" content=\"image\/jpeg\" \/>\n<meta name=\"twitter:card\" content=\"summary_large_image\" \/>\n<meta name=\"twitter:label1\" content=\"Est. reading time\" \/>\n\t<meta name=\"twitter:data1\" content=\"3 minutes\" \/>\n<script type=\"application\/ld+json\" class=\"yoast-schema-graph\">{\"@context\":\"https:\/\/schema.org\",\"@graph\":[{\"@type\":\"WebPage\",\"@id\":\"https:\/\/www.campingduportcaroline.fr\/en\/camping-terra-botanica\/\",\"url\":\"https:\/\/www.campingduportcaroline.fr\/en\/camping-terra-botanica\/\",\"name\":\"Campsite near Terra Botanica, 15 minutes away | Swimming pool & Mobile homes\",\"isPartOf\":{\"@id\":\"https:\/\/www.campingduportcaroline.fr\/#website\"},\"primaryImageOfPage\":{\"@id\":\"https:\/\/www.campingduportcaroline.fr\/en\/camping-terra-botanica\/#primaryimage\"},\"image\":{\"@id\":\"https:\/\/www.campingduportcaroline.fr\/en\/camping-terra-botanica\/#primaryimage\"},\"thumbnailUrl\":\"https:\/\/www.campingduportcaroline.fr\/wp-content\/uploads\/2022\/12\/Terra_botanica_-_Parc_vegetal-cSebastien_GAUDARD-4698-AnjouTourisme-1920px.jpg\",\"datePublished\":\"2026-03-13T08:07:12+00:00\",\"dateModified\":\"2026-03-13T08:07:13+00:00\",\"description\":\"Just 15 minutes from Terra Botanica, Port Caroline campsite welcomes you to the Loire region, in a lush green setting with a heated swimming pool, mobile homes and spacious pitches.\",\"breadcrumb\":{\"@id\":\"https:\/\/www.campingduportcaroline.fr\/en\/camping-terra-botanica\/#breadcrumb\"},\"inLanguage\":\"en-US\",\"potentialAction\":[{\"@type\":\"ReadAction\",\"target\":[\"https:\/\/www.campingduportcaroline.fr\/en\/camping-terra-botanica\/\"]}]},{\"@type\":\"ImageObject\",\"inLanguage\":\"en-US\",\"@id\":\"https:\/\/www.campingduportcaroline.fr\/en\/camping-terra-botanica\/#primaryimage\",\"url\":\"https:\/\/www.campingduportcaroline.fr\/wp-content\/uploads\/2022\/12\/Terra_botanica_-_Parc_vegetal-cSebastien_GAUDARD-4698-AnjouTourisme-1920px.jpg\",\"contentUrl\":\"https:\/\/www.campingduportcaroline.fr\/wp-content\/uploads\/2022\/12\/Terra_botanica_-_Parc_vegetal-cSebastien_GAUDARD-4698-AnjouTourisme-1920px.jpg\",\"width\":1920,\"height\":1279,\"caption\":\"Terra botanica, parc d'attraction du vegetal.\"},{\"@type\":\"BreadcrumbList\",\"@id\":\"https:\/\/www.campingduportcaroline.fr\/en\/camping-terra-botanica\/#breadcrumb\",\"itemListElement\":[{\"@type\":\"ListItem\",\"position\":1,\"name\":\"Port Caroline campsite\",\"item\":\"https:\/\/www.campingduportcaroline.fr\/en\/\"},{\"@type\":\"ListItem\",\"position\":2,\"name\":\"Camping proche de Terra Botanica\"}]},{\"@type\":\"WebSite\",\"@id\":\"https:\/\/www.campingduportcaroline.fr\/#website\",\"url\":\"https:\/\/www.campingduportcaroline.fr\/\",\"name\":\"Camping du Port Caroline\",\"description\":\"\",\"publisher\":{\"@id\":\"https:\/\/www.campingduportcaroline.fr\/#organization\"},\"potentialAction\":[{\"@type\":\"SearchAction\",\"target\":{\"@type\":\"EntryPoint\",\"urlTemplate\":\"https:\/\/www.campingduportcaroline.fr\/?s={search_term_string}\"},\"query-input\":{\"@type\":\"PropertyValueSpecification\",\"valueRequired\":true,\"valueName\":\"search_term_string\"}}],\"inLanguage\":\"en-US\"},{\"@type\":\"Organization\",\"@id\":\"https:\/\/www.campingduportcaroline.fr\/#organization\",\"name\":\"Camping du Port Caroline\",\"url\":\"https:\/\/www.campingduportcaroline.fr\/\",\"logo\":{\"@type\":\"ImageObject\",\"inLanguage\":\"en-US\",\"@id\":\"https:\/\/www.campingduportcaroline.fr\/#\/schema\/logo\/image\/\",\"url\":\"https:\/\/www.campingduportcaroline.fr\/wp-content\/uploads\/2022\/11\/favicon-1.png\",\"contentUrl\":\"https:\/\/www.campingduportcaroline.fr\/wp-content\/uploads\/2022\/11\/favicon-1.png\",\"width\":512,\"height\":512,\"caption\":\"Camping du Port Caroline\"},\"image\":{\"@id\":\"https:\/\/www.campingduportcaroline.fr\/#\/schema\/logo\/image\/\"}}]}<\/script>\n<!-- \/ Yoast SEO plugin. -->","yoast_head_json":{"title":"Campsite near Terra Botanica, 15 minutes away | Swimming pool & Mobile homes","description":"Just 15 minutes from Terra Botanica, Port Caroline campsite welcomes you to the Loire region, in a lush green setting with a heated swimming pool, mobile homes and spacious pitches.","robots":{"index":"index","follow":"follow","max-snippet":"max-snippet:-1","max-image-preview":"max-image-preview:large","max-video-preview":"max-video-preview:-1"},"canonical":"https:\/\/www.campingduportcaroline.fr\/en\/camping-terra-botanica\/","og_locale":"en_US","og_type":"article","og_title":"Campsite near Terra Botanica, 15 minutes away | Swimming pool & Mobile homes","og_description":"Just 15 minutes from Terra Botanica, Port Caroline campsite welcomes you to the Loire region, in a lush green setting with a heated swimming pool, mobile homes and spacious pitches.","og_url":"https:\/\/www.campingduportcaroline.fr\/en\/camping-terra-botanica\/","og_site_name":"Camping du Port Caroline","article_modified_time":"2026-03-13T08:07:13+00:00","og_image":[{"width":1920,"height":1279,"url":"https:\/\/www.campingduportcaroline.fr\/wp-content\/uploads\/2022\/12\/Terra_botanica_-_Parc_vegetal-cSebastien_GAUDARD-4698-AnjouTourisme-1920px.jpg","type":"image\/jpeg"}],"twitter_card":"summary_large_image","twitter_misc":{"Est. reading time":"3 minutes"},"schema":{"@context":"https:\/\/schema.org","@graph":[{"@type":"WebPage","@id":"https:\/\/www.campingduportcaroline.fr\/en\/camping-terra-botanica\/","url":"https:\/\/www.campingduportcaroline.fr\/en\/camping-terra-botanica\/","name":"Campsite near Terra Botanica, 15 minutes away | Swimming pool & Mobile homes","isPartOf":{"@id":"https:\/\/www.campingduportcaroline.fr\/#website"},"primaryImageOfPage":{"@id":"https:\/\/www.campingduportcaroline.fr\/en\/camping-terra-botanica\/#primaryimage"},"image":{"@id":"https:\/\/www.campingduportcaroline.fr\/en\/camping-terra-botanica\/#primaryimage"},"thumbnailUrl":"https:\/\/www.campingduportcaroline.fr\/wp-content\/uploads\/2022\/12\/Terra_botanica_-_Parc_vegetal-cSebastien_GAUDARD-4698-AnjouTourisme-1920px.jpg","datePublished":"2026-03-13T08:07:12+00:00","dateModified":"2026-03-13T08:07:13+00:00","description":"Just 15 minutes from Terra Botanica, Port Caroline campsite welcomes you to the Loire region, in a lush green setting with a heated swimming pool, mobile homes and spacious pitches.","breadcrumb":{"@id":"https:\/\/www.campingduportcaroline.fr\/en\/camping-terra-botanica\/#breadcrumb"},"inLanguage":"en-US","potentialAction":[{"@type":"ReadAction","target":["https:\/\/www.campingduportcaroline.fr\/en\/camping-terra-botanica\/"]}]},{"@type":"ImageObject","inLanguage":"en-US","@id":"https:\/\/www.campingduportcaroline.fr\/en\/camping-terra-botanica\/#primaryimage","url":"https:\/\/www.campingduportcaroline.fr\/wp-content\/uploads\/2022\/12\/Terra_botanica_-_Parc_vegetal-cSebastien_GAUDARD-4698-AnjouTourisme-1920px.jpg","contentUrl":"https:\/\/www.campingduportcaroline.fr\/wp-content\/uploads\/2022\/12\/Terra_botanica_-_Parc_vegetal-cSebastien_GAUDARD-4698-AnjouTourisme-1920px.jpg","width":1920,"height":1279,"caption":"Terra botanica, parc d'attraction du vegetal."},{"@type":"BreadcrumbList","@id":"https:\/\/www.campingduportcaroline.fr\/en\/camping-terra-botanica\/#breadcrumb","itemListElement":[{"@type":"ListItem","position":1,"name":"Port Caroline campsite","item":"https:\/\/www.campingduportcaroline.fr\/en\/"},{"@type":"ListItem","position":2,"name":"Camping proche de Terra Botanica"}]},{"@type":"WebSite","@id":"https:\/\/www.campingduportcaroline.fr\/#website","url":"https:\/\/www.campingduportcaroline.fr\/","name":"Camping du Port Caroline","description":"","publisher":{"@id":"https:\/\/www.campingduportcaroline.fr\/#organization"},"potentialAction":[{"@type":"SearchAction","target":{"@type":"EntryPoint","urlTemplate":"https:\/\/www.campingduportcaroline.fr\/?s={search_term_string}"},"query-input":{"@type":"PropertyValueSpecification","valueRequired":true,"valueName":"search_term_string"}}],"inLanguage":"en-US"},{"@type":"Organization","@id":"https:\/\/www.campingduportcaroline.fr\/#organization","name":"Camping du Port Caroline","url":"https:\/\/www.campingduportcaroline.fr\/","logo":{"@type":"ImageObject","inLanguage":"en-US","@id":"https:\/\/www.campingduportcaroline.fr\/#\/schema\/logo\/image\/","url":"https:\/\/www.campingduportcaroline.fr\/wp-content\/uploads\/2022\/11\/favicon-1.png","contentUrl":"https:\/\/www.campingduportcaroline.fr\/wp-content\/uploads\/2022\/11\/favicon-1.png","width":512,"height":512,"caption":"Camping du Port Caroline"},"image":{"@id":"https:\/\/www.campingduportcaroline.fr\/#\/schema\/logo\/image\/"}}]}},"_links":{"self":[{"href":"https:\/\/www.campingduportcaroline.fr\/en\/wp-json\/wp\/v2\/pages\/7205","targetHints":{"allow":["GET"]}}],"collection":[{"href":"https:\/\/www.campingduportcaroline.fr\/en\/wp-json\/wp\/v2\/pages"}],"about":[{"href":"https:\/\/www.campingduportcaroline.fr\/en\/wp-json\/wp\/v2\/types\/page"}],"author":[{"embeddable":true,"href":"https:\/\/www.campingduportcaroline.fr\/en\/wp-json\/wp\/v2\/users\/1"}],"replies":[{"embeddable":true,"href":"https:\/\/www.campingduportcaroline.fr\/en\/wp-json\/wp\/v2\/comments?post=7205"}],"version-history":[{"count":2,"href":"https:\/\/www.campingduportcaroline.fr\/en\/wp-json\/wp\/v2\/pages\/7205\/revisions"}],"predecessor-version":[{"id":7336,"href":"https:\/\/www.campingduportcaroline.fr\/en\/wp-json\/wp\/v2\/pages\/7205\/revisions\/7336"}],"wp:featuredmedia":[{"embeddable":true,"href":"https:\/\/www.campingduportcaroline.fr\/en\/wp-json\/wp\/v2\/media\/7235"}],"wp:attachment":[{"href":"https:\/\/www.campingduportcaroline.fr\/en\/wp-json\/wp\/v2\/media?parent=7205"}],"wp:term":[{"taxonomy":"sujet","embeddable":true,"href":"https:\/\/www.campingduportcaroline.fr\/en\/wp-json\/wp\/v2\/sujet?post=7205"}],"curies":[{"name":"wp","href":"https:\/\/api.w.org\/{rel}","templated":true}]}}