{"id":3872,"date":"2023-02-24T16:25:16","date_gmt":"2023-02-24T15:25:16","guid":{"rendered":"https:\/\/www.campingduportcaroline.fr\/contact-toegang\/"},"modified":"2023-03-03T14:45:47","modified_gmt":"2023-03-03T13:45:47","slug":"contact-toegang","status":"publish","type":"page","link":"https:\/\/www.campingduportcaroline.fr\/nl\/contact-toegang\/","title":{"rendered":"Contact et acc\u00e8s"},"content":{"rendered":"<section id=\"ls-section-block_eca4fbfbff91d20212158095b2b19e5e\" class=\"ls-section \" >\n        <div class=\"container \">\n        \n\n<h1 class=\"ls__heading has-text-align-center wp-block-heading\">Contact en toegang tot de camping<\/h1>\n\n\n    <\/div>\n<\/section>\n\n<section id=\"ls-section-block_cd62c9e49250c9dec9764be1e3d6ade0\" class=\"ls-section \" >\n        <div class=\"container container--wide\">\n        \n\n<div class=\"wp-block-columns is-layout-flex wp-container-core-columns-is-layout-9d6595d7 wp-block-columns-is-layout-flex\">\n<div class=\"wp-block-column is-layout-flow wp-block-column-is-layout-flow\">\n<h2 class=\"ls-heading wp-block-heading\">Contact opnemen met de camping<\/h2>\n\n\n\n<div class=\"wp-block-columns is-layout-flex wp-container-core-columns-is-layout-9d6595d7 wp-block-columns-is-layout-flex\">\n<div class=\"wp-block-column is-layout-flow wp-block-column-is-layout-flow\" style=\"flex-basis:40%\"><div class=\"wp-block-image arrondi\">\n<figure class=\"aligncenter size-full\"><img decoding=\"async\" width=\"542\" height=\"542\" src=\"https:\/\/www.campingduportcaroline.fr\/wp-content\/uploads\/2022\/11\/camping-du-port-caroline-camping-familial.jpg\" alt=\"H\u00e9l\u00e8ne &amp; St\u00e9phane\" class=\"wp-image-1032\" srcset=\"https:\/\/www.campingduportcaroline.fr\/wp-content\/uploads\/2022\/11\/camping-du-port-caroline-camping-familial.jpg 542w, https:\/\/www.campingduportcaroline.fr\/wp-content\/uploads\/2022\/11\/camping-du-port-caroline-camping-familial-300x300.jpg 300w, https:\/\/www.campingduportcaroline.fr\/wp-content\/uploads\/2022\/11\/camping-du-port-caroline-camping-familial-150x150.jpg 150w\" sizes=\"(max-width: 542px) 100vw, 542px\" \/><\/figure>\n<\/div><\/div>\n\n\n\n<div class=\"wp-block-column is-vertically-aligned-center is-layout-flow wp-block-column-is-layout-flow\">\n<p class=\"ls-paragraph\">Een warm welkom en vriendelijkheid zijn de sleutelwoorden <a href=\"https:\/\/www.campingduportcaroline.fr\/nl\/\">op Camping*** du Port Caroline.<\/a> <\/p>\n\n\n\n<p class=\"ls-paragraph\">Vanaf uw reservering tot uw aankomst op de camping staan wij klaar om u te adviseren over uw wensen en budget voor een geslaagde <strong>vakantie met familie of vrienden.<\/strong> <\/p>\n<\/div>\n<\/div>\n\n\n\n<p class=\"ls-paragraph\">Wij zorgen voor u en uw familie tijdens uw verblijf en adviseren u over sightseeing, wandelen, fietsen, vrijetijdsactiviteiten en evenementen in de omgeving.<\/p>\n\n\n\n<p class=\"ls-paragraph\">Elke zondag in het seizoen organiseren wij het traditionele welkomstdrankje, een gelegenheid om het programma van de week voor te stellen en in te spelen op uw specifieke behoeften. Een gezellig moment van samenzijn dat plaatsvindt op het terras van de bar van de camping. <\/p>\n\n\n\n<p class=\"ls-paragraph\">Neem contact met ons op: <strong>+33 (0)2 41 80 42 18<\/strong><\/p>\n<\/div>\n\n\n\n<div class=\"wp-block-column is-layout-flow wp-block-column-is-layout-flow\">\n<div class=\"wpcf7 no-js\" id=\"wpcf7-f4242-o1\" lang=\"fr-FR\" dir=\"ltr\">\n<div class=\"screen-reader-response\"><p role=\"status\" aria-live=\"polite\" aria-atomic=\"true\"><\/p> <ul><\/ul><\/div>\n<form action=\"\/nl\/wp-json\/wp\/v2\/pages\/3872#wpcf7-f4242-o1\" method=\"post\" class=\"wpcf7-form init\" aria-label=\"Formulaire de contact\" novalidate=\"novalidate\" data-status=\"init\">\n<div style=\"display: none;\">\n<input type=\"hidden\" name=\"_wpcf7\" value=\"4242\" \/>\n<input type=\"hidden\" name=\"_wpcf7_version\" value=\"5.9.8\" \/>\n<input type=\"hidden\" name=\"_wpcf7_locale\" value=\"fr_FR\" \/>\n<input type=\"hidden\" name=\"_wpcf7_unit_tag\" value=\"wpcf7-f4242-o1\" \/>\n<input type=\"hidden\" name=\"_wpcf7_container_post\" value=\"0\" \/>\n<input type=\"hidden\" name=\"_wpcf7_posted_data_hash\" value=\"\" \/>\n<input type=\"hidden\" name=\"_wpcf7_recaptcha_response\" value=\"\" \/>\n<\/div>\n<p><label> Uw naam<br \/>\n<span class=\"wpcf7-form-control-wrap\" data-name=\"your-name\"><input size=\"40\" maxlength=\"400\" class=\"wpcf7-form-control wpcf7-text wpcf7-validates-as-required\" aria-required=\"true\" aria-invalid=\"false\" value=\"\" type=\"text\" name=\"your-name\" \/><\/span> <\/label>\n<\/p>\n<p><label> Uw e-mail<br \/>\n<span class=\"wpcf7-form-control-wrap\" data-name=\"your-email\"><input size=\"40\" maxlength=\"400\" class=\"wpcf7-form-control wpcf7-email wpcf7-validates-as-required wpcf7-text wpcf7-validates-as-email\" aria-required=\"true\" aria-invalid=\"false\" value=\"\" type=\"email\" name=\"your-email\" \/><\/span> <\/label>\n<\/p>\n<p><label> Onderwerp<br \/>\n<span class=\"wpcf7-form-control-wrap\" data-name=\"your-subject\"><input size=\"40\" maxlength=\"400\" class=\"wpcf7-form-control wpcf7-text wpcf7-validates-as-required\" aria-required=\"true\" aria-invalid=\"false\" value=\"\" type=\"text\" name=\"your-subject\" \/><\/span> <\/label>\n<\/p>\n<p><label> Uw bericht<br \/>\n<span class=\"wpcf7-form-control-wrap\" data-name=\"your-message\"><textarea cols=\"40\" rows=\"10\" maxlength=\"2000\" class=\"wpcf7-form-control wpcf7-textarea\" aria-invalid=\"false\" name=\"your-message\"><\/textarea><\/span> <\/label>\n<\/p>\n<p><span class=\"wpcf7-form-control-wrap\" data-name=\"acceptance-553\"><span class=\"wpcf7-form-control wpcf7-acceptance\"><span class=\"wpcf7-list-item\"><label><input type=\"checkbox\" name=\"acceptance-553\" value=\"1\" aria-invalid=\"false\" \/><span class=\"wpcf7-list-item-label\">Door dit vakje aan te vinken, accepteer ik de <a href=\"\/nl\/privacybeleid\/\" rel=\"nofollow\" target=\"_blank\">Privacybeleid<\/a> van deze site.<\/span><\/label><\/span><\/span><\/span><input class=\"wpcf7-form-control wpcf7-submit has-spinner\" type=\"submit\" value=\"Stuur\" \/>\n<\/p><div class=\"wpcf7-response-output\" aria-hidden=\"true\"><\/div>\n<\/form>\n<\/div>\n\n<\/div>\n<\/div>\n\n\n    <\/div>\n<\/section>\n\n<section id=\"ls-section-block_398733ca857811692185ec2b5fb17169\" class=\"ls-section  page-parallax image-right has-parallax has-background has-color-7-background-color has-p-t p-t-20 has-p-b p-b-20\" >\n        <div class=\"container container--wide\">\n        \n\n<div class=\"wp-block-columns is-layout-flex wp-container-core-columns-is-layout-9d6595d7 wp-block-columns-is-layout-flex\">\n<div class=\"wp-block-column is-vertically-aligned-center text-fond-noir is-layout-flow wp-block-column-is-layout-flow\" style=\"flex-basis:40%\">\n<h2 class=\"ls__heading has-color-white-color has-text-color wp-block-heading\">Naar de camping in Brain sur l&#8217;Authion komen<\/h2>\n\n\n\n<p class=\"ls-paragraph has-color-white-color has-text-color\"><strong>Camping du Port Carolinestrong<br><\/strong>, lbRue du Pont Caroline <br>49800 Brain sur l&#8217;Authion<br>(nieuwe gemeente Loire-Authion)<\/p>\n\n\n\n<p class=\"ls-paragraph arrondi has-color-white-color has-text-color\"><strong>Ideale ligging van de camping: <\/strong><\/p>\n\n\n\n<ul class=\"ls-list wp-block-list\">\n<li>5 min van de oevers van de Loire <\/li>\n\n\n\n<li>15 minuten van het kasteel van Angers<\/li>\n\n\n\n<li class=\"white\">20 minuten van Terra Botanica<\/li>\n\n\n\n<li>40 minuten van Saumur &#8211; Zoo de la F\u00e8che &#8211; Bioparc de Dou\u00e9 la Fontaines. <\/li>\n\n\n\n<li>60 min van Nantes<\/li>\n<\/ul>\n<\/div>\n\n\n\n<div class=\"wp-block-column is-vertically-aligned-center image is-layout-flow wp-block-column-is-layout-flow\" style=\"flex-basis:60%\">\n<iframe src=\"https:\/\/www.google.com\/maps\/embed?pb=!1m18!1m12!1m3!1d2698.4281477438617!2d-0.41004568437516087!3d47.44259297917407!2m3!1f0!2f0!3f0!3m2!1i1024!2i768!4f13.1!3m3!1m2!1s0x4807d8acab60b223%3A0x9189c095be6e4482!2sFlower%20Camping%20du%20Port%20Caroline%20(ouverture%201er%20avril%202023)!5e0!3m2!1sfr!2sfr!4v1671029075987!5m2!1sfr!2sfr\" width=\"100%\" height=\"450\" style=\"border:0;\" allowfullscreen=\"\" loading=\"lazy\" referrerpolicy=\"no-referrer-when-downgrade\" class=\"arrondi-petit animated slideInRight delay-200ms slow\"><\/iframe>\n<\/div>\n<\/div>\n\n\n    <\/div>\n<\/section>\n\n<section id=\"infos\" class=\"ls-section  page-one has-p-t p-t-14 has-p-b p-b-14\" >\n        <div class=\"container container--wide\">\n        \n\n<div class=\"wp-block-columns is-layout-flex wp-container-core-columns-is-layout-9d6595d7 wp-block-columns-is-layout-flex\">\n<div class=\"wp-block-column is-layout-flow wp-block-column-is-layout-flow\"><\/div>\n\n\n\n<div class=\"wp-block-column right is-layout-flow wp-block-column-is-layout-flow\">\n<figure class=\"wp-block-image is-resized fleur\"><img decoding=\"async\" src=\"https:\/\/www.campingduportcaroline.fr\/wp-content\/uploads\/2022\/11\/fleur.png\" alt=\"bloem\" class=\"wp-image-275\" width=\"256\" height=\"256\" srcset=\"https:\/\/www.campingduportcaroline.fr\/wp-content\/uploads\/2022\/11\/fleur.png 512w, https:\/\/www.campingduportcaroline.fr\/wp-content\/uploads\/2022\/11\/fleur-300x300.png 300w, https:\/\/www.campingduportcaroline.fr\/wp-content\/uploads\/2022\/11\/fleur-150x150.png 150w\" sizes=\"(max-width: 256px) 100vw, 256px\" \/><\/figure>\n<\/div>\n<\/div>\n\n\n\n<div class=\"wp-block-columns is-layout-flex wp-container-core-columns-is-layout-9d6595d7 wp-block-columns-is-layout-flex\">\n<div class=\"wp-block-column is-vertically-aligned-center is-layout-flow wp-block-column-is-layout-flow\" style=\"flex-basis:100%\">\n<h2 class=\"ls__heading has-text-align-center wp-block-heading\">Praktische informatie<\/h2>\n\n\n\n<p class=\"ls-paragraph has-text-align-left\">Verhuur is mogelijk vanaf 16.00 uur, vertrek voor 10.00 uur.<br>Kampeerplaatsen zijn beschikbaar om 14.30 uur, vertrek voor 12.00 uur.<br>Vroege aankomst en laat vertrek mogelijk (vraag de camping naar de voorwaarden).<\/p>\n\n\n\n<p class=\"ls-paragraph has-text-align-left\"><strong>Nieuw<\/strong>: een verhuuraanbod van zondag tot zondag in juli en augustus om ontspannen te rijden.<\/p>\n\n\n\n<p class=\"ls-paragraph has-text-align-left\">De receptie is open:<\/p>\n\n\n\n<ul class=\"ls-list wp-block-list\">\n<li>9:00 tot 12:00 en 14:30 tot 18:00 april, mei en september<\/li>\n\n\n\n<li>9:00 tot 12:00 en 14:30 tot 18:30 juni, juli en augustus<\/li>\n<\/ul>\n\n\n\n<p class=\"ls-paragraph has-text-align-left\">Bij aankomst wordt een borg van 250\u20ac per huurwoning gevraagd.<\/p>\n\n\n\n<p class=\"ls-paragraph has-text-align-left\">Wat zijn de aankomst- en vertrektijden? <strong>      <\/strong>                                            <\/p>\n\n\n\n<ul class=\"ls-list wp-block-list\">\n<li>Kampeerplaatsen: Aankomsttijd: 14 uur; vertrektijd: 12 uur. <\/li>\n\n\n\n<li>Stacaravans en ingerichte tenten: Aankomsttijd: 16 uur; vertrektijd: 10 uur.<br><\/li>\n<\/ul>\n\n\n\n<p class=\"ls-paragraph has-text-align-left\">Late aankomsten: in geval van aankomst na 19:00, gelieve ons te verwittigen per telefoon op <strong>02.41.80.42.18<\/strong> of per e-mail <strong>info@campingduportcaroline.fr.<\/strong><\/p>\n<\/div>\n<\/div>\n\n\n    <\/div>\n<\/section>","protected":false},"excerpt":{"rendered":"","protected":false},"author":1,"featured_media":0,"parent":0,"menu_order":0,"comment_status":"closed","ping_status":"closed","template":"","meta":{"_acf_changed":false,"inline_featured_image":false,"footnotes":""},"sujet":[],"class_list":["post-3872","page","type-page","status-publish","hentry"],"acf":[],"yoast_head":"<!-- This site is optimized with the Yoast SEO plugin v23.4 - https:\/\/yoast.com\/wordpress\/plugins\/seo\/ -->\n<title>Contact opnemen met camping Pays de la Loire | Routebeschrijving naar camping Angers<\/title>\n<meta name=\"robots\" content=\"index, follow, max-snippet:-1, max-image-preview:large, max-video-preview:-1\" \/>\n<link rel=\"canonical\" href=\"https:\/\/www.campingduportcaroline.fr\/nl\/contact-toegang\/\" \/>\n<meta property=\"og:locale\" content=\"nl_NL\" \/>\n<meta property=\"og:type\" content=\"article\" \/>\n<meta property=\"og:title\" content=\"Contact opnemen met camping Pays de la Loire | Routebeschrijving naar camping Angers\" \/>\n<meta property=\"og:url\" content=\"https:\/\/www.campingduportcaroline.fr\/nl\/contact-toegang\/\" \/>\n<meta property=\"og:site_name\" content=\"Camping du Port Caroline\" \/>\n<meta property=\"article:modified_time\" content=\"2023-03-03T13:45:47+00:00\" \/>\n<meta property=\"og:image\" content=\"https:\/\/www.campingduportcaroline.fr\/wp-content\/uploads\/2022\/11\/camping-du-port-caroline-camping-familial.jpg\" \/>\n<meta name=\"twitter:card\" content=\"summary_large_image\" \/>\n<meta name=\"twitter:label1\" content=\"Geschatte leestijd\" \/>\n\t<meta name=\"twitter:data1\" content=\"3 minuten\" \/>\n<script type=\"application\/ld+json\" class=\"yoast-schema-graph\">{\"@context\":\"https:\/\/schema.org\",\"@graph\":[{\"@type\":\"WebPage\",\"@id\":\"https:\/\/www.campingduportcaroline.fr\/nl\/contact-toegang\/\",\"url\":\"https:\/\/www.campingduportcaroline.fr\/nl\/contact-toegang\/\",\"name\":\"Contact opnemen met camping Pays de la Loire | Routebeschrijving naar camping Angers\",\"isPartOf\":{\"@id\":\"https:\/\/www.campingduportcaroline.fr\/#website\"},\"primaryImageOfPage\":{\"@id\":\"https:\/\/www.campingduportcaroline.fr\/nl\/contact-toegang\/#primaryimage\"},\"image\":{\"@id\":\"https:\/\/www.campingduportcaroline.fr\/nl\/contact-toegang\/#primaryimage\"},\"thumbnailUrl\":\"https:\/\/www.campingduportcaroline.fr\/wp-content\/uploads\/2022\/11\/camping-du-port-caroline-camping-familial.jpg\",\"datePublished\":\"2023-02-24T15:25:16+00:00\",\"dateModified\":\"2023-03-03T13:45:47+00:00\",\"breadcrumb\":{\"@id\":\"https:\/\/www.campingduportcaroline.fr\/nl\/contact-toegang\/#breadcrumb\"},\"inLanguage\":\"nl-NL\",\"potentialAction\":[{\"@type\":\"ReadAction\",\"target\":[\"https:\/\/www.campingduportcaroline.fr\/nl\/contact-toegang\/\"]}]},{\"@type\":\"ImageObject\",\"inLanguage\":\"nl-NL\",\"@id\":\"https:\/\/www.campingduportcaroline.fr\/nl\/contact-toegang\/#primaryimage\",\"url\":\"https:\/\/www.campingduportcaroline.fr\/wp-content\/uploads\/2022\/11\/camping-du-port-caroline-camping-familial.jpg\",\"contentUrl\":\"https:\/\/www.campingduportcaroline.fr\/wp-content\/uploads\/2022\/11\/camping-du-port-caroline-camping-familial.jpg\"},{\"@type\":\"BreadcrumbList\",\"@id\":\"https:\/\/www.campingduportcaroline.fr\/nl\/contact-toegang\/#breadcrumb\",\"itemListElement\":[{\"@type\":\"ListItem\",\"position\":1,\"name\":\"Camping Port Caroline\",\"item\":\"https:\/\/www.campingduportcaroline.fr\/nl\/\"},{\"@type\":\"ListItem\",\"position\":2,\"name\":\"Contact & routebeschrijving\"}]},{\"@type\":\"WebSite\",\"@id\":\"https:\/\/www.campingduportcaroline.fr\/#website\",\"url\":\"https:\/\/www.campingduportcaroline.fr\/\",\"name\":\"Camping du Port Caroline\",\"description\":\"\",\"publisher\":{\"@id\":\"https:\/\/www.campingduportcaroline.fr\/#organization\"},\"potentialAction\":[{\"@type\":\"SearchAction\",\"target\":{\"@type\":\"EntryPoint\",\"urlTemplate\":\"https:\/\/www.campingduportcaroline.fr\/?s={search_term_string}\"},\"query-input\":{\"@type\":\"PropertyValueSpecification\",\"valueRequired\":true,\"valueName\":\"search_term_string\"}}],\"inLanguage\":\"nl-NL\"},{\"@type\":\"Organization\",\"@id\":\"https:\/\/www.campingduportcaroline.fr\/#organization\",\"name\":\"Camping du Port Caroline\",\"url\":\"https:\/\/www.campingduportcaroline.fr\/\",\"logo\":{\"@type\":\"ImageObject\",\"inLanguage\":\"nl-NL\",\"@id\":\"https:\/\/www.campingduportcaroline.fr\/#\/schema\/logo\/image\/\",\"url\":\"https:\/\/www.campingduportcaroline.fr\/wp-content\/uploads\/2022\/11\/favicon-1.png\",\"contentUrl\":\"https:\/\/www.campingduportcaroline.fr\/wp-content\/uploads\/2022\/11\/favicon-1.png\",\"width\":512,\"height\":512,\"caption\":\"Camping du Port Caroline\"},\"image\":{\"@id\":\"https:\/\/www.campingduportcaroline.fr\/#\/schema\/logo\/image\/\"}}]}<\/script>\n<!-- \/ Yoast SEO plugin. -->","yoast_head_json":{"title":"Contact opnemen met camping Pays de la Loire | Routebeschrijving naar camping Angers","robots":{"index":"index","follow":"follow","max-snippet":"max-snippet:-1","max-image-preview":"max-image-preview:large","max-video-preview":"max-video-preview:-1"},"canonical":"https:\/\/www.campingduportcaroline.fr\/nl\/contact-toegang\/","og_locale":"nl_NL","og_type":"article","og_title":"Contact opnemen met camping Pays de la Loire | Routebeschrijving naar camping Angers","og_url":"https:\/\/www.campingduportcaroline.fr\/nl\/contact-toegang\/","og_site_name":"Camping du Port Caroline","article_modified_time":"2023-03-03T13:45:47+00:00","og_image":[{"url":"https:\/\/www.campingduportcaroline.fr\/wp-content\/uploads\/2022\/11\/camping-du-port-caroline-camping-familial.jpg"}],"twitter_card":"summary_large_image","twitter_misc":{"Geschatte leestijd":"3 minuten"},"schema":{"@context":"https:\/\/schema.org","@graph":[{"@type":"WebPage","@id":"https:\/\/www.campingduportcaroline.fr\/nl\/contact-toegang\/","url":"https:\/\/www.campingduportcaroline.fr\/nl\/contact-toegang\/","name":"Contact opnemen met camping Pays de la Loire | Routebeschrijving naar camping Angers","isPartOf":{"@id":"https:\/\/www.campingduportcaroline.fr\/#website"},"primaryImageOfPage":{"@id":"https:\/\/www.campingduportcaroline.fr\/nl\/contact-toegang\/#primaryimage"},"image":{"@id":"https:\/\/www.campingduportcaroline.fr\/nl\/contact-toegang\/#primaryimage"},"thumbnailUrl":"https:\/\/www.campingduportcaroline.fr\/wp-content\/uploads\/2022\/11\/camping-du-port-caroline-camping-familial.jpg","datePublished":"2023-02-24T15:25:16+00:00","dateModified":"2023-03-03T13:45:47+00:00","breadcrumb":{"@id":"https:\/\/www.campingduportcaroline.fr\/nl\/contact-toegang\/#breadcrumb"},"inLanguage":"nl-NL","potentialAction":[{"@type":"ReadAction","target":["https:\/\/www.campingduportcaroline.fr\/nl\/contact-toegang\/"]}]},{"@type":"ImageObject","inLanguage":"nl-NL","@id":"https:\/\/www.campingduportcaroline.fr\/nl\/contact-toegang\/#primaryimage","url":"https:\/\/www.campingduportcaroline.fr\/wp-content\/uploads\/2022\/11\/camping-du-port-caroline-camping-familial.jpg","contentUrl":"https:\/\/www.campingduportcaroline.fr\/wp-content\/uploads\/2022\/11\/camping-du-port-caroline-camping-familial.jpg"},{"@type":"BreadcrumbList","@id":"https:\/\/www.campingduportcaroline.fr\/nl\/contact-toegang\/#breadcrumb","itemListElement":[{"@type":"ListItem","position":1,"name":"Camping Port Caroline","item":"https:\/\/www.campingduportcaroline.fr\/nl\/"},{"@type":"ListItem","position":2,"name":"Contact & routebeschrijving"}]},{"@type":"WebSite","@id":"https:\/\/www.campingduportcaroline.fr\/#website","url":"https:\/\/www.campingduportcaroline.fr\/","name":"Camping du Port Caroline","description":"","publisher":{"@id":"https:\/\/www.campingduportcaroline.fr\/#organization"},"potentialAction":[{"@type":"SearchAction","target":{"@type":"EntryPoint","urlTemplate":"https:\/\/www.campingduportcaroline.fr\/?s={search_term_string}"},"query-input":{"@type":"PropertyValueSpecification","valueRequired":true,"valueName":"search_term_string"}}],"inLanguage":"nl-NL"},{"@type":"Organization","@id":"https:\/\/www.campingduportcaroline.fr\/#organization","name":"Camping du Port Caroline","url":"https:\/\/www.campingduportcaroline.fr\/","logo":{"@type":"ImageObject","inLanguage":"nl-NL","@id":"https:\/\/www.campingduportcaroline.fr\/#\/schema\/logo\/image\/","url":"https:\/\/www.campingduportcaroline.fr\/wp-content\/uploads\/2022\/11\/favicon-1.png","contentUrl":"https:\/\/www.campingduportcaroline.fr\/wp-content\/uploads\/2022\/11\/favicon-1.png","width":512,"height":512,"caption":"Camping du Port Caroline"},"image":{"@id":"https:\/\/www.campingduportcaroline.fr\/#\/schema\/logo\/image\/"}}]}},"_links":{"self":[{"href":"https:\/\/www.campingduportcaroline.fr\/nl\/wp-json\/wp\/v2\/pages\/3872","targetHints":{"allow":["GET"]}}],"collection":[{"href":"https:\/\/www.campingduportcaroline.fr\/nl\/wp-json\/wp\/v2\/pages"}],"about":[{"href":"https:\/\/www.campingduportcaroline.fr\/nl\/wp-json\/wp\/v2\/types\/page"}],"author":[{"embeddable":true,"href":"https:\/\/www.campingduportcaroline.fr\/nl\/wp-json\/wp\/v2\/users\/1"}],"replies":[{"embeddable":true,"href":"https:\/\/www.campingduportcaroline.fr\/nl\/wp-json\/wp\/v2\/comments?post=3872"}],"version-history":[{"count":6,"href":"https:\/\/www.campingduportcaroline.fr\/nl\/wp-json\/wp\/v2\/pages\/3872\/revisions"}],"predecessor-version":[{"id":4361,"href":"https:\/\/www.campingduportcaroline.fr\/nl\/wp-json\/wp\/v2\/pages\/3872\/revisions\/4361"}],"wp:attachment":[{"href":"https:\/\/www.campingduportcaroline.fr\/nl\/wp-json\/wp\/v2\/media?parent=3872"}],"wp:term":[{"taxonomy":"sujet","embeddable":true,"href":"https:\/\/www.campingduportcaroline.fr\/nl\/wp-json\/wp\/v2\/sujet?post=3872"}],"curies":[{"name":"wp","href":"https:\/\/api.w.org\/{rel}","templated":true}]}}