{"id":3894,"date":"2023-02-27T09:29:24","date_gmt":"2023-02-27T08:29:24","guid":{"rendered":"https:\/\/www.campingduportcaroline.fr\/kamp-pays-de-la-loire\/camping-angers\/"},"modified":"2023-02-28T12:26:04","modified_gmt":"2023-02-28T11:26:04","slug":"camping-angers","status":"publish","type":"page","link":"https:\/\/www.campingduportcaroline.fr\/nl\/kamp-pays-de-la-loire\/camping-angers\/","title":{"rendered":"Angers"},"content":{"rendered":"<section id=\"ls-section-block_7cadd8991f3371637c6608e7c23d8dfb\" class=\"ls-section  page-entete\" >\n        <div class=\"container \">\n        \n\n<h1 class=\"ls__heading has-text-align-center animated fadeInUp delay-200ms slow wp-block-heading\">Vakantie camping Angers<\/h1>\n\n\n    <\/div>\n<\/section><section id=\"ls-section-block_b8adf7b8c9fdf5771e81408103a71077\" class=\"ls-section  page-one has-p-b p-b-14\" >\n        <div class=\"container container--wide\">\n        \n\n<div class=\"wp-block-columns is-layout-flex wp-container-core-columns-is-layout-9d6595d7 wp-block-columns-is-layout-flex\">\n<div class=\"wp-block-column is-layout-flow wp-block-column-is-layout-flow\" style=\"flex-basis:60%\">\n<figure class=\"wp-block-image size-full arrondi\"><a href=\"https:\/\/www.campingduportcaroline.fr\/wp-content\/uploads\/2022\/12\/chateau-angers.jpg\"><img decoding=\"async\" width=\"790\" height=\"560\" src=\"https:\/\/www.campingduportcaroline.fr\/wp-content\/uploads\/2022\/12\/chateau-angers.jpg\" alt=\"kasteel angers\" class=\"wp-image-1550\" srcset=\"https:\/\/www.campingduportcaroline.fr\/wp-content\/uploads\/2022\/12\/chateau-angers.jpg 790w, https:\/\/www.campingduportcaroline.fr\/wp-content\/uploads\/2022\/12\/chateau-angers-300x213.jpg 300w, https:\/\/www.campingduportcaroline.fr\/wp-content\/uploads\/2022\/12\/chateau-angers-768x544.jpg 768w\" sizes=\"(max-width: 790px) 100vw, 790px\" \/><\/a><\/figure>\n<\/div>\n\n\n\n<div class=\"wp-block-column is-vertically-aligned-center is-layout-flow wp-block-column-is-layout-flow\" style=\"flex-basis:40%\">\n<h2 class=\"ls-heading wp-block-heading\">Bezoek de stad Angers<\/h2>\n\n\n\n<p class=\"ls-paragraph\">Angers, dat op de <strong>Werelderfgoedlijst van de UNESCO<\/strong> staat en als Stad van Kunst en Geschiedenis wordt bestempeld, is een niet te missen stad tijdens uw <a href=\"\/\">kampeervakantie in Maine et Loire<\/a>. Het is de hoofdstad van de regio Anjou en een onmisbare halte op de <strong>route van de kastelen<\/strong> van de Pays de la Loire. Het combineert erfgoed en pittoreske pleinen om geschiedenisliefhebbers te bekoren. <\/p>\n\n\n\n<p class=\"ls-paragraph\">Begin uw ontdekkingstocht met een bezoek aan het Ch\u00e2teau d&#8217;Angers, een middeleeuwse architectuur waarvan de faam de grenzen heeft overschreden. Het maakt indruk met zijn 17 tweekleurige torens van leisteen en tufsteen.<\/p>\n<\/div>\n<\/div>\n\n\n    <\/div>\n<\/section><section id=\"ls-section-block_3704b0b5dd38c73fb82b89d1e2ec0ac2\" class=\"ls-section  page-parallax image-right has-parallax has-background has-color-7-background-color has-p-t p-t-20 has-p-b p-b-20\" >\n        <div class=\"container container--wide\">\n        \n\n<div class=\"wp-block-columns is-layout-flex wp-container-core-columns-is-layout-9d6595d7 wp-block-columns-is-layout-flex\">\n<div class=\"wp-block-column is-vertically-aligned-center text-fond-noir is-layout-flow wp-block-column-is-layout-flow\" style=\"flex-basis:40%\">\n<p class=\"ls-paragraph has-color-white-color has-text-color\">Hier vindt u het beroemde Apocalyps-tapijt, een middeleeuws wandtapijt van meer dan 100 meter lang, het juweel van de tijd. En aangezien u zich in het hart van de stad bevindt, hoeft u alleen <strong>maar door de geplaveide straten<\/strong> te slenteren om de kathedraal St-Maurice, het huis van de kapelaan, de Galeries Lafayette en het Grand Th\u00e9\u00e2tre en de prachtige vakwerkhuizen met leien daken te ontdekken. <\/p>\n\n\n\n<p class=\"ls-paragraph has-color-white-color has-text-color\">Kunstliefhebbers kunnen de galerie van David d&#8217;Angers bezoeken en de werken van deze beroemde beeldhouwer uit Angers bewonderen. Aan de andere kant van de rivier de Maine kunt u de wijk Doutre bezoeken, waar u het Jean-Lur\u00e7at en Hedendaags Tapijtmuseum vindt, met als meesterwerk &#8220;Le Chant du Monde&#8221;, een uitzonderlijk <strong>kleurrijk kunstwerk.<\/strong><\/p>\n<\/div>\n\n\n\n<div class=\"wp-block-column is-vertically-aligned-center image is-layout-flow wp-block-column-is-layout-flow\" style=\"flex-basis:60%\">\n<figure class=\"wp-block-image size-full arrondi-petit animated slideInRight delay-200ms slow\"><a href=\"https:\/\/www.campingduportcaroline.fr\/wp-content\/uploads\/2022\/12\/quartier-de-la-doutre.jpg\"><img decoding=\"async\" width=\"790\" height=\"560\" src=\"https:\/\/www.campingduportcaroline.fr\/wp-content\/uploads\/2022\/12\/quartier-de-la-doutre.jpg\" alt=\"Doutre wijk\" class=\"wp-image-1554\" srcset=\"https:\/\/www.campingduportcaroline.fr\/wp-content\/uploads\/2022\/12\/quartier-de-la-doutre.jpg 790w, https:\/\/www.campingduportcaroline.fr\/wp-content\/uploads\/2022\/12\/quartier-de-la-doutre-300x213.jpg 300w, https:\/\/www.campingduportcaroline.fr\/wp-content\/uploads\/2022\/12\/quartier-de-la-doutre-768x544.jpg 768w\" sizes=\"(max-width: 790px) 100vw, 790px\" \/><\/a><\/figure>\n<\/div>\n<\/div>\n\n\n    <\/div>\n<\/section><section id=\"ls-section-block_6e7c814cd2e9d4089ad0704845849bc4\" class=\"ls-section  page-one has-p-t p-t-14 has-p-b p-b-14\" >\n        <div class=\"container container--wide\">\n        \n\n<div class=\"wp-block-columns is-layout-flex wp-container-core-columns-is-layout-9d6595d7 wp-block-columns-is-layout-flex\">\n<div class=\"wp-block-column is-layout-flow wp-block-column-is-layout-flow\"><\/div>\n\n\n\n<div class=\"wp-block-column right is-layout-flow wp-block-column-is-layout-flow\">\n<figure class=\"wp-block-image is-resized fleur\"><img decoding=\"async\" src=\"https:\/\/www.campingduportcaroline.fr\/wp-content\/uploads\/2022\/11\/fleur.png\" alt=\"bloem\" class=\"wp-image-275\" width=\"256\" height=\"256\" srcset=\"https:\/\/www.campingduportcaroline.fr\/wp-content\/uploads\/2022\/11\/fleur.png 512w, https:\/\/www.campingduportcaroline.fr\/wp-content\/uploads\/2022\/11\/fleur-300x300.png 300w, https:\/\/www.campingduportcaroline.fr\/wp-content\/uploads\/2022\/11\/fleur-150x150.png 150w\" sizes=\"(max-width: 256px) 100vw, 256px\" \/><\/figure>\n<\/div>\n<\/div>\n\n\n\n<div class=\"wp-block-columns is-layout-flex wp-container-core-columns-is-layout-9d6595d7 wp-block-columns-is-layout-flex\">\n<div class=\"wp-block-column is-layout-flow wp-block-column-is-layout-flow\" style=\"flex-basis:60%\">\n<figure class=\"wp-block-image size-full arrondi\"><a href=\"https:\/\/www.campingduportcaroline.fr\/wp-content\/uploads\/2022\/12\/angers-loire.jpg\"><img decoding=\"async\" width=\"790\" height=\"560\" src=\"https:\/\/www.campingduportcaroline.fr\/wp-content\/uploads\/2022\/12\/angers-loire.jpg\" alt=\"angers loire\" class=\"wp-image-1527\" srcset=\"https:\/\/www.campingduportcaroline.fr\/wp-content\/uploads\/2022\/12\/angers-loire.jpg 790w, https:\/\/www.campingduportcaroline.fr\/wp-content\/uploads\/2022\/12\/angers-loire-300x213.jpg 300w, https:\/\/www.campingduportcaroline.fr\/wp-content\/uploads\/2022\/12\/angers-loire-768x544.jpg 768w\" sizes=\"(max-width: 790px) 100vw, 790px\" \/><\/a><\/figure>\n<\/div>\n\n\n\n<div class=\"wp-block-column is-vertically-aligned-center is-layout-flow wp-block-column-is-layout-flow\" style=\"flex-basis:40%\">\n<h2 class=\"ls-heading wp-block-heading\">Toeristische must-see sites<\/h2>\n\n\n\n<p class=\"ls-paragraph\">Rondom de Doutre ontdekt u mooie straatjes met een dorpsgevoel. De Place du Tertre, de Abbaye du Ronceray met zijn opmerkelijke lange schip en het haventje van La Savatte zijn zeer <strong>aangename plaatsen<\/strong> om rond te wandelen.<\/p>\n\n\n\n<p class=\"ls-paragraph\">Voor een <strong>gezinsuitstapje<\/strong> in Angers kunt u ook het Mus\u00e9e des Beaux-Arts bezoeken, met een opmerkelijke collectie van 300 schilderijen en beeldhouwwerken uit de 11e tot de 20e eeuw; en het Mus\u00e9e Cointreau, een leuk museum waar kinderen dol op zijn. <\/p>\n\n\n\n<p class=\"ls-paragraph\">In het Mus\u00e9e de l&#8217;Ardoise de Tr\u00e9laz\u00e9 (leisteenmuseum) komt u meer te weten over de leisteenindustrie en kunt u een originele demonstratie leisteen splijten bijwonen.<\/p>\n<\/div>\n<\/div>\n\n\n    <\/div>\n<\/section><section id=\"ls-section-block_224a268251abdf4cce8cb590af8acfe2\" class=\"ls-section  page-parallax image-right has-background-image has-parallax has-background has-color-white-background-color has-p-t p-t-20 has-p-b p-b-20\" >\n    <div class=\"ls-section__background-image opacity-60\"><img decoding=\"async\" src=\"https:\/\/www.campingduportcaroline.fr\/wp-content\/uploads\/2022\/11\/bois.jpg\" alt=\"bois\"><\/div>    <div class=\"container container--wide\">\n        \n\n<div class=\"wp-block-columns is-layout-flex wp-container-core-columns-is-layout-9d6595d7 wp-block-columns-is-layout-flex\">\n<div class=\"wp-block-column is-vertically-aligned-center text-fond-clair is-layout-flow wp-block-column-is-layout-flow\" style=\"flex-basis:40%\">\n<p class=\"ls-paragraph\">Vergeet niet te stoppen bij de <strong>gastronomische restaurants<\/strong> ter plaatse: Le Dix-Septi\u00e8me en Le Favre d&#8217;Anne, Casa Corneille, of Au Go\u00fbt du jour. De vis uit de Loire wordt beter bereid dan elders: snoekbaars of snoek, gekookt met een boter- of zuring saus, en specialiteiten zoals cr\u00e9met d&#8217;Anjou met aardbei of appel. De plaatselijke delicatesse, <strong>Quernon<\/strong>, is een must. Dit snoepje heeft de vorm van een kleine rechthoek van gekarameliseerde nougatine met amandelen en hazelnoten omhuld met blauwe chocolade. <\/p>\n\n\n\n<p class=\"ls-paragraph\">De sportievelingen kunnen de leuke <strong>wandel of fietsroutes volgen<\/strong> om talrijke sites te ontdekken, waarvan sommige op de werelderfgoedlijst van <strong>UNESCO<\/strong> staan. Rivierpendels bieden ook cruises langs de Loire aan.<\/p>\n<\/div>\n\n\n\n<div class=\"wp-block-column is-vertically-aligned-center image is-layout-flow wp-block-column-is-layout-flow\" style=\"flex-basis:60%\">\n<figure class=\"wp-block-image size-full arrondi-petit animated slideInRight delay-200ms slow\"><a href=\"https:\/\/www.campingduportcaroline.fr\/wp-content\/uploads\/2023\/02\/camping-velo-anjou.webp\"><img decoding=\"async\" width=\"900\" height=\"638\" src=\"https:\/\/www.campingduportcaroline.fr\/wp-content\/uploads\/2023\/02\/camping-velo-anjou.webp\" alt=\"camping velo anjou\" class=\"wp-image-3740\" srcset=\"https:\/\/www.campingduportcaroline.fr\/wp-content\/uploads\/2023\/02\/camping-velo-anjou.webp 900w, https:\/\/www.campingduportcaroline.fr\/wp-content\/uploads\/2023\/02\/camping-velo-anjou-300x213.webp 300w, https:\/\/www.campingduportcaroline.fr\/wp-content\/uploads\/2023\/02\/camping-velo-anjou-768x544.webp 768w\" sizes=\"(max-width: 900px) 100vw, 900px\" \/><\/a><\/figure>\n<\/div>\n<\/div>\n\n\n    <\/div>\n<\/section><section id=\"ls-section-block_219d92b977d5c26c91cd492853ef0634\" class=\"ls-section  page-avis has-background has-color-white-background-color has-p-t p-t-14 has-p-b p-b-0\" >\n        <div class=\"container container--wide\">\n        \n<div class=\"wp-block-image papillon animated fadeIn delay-500ms slow\">\n<figure class=\"alignleft size-large is-resized\"><img decoding=\"async\" src=\"https:\/\/www.campingduportcaroline.fr\/wp-content\/uploads\/2023\/01\/camping-du-port-caroline-aquarelle-oiseaux-&#xA9;Olivier-Loir-925x1024.webp\" alt=\"camping pays de la loire\" class=\"wp-image-3348\" width=\"463\" height=\"512\"\/><\/figure>\n<\/div>\n\n    <\/div>\n<\/section><section id=\"ls-section-block_1d8ae28f1ea46a717a82463ae0e97dfb\" class=\"ls-section  has-p-t p-t-14 has-p-b p-b-14\" >\n        <div class=\"container container--wide\">\n        \n\n<div id=\"ls-heading ls-titre-div-block_6474b97c824748095b554061ce1212c6\" class=\"ls-titre-div aligncenter h2-like has-p-b p-b-4\" >\n    Om de omgeving te ontdekken <\/br><span>van onze camping<\/span><\/div>\n\n\n\n<div id=\"ls-maillage-block_f0c75b27a2f9fbec07250ea1e06a230a\" class=\"ls-maillage cta-style-normal\" data-rows=\"3\">\n\n    <div class=\"wp-block-columns\"><div class=\"wp-block-column ls-cta\">\n\n<a href=\"https:\/\/www.campingduportcaroline.fr\/nl\/kamp-pays-de-la-loire\/\" target=\"\" rel=\"noopener\" class=\"ls-cta__link\">\n\n\t<div class=\"ls-cta__image\"><img decoding=\"async\" src=\"https:\/\/www.campingduportcaroline.fr\/wp-content\/uploads\/2022\/12\/angers-loire-768x544.jpg\" alt=\"angers loire\"><\/div>\n\t<div class=\"ls-cta__title\">\n\t\tPays de la loire\t<\/div>\n\n\t\t\n<\/a><\/div><div class=\"wp-block-column ls-cta\">\n\n<a href=\"https:\/\/www.campingduportcaroline.fr\/nl\/kamp-pays-de-la-loire\/wandelroutes-maine-loire\/\" target=\"\" rel=\"noopener\" class=\"ls-cta__link\">\n\n\t<div class=\"ls-cta__image\"><img decoding=\"async\" src=\"https:\/\/www.campingduportcaroline.fr\/wp-content\/uploads\/2022\/12\/randonnee-port-caroline-loire.jpg\" alt=\"randonn\u00e9 port caroline loire\"><\/div>\n\t<div class=\"ls-cta__title\">\n\t\tRandonn\u00e9e \u00e0 pied\t<\/div>\n\n\t\t\n<\/a><\/div><div class=\"wp-block-column ls-cta\">\n\n<a href=\"https:\/\/www.campingduportcaroline.fr\/nl\/kamp-pays-de-la-loire\/camping-fietsers-brain-sur-authion\/\" target=\"\" rel=\"noopener\" class=\"ls-cta__link\">\n\n\t<div class=\"ls-cta__image\"><img decoding=\"async\" src=\"https:\/\/www.campingduportcaroline.fr\/wp-content\/uploads\/2022\/12\/randonnee-familiale-a-velo-port-caroline.jpg\" alt=\"randonnee familial port caroline\"><\/div>\n\t<div class=\"ls-cta__title\">\n\t\tRandonn\u00e9e \u00e0 v\u00e9lo\t<\/div>\n\n\t\t\n<\/a><\/div><\/div>\n<\/div>\n\n    <\/div>\n<\/section>","protected":false},"excerpt":{"rendered":"","protected":false},"author":1,"featured_media":3323,"parent":3892,"menu_order":0,"comment_status":"closed","ping_status":"closed","template":"","meta":{"_acf_changed":false,"inline_featured_image":false,"footnotes":""},"sujet":[],"class_list":["post-3894","page","type-page","status-publish","has-post-thumbnail","hentry"],"acf":[],"yoast_head":"<!-- This site is optimized with the Yoast SEO plugin v23.4 - https:\/\/yoast.com\/wordpress\/plugins\/seo\/ -->\n<title>Camping Angers - Vakantie en toerisme in Angers | Bezoek Angers 49007<\/title>\n<meta name=\"description\" content=\"Tijdens uw volgende verblijf in de Pays de la Loire is onze camping Port Caroline ideaal gelegen in de stad Angers.\" \/>\n<meta name=\"robots\" content=\"index, follow, max-snippet:-1, max-image-preview:large, max-video-preview:-1\" \/>\n<link rel=\"canonical\" href=\"https:\/\/www.campingduportcaroline.fr\/nl\/kamp-pays-de-la-loire\/camping-angers\/\" \/>\n<meta property=\"og:locale\" content=\"nl_NL\" \/>\n<meta property=\"og:type\" content=\"article\" \/>\n<meta property=\"og:title\" content=\"Camping Angers - Vakantie en toerisme in Angers | Bezoek Angers 49007\" \/>\n<meta property=\"og:description\" content=\"Tijdens uw volgende verblijf in de Pays de la Loire is onze camping Port Caroline ideaal gelegen in de stad Angers.\" \/>\n<meta property=\"og:url\" content=\"https:\/\/www.campingduportcaroline.fr\/nl\/kamp-pays-de-la-loire\/camping-angers\/\" \/>\n<meta property=\"og:site_name\" content=\"Camping du Port Caroline\" \/>\n<meta property=\"article:modified_time\" content=\"2023-02-28T11:26:04+00:00\" \/>\n<meta property=\"og:image\" content=\"https:\/\/www.campingduportcaroline.fr\/wp-content\/uploads\/2022\/12\/angers-proche-camping-du-port-caroline.webp\" \/>\n\t<meta property=\"og:image:width\" content=\"1900\" \/>\n\t<meta property=\"og:image:height\" content=\"696\" \/>\n\t<meta property=\"og:image:type\" content=\"image\/webp\" \/>\n<meta name=\"twitter:card\" content=\"summary_large_image\" \/>\n<meta name=\"twitter:label1\" content=\"Geschatte leestijd\" \/>\n\t<meta name=\"twitter:data1\" content=\"2 minuten\" \/>\n<script type=\"application\/ld+json\" class=\"yoast-schema-graph\">{\"@context\":\"https:\/\/schema.org\",\"@graph\":[{\"@type\":\"WebPage\",\"@id\":\"https:\/\/www.campingduportcaroline.fr\/nl\/kamp-pays-de-la-loire\/camping-angers\/\",\"url\":\"https:\/\/www.campingduportcaroline.fr\/nl\/kamp-pays-de-la-loire\/camping-angers\/\",\"name\":\"Camping Angers - Vakantie en toerisme in Angers | Bezoek Angers 49007\",\"isPartOf\":{\"@id\":\"https:\/\/www.campingduportcaroline.fr\/#website\"},\"primaryImageOfPage\":{\"@id\":\"https:\/\/www.campingduportcaroline.fr\/nl\/kamp-pays-de-la-loire\/camping-angers\/#primaryimage\"},\"image\":{\"@id\":\"https:\/\/www.campingduportcaroline.fr\/nl\/kamp-pays-de-la-loire\/camping-angers\/#primaryimage\"},\"thumbnailUrl\":\"https:\/\/www.campingduportcaroline.fr\/wp-content\/uploads\/2022\/12\/angers-proche-camping-du-port-caroline.webp\",\"datePublished\":\"2023-02-27T08:29:24+00:00\",\"dateModified\":\"2023-02-28T11:26:04+00:00\",\"description\":\"Tijdens uw volgende verblijf in de Pays de la Loire is onze camping Port Caroline ideaal gelegen in de stad Angers.\",\"breadcrumb\":{\"@id\":\"https:\/\/www.campingduportcaroline.fr\/nl\/kamp-pays-de-la-loire\/camping-angers\/#breadcrumb\"},\"inLanguage\":\"nl-NL\",\"potentialAction\":[{\"@type\":\"ReadAction\",\"target\":[\"https:\/\/www.campingduportcaroline.fr\/nl\/kamp-pays-de-la-loire\/camping-angers\/\"]}]},{\"@type\":\"ImageObject\",\"inLanguage\":\"nl-NL\",\"@id\":\"https:\/\/www.campingduportcaroline.fr\/nl\/kamp-pays-de-la-loire\/camping-angers\/#primaryimage\",\"url\":\"https:\/\/www.campingduportcaroline.fr\/wp-content\/uploads\/2022\/12\/angers-proche-camping-du-port-caroline.webp\",\"contentUrl\":\"https:\/\/www.campingduportcaroline.fr\/wp-content\/uploads\/2022\/12\/angers-proche-camping-du-port-caroline.webp\",\"width\":1900,\"height\":696,\"caption\":\"camping angers\"},{\"@type\":\"BreadcrumbList\",\"@id\":\"https:\/\/www.campingduportcaroline.fr\/nl\/kamp-pays-de-la-loire\/camping-angers\/#breadcrumb\",\"itemListElement\":[{\"@type\":\"ListItem\",\"position\":1,\"name\":\"Camping Port Caroline\",\"item\":\"https:\/\/www.campingduportcaroline.fr\/nl\/\"},{\"@type\":\"ListItem\",\"position\":2,\"name\":\"Uitgaan in de Loire streek\",\"item\":\"https:\/\/www.campingduportcaroline.fr\/nl\/kamp-pays-de-la-loire\/\"},{\"@type\":\"ListItem\",\"position\":3,\"name\":\"Vakantie camping Angers\"}]},{\"@type\":\"WebSite\",\"@id\":\"https:\/\/www.campingduportcaroline.fr\/#website\",\"url\":\"https:\/\/www.campingduportcaroline.fr\/\",\"name\":\"Camping du Port Caroline\",\"description\":\"\",\"publisher\":{\"@id\":\"https:\/\/www.campingduportcaroline.fr\/#organization\"},\"potentialAction\":[{\"@type\":\"SearchAction\",\"target\":{\"@type\":\"EntryPoint\",\"urlTemplate\":\"https:\/\/www.campingduportcaroline.fr\/?s={search_term_string}\"},\"query-input\":{\"@type\":\"PropertyValueSpecification\",\"valueRequired\":true,\"valueName\":\"search_term_string\"}}],\"inLanguage\":\"nl-NL\"},{\"@type\":\"Organization\",\"@id\":\"https:\/\/www.campingduportcaroline.fr\/#organization\",\"name\":\"Camping du Port Caroline\",\"url\":\"https:\/\/www.campingduportcaroline.fr\/\",\"logo\":{\"@type\":\"ImageObject\",\"inLanguage\":\"nl-NL\",\"@id\":\"https:\/\/www.campingduportcaroline.fr\/#\/schema\/logo\/image\/\",\"url\":\"https:\/\/www.campingduportcaroline.fr\/wp-content\/uploads\/2022\/11\/favicon-1.png\",\"contentUrl\":\"https:\/\/www.campingduportcaroline.fr\/wp-content\/uploads\/2022\/11\/favicon-1.png\",\"width\":512,\"height\":512,\"caption\":\"Camping du Port Caroline\"},\"image\":{\"@id\":\"https:\/\/www.campingduportcaroline.fr\/#\/schema\/logo\/image\/\"}}]}<\/script>\n<!-- \/ Yoast SEO plugin. -->","yoast_head_json":{"title":"Camping Angers - Vakantie en toerisme in Angers | Bezoek Angers 49007","description":"Tijdens uw volgende verblijf in de Pays de la Loire is onze camping Port Caroline ideaal gelegen in de stad Angers.","robots":{"index":"index","follow":"follow","max-snippet":"max-snippet:-1","max-image-preview":"max-image-preview:large","max-video-preview":"max-video-preview:-1"},"canonical":"https:\/\/www.campingduportcaroline.fr\/nl\/kamp-pays-de-la-loire\/camping-angers\/","og_locale":"nl_NL","og_type":"article","og_title":"Camping Angers - Vakantie en toerisme in Angers | Bezoek Angers 49007","og_description":"Tijdens uw volgende verblijf in de Pays de la Loire is onze camping Port Caroline ideaal gelegen in de stad Angers.","og_url":"https:\/\/www.campingduportcaroline.fr\/nl\/kamp-pays-de-la-loire\/camping-angers\/","og_site_name":"Camping du Port Caroline","article_modified_time":"2023-02-28T11:26:04+00:00","og_image":[{"width":1900,"height":696,"url":"https:\/\/www.campingduportcaroline.fr\/wp-content\/uploads\/2022\/12\/angers-proche-camping-du-port-caroline.webp","type":"image\/webp"}],"twitter_card":"summary_large_image","twitter_misc":{"Geschatte leestijd":"2 minuten"},"schema":{"@context":"https:\/\/schema.org","@graph":[{"@type":"WebPage","@id":"https:\/\/www.campingduportcaroline.fr\/nl\/kamp-pays-de-la-loire\/camping-angers\/","url":"https:\/\/www.campingduportcaroline.fr\/nl\/kamp-pays-de-la-loire\/camping-angers\/","name":"Camping Angers - Vakantie en toerisme in Angers | Bezoek Angers 49007","isPartOf":{"@id":"https:\/\/www.campingduportcaroline.fr\/#website"},"primaryImageOfPage":{"@id":"https:\/\/www.campingduportcaroline.fr\/nl\/kamp-pays-de-la-loire\/camping-angers\/#primaryimage"},"image":{"@id":"https:\/\/www.campingduportcaroline.fr\/nl\/kamp-pays-de-la-loire\/camping-angers\/#primaryimage"},"thumbnailUrl":"https:\/\/www.campingduportcaroline.fr\/wp-content\/uploads\/2022\/12\/angers-proche-camping-du-port-caroline.webp","datePublished":"2023-02-27T08:29:24+00:00","dateModified":"2023-02-28T11:26:04+00:00","description":"Tijdens uw volgende verblijf in de Pays de la Loire is onze camping Port Caroline ideaal gelegen in de stad Angers.","breadcrumb":{"@id":"https:\/\/www.campingduportcaroline.fr\/nl\/kamp-pays-de-la-loire\/camping-angers\/#breadcrumb"},"inLanguage":"nl-NL","potentialAction":[{"@type":"ReadAction","target":["https:\/\/www.campingduportcaroline.fr\/nl\/kamp-pays-de-la-loire\/camping-angers\/"]}]},{"@type":"ImageObject","inLanguage":"nl-NL","@id":"https:\/\/www.campingduportcaroline.fr\/nl\/kamp-pays-de-la-loire\/camping-angers\/#primaryimage","url":"https:\/\/www.campingduportcaroline.fr\/wp-content\/uploads\/2022\/12\/angers-proche-camping-du-port-caroline.webp","contentUrl":"https:\/\/www.campingduportcaroline.fr\/wp-content\/uploads\/2022\/12\/angers-proche-camping-du-port-caroline.webp","width":1900,"height":696,"caption":"camping angers"},{"@type":"BreadcrumbList","@id":"https:\/\/www.campingduportcaroline.fr\/nl\/kamp-pays-de-la-loire\/camping-angers\/#breadcrumb","itemListElement":[{"@type":"ListItem","position":1,"name":"Camping Port Caroline","item":"https:\/\/www.campingduportcaroline.fr\/nl\/"},{"@type":"ListItem","position":2,"name":"Uitgaan in de Loire streek","item":"https:\/\/www.campingduportcaroline.fr\/nl\/kamp-pays-de-la-loire\/"},{"@type":"ListItem","position":3,"name":"Vakantie camping Angers"}]},{"@type":"WebSite","@id":"https:\/\/www.campingduportcaroline.fr\/#website","url":"https:\/\/www.campingduportcaroline.fr\/","name":"Camping du Port Caroline","description":"","publisher":{"@id":"https:\/\/www.campingduportcaroline.fr\/#organization"},"potentialAction":[{"@type":"SearchAction","target":{"@type":"EntryPoint","urlTemplate":"https:\/\/www.campingduportcaroline.fr\/?s={search_term_string}"},"query-input":{"@type":"PropertyValueSpecification","valueRequired":true,"valueName":"search_term_string"}}],"inLanguage":"nl-NL"},{"@type":"Organization","@id":"https:\/\/www.campingduportcaroline.fr\/#organization","name":"Camping du Port Caroline","url":"https:\/\/www.campingduportcaroline.fr\/","logo":{"@type":"ImageObject","inLanguage":"nl-NL","@id":"https:\/\/www.campingduportcaroline.fr\/#\/schema\/logo\/image\/","url":"https:\/\/www.campingduportcaroline.fr\/wp-content\/uploads\/2022\/11\/favicon-1.png","contentUrl":"https:\/\/www.campingduportcaroline.fr\/wp-content\/uploads\/2022\/11\/favicon-1.png","width":512,"height":512,"caption":"Camping du Port Caroline"},"image":{"@id":"https:\/\/www.campingduportcaroline.fr\/#\/schema\/logo\/image\/"}}]}},"_links":{"self":[{"href":"https:\/\/www.campingduportcaroline.fr\/nl\/wp-json\/wp\/v2\/pages\/3894","targetHints":{"allow":["GET"]}}],"collection":[{"href":"https:\/\/www.campingduportcaroline.fr\/nl\/wp-json\/wp\/v2\/pages"}],"about":[{"href":"https:\/\/www.campingduportcaroline.fr\/nl\/wp-json\/wp\/v2\/types\/page"}],"author":[{"embeddable":true,"href":"https:\/\/www.campingduportcaroline.fr\/nl\/wp-json\/wp\/v2\/users\/1"}],"replies":[{"embeddable":true,"href":"https:\/\/www.campingduportcaroline.fr\/nl\/wp-json\/wp\/v2\/comments?post=3894"}],"version-history":[{"count":1,"href":"https:\/\/www.campingduportcaroline.fr\/nl\/wp-json\/wp\/v2\/pages\/3894\/revisions"}],"predecessor-version":[{"id":3895,"href":"https:\/\/www.campingduportcaroline.fr\/nl\/wp-json\/wp\/v2\/pages\/3894\/revisions\/3895"}],"up":[{"embeddable":true,"href":"https:\/\/www.campingduportcaroline.fr\/nl\/wp-json\/wp\/v2\/pages\/3892"}],"wp:featuredmedia":[{"embeddable":true,"href":"https:\/\/www.campingduportcaroline.fr\/nl\/wp-json\/wp\/v2\/media\/3323"}],"wp:attachment":[{"href":"https:\/\/www.campingduportcaroline.fr\/nl\/wp-json\/wp\/v2\/media?parent=3894"}],"wp:term":[{"taxonomy":"sujet","embeddable":true,"href":"https:\/\/www.campingduportcaroline.fr\/nl\/wp-json\/wp\/v2\/sujet?post=3894"}],"curies":[{"name":"wp","href":"https:\/\/api.w.org\/{rel}","templated":true}]}}