{"id":3900,"date":"2023-02-27T10:09:32","date_gmt":"2023-02-27T09:09:32","guid":{"rendered":"https:\/\/www.campingduportcaroline.fr\/kamp-pays-de-la-loire\/parcs-pays-de-la-loire\/"},"modified":"2023-02-28T12:26:17","modified_gmt":"2023-02-28T11:26:17","slug":"parcs-pays-de-la-loire","status":"publish","type":"page","link":"https:\/\/www.campingduportcaroline.fr\/nl\/kamp-pays-de-la-loire\/parcs-pays-de-la-loire\/","title":{"rendered":"Parc \u00e0 th\u00e8mes"},"content":{"rendered":"<section id=\"ls-section-block_0f760cea4a1755c840253fce9e69d499\" class=\"ls-section  page-entete\" >\n        <div class=\"container \">\n        \n\n<h1 class=\"ls__heading has-text-align-center animated fadeInUp delay-200ms slow wp-block-heading\">Voor wat frisse lucht en ontspanning met uw gezin gaat u naar de pretparken!<\/h1>\n\n\n    <\/div>\n<\/section><section id=\"ls-section-block_c788e34ac3d1aafa27a27d783e405313\" class=\"ls-section  page-one has-p-b p-b-14\" >\n        <div class=\"container container--wide\">\n        \n\n<div class=\"wp-block-columns is-layout-flex wp-container-core-columns-is-layout-9d6595d7 wp-block-columns-is-layout-flex\">\n<div class=\"wp-block-column is-layout-flow wp-block-column-is-layout-flow\" style=\"flex-basis:60%\">\n<figure class=\"wp-block-image size-full arrondi\"><a href=\"https:\/\/www.campingduportcaroline.fr\/wp-content\/uploads\/2023\/02\/credit-Photo-Bertrand-BECHARD-TERRA-BOTANICA-2-.webp\"><img decoding=\"async\" width=\"901\" height=\"600\" src=\"https:\/\/www.campingduportcaroline.fr\/wp-content\/uploads\/2023\/02\/credit-Photo-Bertrand-BECHARD-TERRA-BOTANICA-2-.webp\" alt=\"terra botanica\" class=\"wp-image-3675\" srcset=\"https:\/\/www.campingduportcaroline.fr\/wp-content\/uploads\/2023\/02\/credit-Photo-Bertrand-BECHARD-TERRA-BOTANICA-2-.webp 901w, https:\/\/www.campingduportcaroline.fr\/wp-content\/uploads\/2023\/02\/credit-Photo-Bertrand-BECHARD-TERRA-BOTANICA-2--300x200.webp 300w, https:\/\/www.campingduportcaroline.fr\/wp-content\/uploads\/2023\/02\/credit-Photo-Bertrand-BECHARD-TERRA-BOTANICA-2--768x511.webp 768w\" sizes=\"(max-width: 901px) 100vw, 901px\" \/><\/a><figcaption class=\"wp-element-caption\">\u00a9 Bertrand BECHARD<\/figcaption><\/figure>\n<\/div>\n\n\n\n<div class=\"wp-block-column is-vertically-aligned-center is-layout-flow wp-block-column-is-layout-flow\" style=\"flex-basis:40%\">\n<h2 class=\"ls-heading wp-block-heading\">Terra Botanica<\/h2>\n\n\n\n<p class=\"ls-paragraph\">Dit park is <strong>door de Fransen uitgeroepen tot 10e favoriete<\/strong> themapark (bron: Trip Advisor); ondersteund door de regio, nodigt dit park u uit om de wereld van planten en biodiversiteit te ontdekken.<\/p>\n\n\n\n<p class=\"ls-paragraph\">In het hart van het eerste aan planten gewijde park van Europa staan <strong>meer dan 275.000 planten<\/strong> uit alle continenten om u te vertellen over hun fabelachtige odyssee.<\/p>\n\n\n\n<p class=\"ls-paragraph\">3D-bioscoop, boomtoppen, hangende trampolines en boomnetten.<\/p>\n\n\n\n<p class=\"ls-paragraph arrondi\"><a href=\"https:\/\/www.terrabotanica.fr\/\" target=\"_blank\" rel=\"noreferrer noopener nofollow\">Terra Botanica<\/a>, een resoluut natuurlijk themapark dat met de jaren evolueert en groeit&#8230; elk seizoen biedt het park nieuwe mogelijkheden, sinds 2022 nachtelijke evenementen in juli en augustus &#8220;Terra Nocta&#8221; en de Bird Canopy in 2023. Een geweldige ontdekking voor <strong>natuurliefhebbers en liefhebbers<\/strong> van pretparken. Een geweldig idee voor een intergenerationeel uitje. Het is een fantastisch <strong>speel- en uitgaansgebied voor het hele gezin.<\/strong><\/p>\n<\/div>\n<\/div>\n\n\n    <\/div>\n<\/section><section id=\"ls-section-block_e467662887f1c5de771977e9bdb9c361\" class=\"ls-section  page-parallax image-right has-parallax has-background has-color-7-background-color has-p-t p-t-20 has-p-b p-b-20\" >\n        <div class=\"container container--wide\">\n        \n\n<div class=\"wp-block-columns is-layout-flex wp-container-core-columns-is-layout-9d6595d7 wp-block-columns-is-layout-flex\">\n<div class=\"wp-block-column is-vertically-aligned-center text-fond-noir is-layout-flow wp-block-column-is-layout-flow\" style=\"flex-basis:40%\">\n<h2 class=\"ls__heading has-color-white-color has-text-color wp-block-heading\">Biopark<\/h2>\n\n\n\n<p class=\"ls-paragraph has-color-white-color has-text-color\">Het <a href=\"https:\/\/www.bioparc-zoo.fr\/\" target=\"_blank\" rel=\"noreferrer noopener nofollow\">Bioparc<\/a>, de <strong>enige trogdierentuin ter wereld<\/strong>, herbergt <strong>meer dan 1700<\/strong> dieren in een omgeving van 14 hectare in Dou\u00e9 en Anjou.<\/p>\n\n\n\n<p class=\"ls-paragraph has-color-white-color has-text-color\">Opgevoed en vertroeteld voor hun eigen bestwil, zijn ze ware ambassadeurs voor hun wilde neven en nichten. Ze maken mensen bewust van hun bedreigde omgeving en de oplossingen die over de hele wereld met succes zijn toegepast.<\/p>\n\n\n\n<p class=\"ls-paragraph has-color-white-color has-text-color\">Onze favoriet: <strong>Europa&#8217;s grootste Zuid-Amerikaanse<\/strong> voli\u00e8re met 35 soorten kleurrijke vogels.<\/p>\n\n\n\n<p class=\"ls-paragraph has-color-white-color has-text-color\">Een <strong>niet te missen stop in Anjou<\/strong>, deze dierentuin is ook opmerkelijk vanwege de schoonheid van zijn locatie, gegraven in de rots, de verblijven huisvesten giraffen, wilde katten en andere dieren in een majestueuze omgeving.<\/p>\n<\/div>\n\n\n\n<div class=\"wp-block-column is-vertically-aligned-center image is-layout-flow wp-block-column-is-layout-flow\" style=\"flex-basis:60%\">\n<figure class=\"wp-block-image size-full arrondi\"><a href=\"https:\/\/www.campingduportcaroline.fr\/wp-content\/uploads\/2023\/02\/credit-photo-Chistophe-MARTIN-BIO-PARC-DOUE-LA-FONTAINE.webp\"><img decoding=\"async\" width=\"901\" height=\"600\" src=\"https:\/\/www.campingduportcaroline.fr\/wp-content\/uploads\/2023\/02\/credit-photo-Chistophe-MARTIN-BIO-PARC-DOUE-LA-FONTAINE.webp\" alt=\"biopark doue la fontaine\" class=\"wp-image-3684\" srcset=\"https:\/\/www.campingduportcaroline.fr\/wp-content\/uploads\/2023\/02\/credit-photo-Chistophe-MARTIN-BIO-PARC-DOUE-LA-FONTAINE.webp 901w, https:\/\/www.campingduportcaroline.fr\/wp-content\/uploads\/2023\/02\/credit-photo-Chistophe-MARTIN-BIO-PARC-DOUE-LA-FONTAINE-300x200.webp 300w, https:\/\/www.campingduportcaroline.fr\/wp-content\/uploads\/2023\/02\/credit-photo-Chistophe-MARTIN-BIO-PARC-DOUE-LA-FONTAINE-768x511.webp 768w\" sizes=\"(max-width: 901px) 100vw, 901px\" \/><\/a><figcaption class=\"wp-element-caption\">\u00a9 Chistophe MARTIN<\/figcaption><\/figure>\n<\/div>\n<\/div>\n\n\n    <\/div>\n<\/section><section id=\"ls-section-block_a70224cccb8a0b8f979ea963605bd1b0\" class=\"ls-section  page-one has-p-t p-t-14 has-p-b p-b-0\" >\n        <div class=\"container container--wide\">\n        \n\n<div class=\"wp-block-columns is-layout-flex wp-container-core-columns-is-layout-9d6595d7 wp-block-columns-is-layout-flex\">\n<div class=\"wp-block-column is-layout-flow wp-block-column-is-layout-flow\"><\/div>\n\n\n\n<div class=\"wp-block-column right is-layout-flow wp-block-column-is-layout-flow\">\n<figure class=\"wp-block-image is-resized fleur\"><img decoding=\"async\" src=\"https:\/\/www.campingduportcaroline.fr\/wp-content\/uploads\/2022\/11\/fleur.png\" alt=\"bloem\" class=\"wp-image-275\" width=\"256\" height=\"256\" srcset=\"https:\/\/www.campingduportcaroline.fr\/wp-content\/uploads\/2022\/11\/fleur.png 512w, https:\/\/www.campingduportcaroline.fr\/wp-content\/uploads\/2022\/11\/fleur-300x300.png 300w, https:\/\/www.campingduportcaroline.fr\/wp-content\/uploads\/2022\/11\/fleur-150x150.png 150w\" sizes=\"(max-width: 256px) 100vw, 256px\" \/><\/figure>\n<\/div>\n<\/div>\n\n\n\n<div class=\"wp-block-columns is-layout-flex wp-container-core-columns-is-layout-9d6595d7 wp-block-columns-is-layout-flex\">\n<div class=\"wp-block-column is-layout-flow wp-block-column-is-layout-flow\" style=\"flex-basis:60%\">\n<figure class=\"wp-block-image size-full arrondi\"><a href=\"https:\/\/www.campingduportcaroline.fr\/wp-content\/uploads\/2023\/02\/Parc_oriental_de_Maulevrier-cSebastien_GAUDARD-AnjouTourisme.webp\"><img decoding=\"async\" width=\"901\" height=\"600\" src=\"https:\/\/www.campingduportcaroline.fr\/wp-content\/uploads\/2023\/02\/Parc_oriental_de_Maulevrier-cSebastien_GAUDARD-AnjouTourisme.webp\" alt=\"maulevrier oosters park\" class=\"wp-image-3805\" srcset=\"https:\/\/www.campingduportcaroline.fr\/wp-content\/uploads\/2023\/02\/Parc_oriental_de_Maulevrier-cSebastien_GAUDARD-AnjouTourisme.webp 901w, https:\/\/www.campingduportcaroline.fr\/wp-content\/uploads\/2023\/02\/Parc_oriental_de_Maulevrier-cSebastien_GAUDARD-AnjouTourisme-300x200.webp 300w, https:\/\/www.campingduportcaroline.fr\/wp-content\/uploads\/2023\/02\/Parc_oriental_de_Maulevrier-cSebastien_GAUDARD-AnjouTourisme-768x511.webp 768w\" sizes=\"(max-width: 901px) 100vw, 901px\" \/><\/a><figcaption class=\"wp-element-caption\">\u00a9 S\u00e9bastien GAUDARD<\/figcaption><\/figure>\n<\/div>\n\n\n\n<div class=\"wp-block-column is-vertically-aligned-center is-layout-flow wp-block-column-is-layout-flow\" style=\"flex-basis:40%\">\n<h2 class=\"ls-heading wp-block-heading\">Oosters Park van Maul\u00e9vrier<\/h2>\n\n\n\n<p class=\"ls-paragraph\">In dit unieke park in Europa kunt u zich onderdompelen in het land van de rijzende zon.<\/p>\n\n\n\n<p class=\"ls-paragraph\">Het Oosterse <a href=\"https:\/\/www.parc-oriental.com\/\" target=\"_blank\" rel=\"noreferrer noopener nofollow\">park van Maul\u00e9vrier<\/a>, aangelegd tussen 1899 en 1913, is de grootste Japanse tuin van Europa geworden. Het zal u in alle seizoenen betoveren met zijn kleuren, vormen en waterpartijen.<\/p>\n\n\n\n<p class=\"ls-paragraph\">Een leuk familie-uitje om tradities van elders te ontdekken.<br\/>Een prachtige ontdekking voor kinderen die zich vergapen aan de gebeeldhouwde landschappen en bomen.<\/p>\n\n\n\n<p class=\"ls-paragraph\">Van mei tot september kunt u naast het bezoek overdag (in mei en juli beginnen de nachtwandelingen om 21.45 uur) ook de nachtwandeling en de &#8220;Japanse verhalen&#8221; ontdekken.<\/p>\n<\/div>\n<\/div>\n\n\n    <\/div>\n<\/section><section id=\"ls-section-block_6e3846124d7be9393626cf4b7b56151c\" class=\"ls-section  has-p-t p-t-14 has-p-b p-b-14\" >\n        <div class=\"container container--wide\">\n        \n\n<div id=\"ls-heading ls-titre-div-block_aa9dc644bc55548d27f2fda353243926\" class=\"ls-titre-div aligncenter h2-like has-p-b p-b-4\" >\n    Ontdek de activiteiten <\/br> <span>in de regio<\/span>.<\/div>\n\n\n\n<div id=\"ls-maillage-block_ff6f793627b3e90e2b8e5c9a79c53b13\" class=\"ls-maillage cta-style-normal\" data-rows=\"3\">\n\n    <div class=\"wp-block-columns\"><div class=\"wp-block-column ls-cta\">\n\n<a href=\"https:\/\/www.campingduportcaroline.fr\/nl\/kamp-pays-de-la-loire\/peche-pays-de-la-loire\/\" target=\"\" rel=\"noopener\" class=\"ls-cta__link\">\n\n\t<div class=\"ls-cta__image\"><img decoding=\"async\" src=\"https:\/\/www.campingduportcaroline.fr\/wp-content\/uploads\/2022\/12\/peche-en-riviere-proche-du-camping-port-caroline-768x544.jpg\" alt=\"peche en riviere proche du camping port caroline\"><\/div>\n\t<div class=\"ls-cta__title\">\n\t\tP\u00eaches en bord de loire\t<\/div>\n\n\t\t\n<\/a><\/div><div class=\"wp-block-column ls-cta\">\n\n<a href=\"https:\/\/www.campingduportcaroline.fr\/nl\/kamp-pays-de-la-loire\/wandelroutes-maine-loire\/\" target=\"\" rel=\"noopener\" class=\"ls-cta__link\">\n\n\t<div class=\"ls-cta__image\"><img decoding=\"async\" src=\"https:\/\/www.campingduportcaroline.fr\/wp-content\/uploads\/2022\/12\/randonnee-port-caroline-loire.jpg\" alt=\"randonn\u00e9 port caroline loire\"><\/div>\n\t<div class=\"ls-cta__title\">\n\t\tRandonn\u00e9e \u00e0 pied\t<\/div>\n\n\t\t\n<\/a><\/div><div class=\"wp-block-column ls-cta\">\n\n<a href=\"https:\/\/www.campingduportcaroline.fr\/nl\/kamp-pays-de-la-loire\/camping-fietsers-brain-sur-authion\/\" target=\"\" rel=\"noopener\" class=\"ls-cta__link\">\n\n\t<div class=\"ls-cta__image\"><img decoding=\"async\" src=\"https:\/\/www.campingduportcaroline.fr\/wp-content\/uploads\/2022\/12\/randonnee-familiale-a-velo-port-caroline.jpg\" alt=\"randonnee familial port caroline\"><\/div>\n\t<div class=\"ls-cta__title\">\n\t\tRandonn\u00e9e \u00e0 v\u00e9lo\t<\/div>\n\n\t\t\n<\/a><\/div><\/div>\n<\/div>\n\n    <\/div>\n<\/section>","protected":false},"excerpt":{"rendered":"","protected":false},"author":1,"featured_media":3833,"parent":3892,"menu_order":0,"comment_status":"closed","ping_status":"closed","template":"","meta":{"_acf_changed":false,"inline_featured_image":false,"footnotes":""},"sujet":[],"class_list":["post-3900","page","type-page","status-publish","has-post-thumbnail","hentry"],"acf":[],"yoast_head":"<!-- This site is optimized with the Yoast SEO plugin v23.4 - https:\/\/yoast.com\/wordpress\/plugins\/seo\/ -->\n<title>Parken van de Loire-vallei | Bezoek de parken van Maine et Loire<\/title>\n<meta name=\"robots\" content=\"index, follow, max-snippet:-1, max-image-preview:large, max-video-preview:-1\" \/>\n<link rel=\"canonical\" href=\"https:\/\/www.campingduportcaroline.fr\/nl\/kamp-pays-de-la-loire\/parcs-pays-de-la-loire\/\" \/>\n<meta property=\"og:locale\" content=\"nl_NL\" \/>\n<meta property=\"og:type\" content=\"article\" \/>\n<meta property=\"og:title\" content=\"Parken van de Loire-vallei | Bezoek de parken van Maine et Loire\" \/>\n<meta property=\"og:url\" content=\"https:\/\/www.campingduportcaroline.fr\/nl\/kamp-pays-de-la-loire\/parcs-pays-de-la-loire\/\" \/>\n<meta property=\"og:site_name\" content=\"Camping du Port Caroline\" \/>\n<meta property=\"article:modified_time\" content=\"2023-02-28T11:26:17+00:00\" \/>\n<meta property=\"og:image\" content=\"https:\/\/www.campingduportcaroline.fr\/wp-content\/uploads\/2023\/02\/Parc_Oriental_de_Maulevrier-cMathieu_GENON.webp\" \/>\n\t<meta property=\"og:image:width\" content=\"2000\" \/>\n\t<meta property=\"og:image:height\" content=\"1125\" \/>\n\t<meta property=\"og:image:type\" content=\"image\/webp\" \/>\n<meta name=\"twitter:card\" content=\"summary_large_image\" \/>\n<meta name=\"twitter:label1\" content=\"Geschatte leestijd\" \/>\n\t<meta name=\"twitter:data1\" content=\"2 minuten\" \/>\n<script type=\"application\/ld+json\" class=\"yoast-schema-graph\">{\"@context\":\"https:\/\/schema.org\",\"@graph\":[{\"@type\":\"WebPage\",\"@id\":\"https:\/\/www.campingduportcaroline.fr\/nl\/kamp-pays-de-la-loire\/parcs-pays-de-la-loire\/\",\"url\":\"https:\/\/www.campingduportcaroline.fr\/nl\/kamp-pays-de-la-loire\/parcs-pays-de-la-loire\/\",\"name\":\"Parken van de Loire-vallei | Bezoek de parken van Maine et Loire\",\"isPartOf\":{\"@id\":\"https:\/\/www.campingduportcaroline.fr\/#website\"},\"primaryImageOfPage\":{\"@id\":\"https:\/\/www.campingduportcaroline.fr\/nl\/kamp-pays-de-la-loire\/parcs-pays-de-la-loire\/#primaryimage\"},\"image\":{\"@id\":\"https:\/\/www.campingduportcaroline.fr\/nl\/kamp-pays-de-la-loire\/parcs-pays-de-la-loire\/#primaryimage\"},\"thumbnailUrl\":\"https:\/\/www.campingduportcaroline.fr\/wp-content\/uploads\/2023\/02\/Parc_Oriental_de_Maulevrier-cMathieu_GENON.webp\",\"datePublished\":\"2023-02-27T09:09:32+00:00\",\"dateModified\":\"2023-02-28T11:26:17+00:00\",\"breadcrumb\":{\"@id\":\"https:\/\/www.campingduportcaroline.fr\/nl\/kamp-pays-de-la-loire\/parcs-pays-de-la-loire\/#breadcrumb\"},\"inLanguage\":\"nl-NL\",\"potentialAction\":[{\"@type\":\"ReadAction\",\"target\":[\"https:\/\/www.campingduportcaroline.fr\/nl\/kamp-pays-de-la-loire\/parcs-pays-de-la-loire\/\"]}]},{\"@type\":\"ImageObject\",\"inLanguage\":\"nl-NL\",\"@id\":\"https:\/\/www.campingduportcaroline.fr\/nl\/kamp-pays-de-la-loire\/parcs-pays-de-la-loire\/#primaryimage\",\"url\":\"https:\/\/www.campingduportcaroline.fr\/wp-content\/uploads\/2023\/02\/Parc_Oriental_de_Maulevrier-cMathieu_GENON.webp\",\"contentUrl\":\"https:\/\/www.campingduportcaroline.fr\/wp-content\/uploads\/2023\/02\/Parc_Oriental_de_Maulevrier-cMathieu_GENON.webp\",\"width\":2000,\"height\":1125,\"caption\":\"Mathieu_GENON\"},{\"@type\":\"BreadcrumbList\",\"@id\":\"https:\/\/www.campingduportcaroline.fr\/nl\/kamp-pays-de-la-loire\/parcs-pays-de-la-loire\/#breadcrumb\",\"itemListElement\":[{\"@type\":\"ListItem\",\"position\":1,\"name\":\"Camping Port Caroline\",\"item\":\"https:\/\/www.campingduportcaroline.fr\/nl\/\"},{\"@type\":\"ListItem\",\"position\":2,\"name\":\"Uitgaan in de Loire streek\",\"item\":\"https:\/\/www.campingduportcaroline.fr\/nl\/kamp-pays-de-la-loire\/\"},{\"@type\":\"ListItem\",\"position\":3,\"name\":\"Themaparken in Pays de la Loire\"}]},{\"@type\":\"WebSite\",\"@id\":\"https:\/\/www.campingduportcaroline.fr\/#website\",\"url\":\"https:\/\/www.campingduportcaroline.fr\/\",\"name\":\"Camping du Port Caroline\",\"description\":\"\",\"publisher\":{\"@id\":\"https:\/\/www.campingduportcaroline.fr\/#organization\"},\"potentialAction\":[{\"@type\":\"SearchAction\",\"target\":{\"@type\":\"EntryPoint\",\"urlTemplate\":\"https:\/\/www.campingduportcaroline.fr\/?s={search_term_string}\"},\"query-input\":{\"@type\":\"PropertyValueSpecification\",\"valueRequired\":true,\"valueName\":\"search_term_string\"}}],\"inLanguage\":\"nl-NL\"},{\"@type\":\"Organization\",\"@id\":\"https:\/\/www.campingduportcaroline.fr\/#organization\",\"name\":\"Camping du Port Caroline\",\"url\":\"https:\/\/www.campingduportcaroline.fr\/\",\"logo\":{\"@type\":\"ImageObject\",\"inLanguage\":\"nl-NL\",\"@id\":\"https:\/\/www.campingduportcaroline.fr\/#\/schema\/logo\/image\/\",\"url\":\"https:\/\/www.campingduportcaroline.fr\/wp-content\/uploads\/2022\/11\/favicon-1.png\",\"contentUrl\":\"https:\/\/www.campingduportcaroline.fr\/wp-content\/uploads\/2022\/11\/favicon-1.png\",\"width\":512,\"height\":512,\"caption\":\"Camping du Port Caroline\"},\"image\":{\"@id\":\"https:\/\/www.campingduportcaroline.fr\/#\/schema\/logo\/image\/\"}}]}<\/script>\n<!-- \/ Yoast SEO plugin. -->","yoast_head_json":{"title":"Parken van de Loire-vallei | Bezoek de parken van Maine et Loire","robots":{"index":"index","follow":"follow","max-snippet":"max-snippet:-1","max-image-preview":"max-image-preview:large","max-video-preview":"max-video-preview:-1"},"canonical":"https:\/\/www.campingduportcaroline.fr\/nl\/kamp-pays-de-la-loire\/parcs-pays-de-la-loire\/","og_locale":"nl_NL","og_type":"article","og_title":"Parken van de Loire-vallei | Bezoek de parken van Maine et Loire","og_url":"https:\/\/www.campingduportcaroline.fr\/nl\/kamp-pays-de-la-loire\/parcs-pays-de-la-loire\/","og_site_name":"Camping du Port Caroline","article_modified_time":"2023-02-28T11:26:17+00:00","og_image":[{"width":2000,"height":1125,"url":"https:\/\/www.campingduportcaroline.fr\/wp-content\/uploads\/2023\/02\/Parc_Oriental_de_Maulevrier-cMathieu_GENON.webp","type":"image\/webp"}],"twitter_card":"summary_large_image","twitter_misc":{"Geschatte leestijd":"2 minuten"},"schema":{"@context":"https:\/\/schema.org","@graph":[{"@type":"WebPage","@id":"https:\/\/www.campingduportcaroline.fr\/nl\/kamp-pays-de-la-loire\/parcs-pays-de-la-loire\/","url":"https:\/\/www.campingduportcaroline.fr\/nl\/kamp-pays-de-la-loire\/parcs-pays-de-la-loire\/","name":"Parken van de Loire-vallei | Bezoek de parken van Maine et Loire","isPartOf":{"@id":"https:\/\/www.campingduportcaroline.fr\/#website"},"primaryImageOfPage":{"@id":"https:\/\/www.campingduportcaroline.fr\/nl\/kamp-pays-de-la-loire\/parcs-pays-de-la-loire\/#primaryimage"},"image":{"@id":"https:\/\/www.campingduportcaroline.fr\/nl\/kamp-pays-de-la-loire\/parcs-pays-de-la-loire\/#primaryimage"},"thumbnailUrl":"https:\/\/www.campingduportcaroline.fr\/wp-content\/uploads\/2023\/02\/Parc_Oriental_de_Maulevrier-cMathieu_GENON.webp","datePublished":"2023-02-27T09:09:32+00:00","dateModified":"2023-02-28T11:26:17+00:00","breadcrumb":{"@id":"https:\/\/www.campingduportcaroline.fr\/nl\/kamp-pays-de-la-loire\/parcs-pays-de-la-loire\/#breadcrumb"},"inLanguage":"nl-NL","potentialAction":[{"@type":"ReadAction","target":["https:\/\/www.campingduportcaroline.fr\/nl\/kamp-pays-de-la-loire\/parcs-pays-de-la-loire\/"]}]},{"@type":"ImageObject","inLanguage":"nl-NL","@id":"https:\/\/www.campingduportcaroline.fr\/nl\/kamp-pays-de-la-loire\/parcs-pays-de-la-loire\/#primaryimage","url":"https:\/\/www.campingduportcaroline.fr\/wp-content\/uploads\/2023\/02\/Parc_Oriental_de_Maulevrier-cMathieu_GENON.webp","contentUrl":"https:\/\/www.campingduportcaroline.fr\/wp-content\/uploads\/2023\/02\/Parc_Oriental_de_Maulevrier-cMathieu_GENON.webp","width":2000,"height":1125,"caption":"Mathieu_GENON"},{"@type":"BreadcrumbList","@id":"https:\/\/www.campingduportcaroline.fr\/nl\/kamp-pays-de-la-loire\/parcs-pays-de-la-loire\/#breadcrumb","itemListElement":[{"@type":"ListItem","position":1,"name":"Camping Port Caroline","item":"https:\/\/www.campingduportcaroline.fr\/nl\/"},{"@type":"ListItem","position":2,"name":"Uitgaan in de Loire streek","item":"https:\/\/www.campingduportcaroline.fr\/nl\/kamp-pays-de-la-loire\/"},{"@type":"ListItem","position":3,"name":"Themaparken in Pays de la Loire"}]},{"@type":"WebSite","@id":"https:\/\/www.campingduportcaroline.fr\/#website","url":"https:\/\/www.campingduportcaroline.fr\/","name":"Camping du Port Caroline","description":"","publisher":{"@id":"https:\/\/www.campingduportcaroline.fr\/#organization"},"potentialAction":[{"@type":"SearchAction","target":{"@type":"EntryPoint","urlTemplate":"https:\/\/www.campingduportcaroline.fr\/?s={search_term_string}"},"query-input":{"@type":"PropertyValueSpecification","valueRequired":true,"valueName":"search_term_string"}}],"inLanguage":"nl-NL"},{"@type":"Organization","@id":"https:\/\/www.campingduportcaroline.fr\/#organization","name":"Camping du Port Caroline","url":"https:\/\/www.campingduportcaroline.fr\/","logo":{"@type":"ImageObject","inLanguage":"nl-NL","@id":"https:\/\/www.campingduportcaroline.fr\/#\/schema\/logo\/image\/","url":"https:\/\/www.campingduportcaroline.fr\/wp-content\/uploads\/2022\/11\/favicon-1.png","contentUrl":"https:\/\/www.campingduportcaroline.fr\/wp-content\/uploads\/2022\/11\/favicon-1.png","width":512,"height":512,"caption":"Camping du Port Caroline"},"image":{"@id":"https:\/\/www.campingduportcaroline.fr\/#\/schema\/logo\/image\/"}}]}},"_links":{"self":[{"href":"https:\/\/www.campingduportcaroline.fr\/nl\/wp-json\/wp\/v2\/pages\/3900","targetHints":{"allow":["GET"]}}],"collection":[{"href":"https:\/\/www.campingduportcaroline.fr\/nl\/wp-json\/wp\/v2\/pages"}],"about":[{"href":"https:\/\/www.campingduportcaroline.fr\/nl\/wp-json\/wp\/v2\/types\/page"}],"author":[{"embeddable":true,"href":"https:\/\/www.campingduportcaroline.fr\/nl\/wp-json\/wp\/v2\/users\/1"}],"replies":[{"embeddable":true,"href":"https:\/\/www.campingduportcaroline.fr\/nl\/wp-json\/wp\/v2\/comments?post=3900"}],"version-history":[{"count":1,"href":"https:\/\/www.campingduportcaroline.fr\/nl\/wp-json\/wp\/v2\/pages\/3900\/revisions"}],"predecessor-version":[{"id":3901,"href":"https:\/\/www.campingduportcaroline.fr\/nl\/wp-json\/wp\/v2\/pages\/3900\/revisions\/3901"}],"up":[{"embeddable":true,"href":"https:\/\/www.campingduportcaroline.fr\/nl\/wp-json\/wp\/v2\/pages\/3892"}],"wp:featuredmedia":[{"embeddable":true,"href":"https:\/\/www.campingduportcaroline.fr\/nl\/wp-json\/wp\/v2\/media\/3833"}],"wp:attachment":[{"href":"https:\/\/www.campingduportcaroline.fr\/nl\/wp-json\/wp\/v2\/media?parent=3900"}],"wp:term":[{"taxonomy":"sujet","embeddable":true,"href":"https:\/\/www.campingduportcaroline.fr\/nl\/wp-json\/wp\/v2\/sujet?post=3900"}],"curies":[{"name":"wp","href":"https:\/\/api.w.org\/{rel}","templated":true}]}}