{"id":3906,"date":"2023-02-27T10:20:03","date_gmt":"2023-02-27T09:20:03","guid":{"rendered":"https:\/\/www.campingduportcaroline.fr\/kamp-pays-de-la-loire\/wandelroutes-maine-loire\/"},"modified":"2023-02-28T12:26:12","modified_gmt":"2023-02-28T11:26:12","slug":"wandelroutes-maine-loire","status":"publish","type":"page","link":"https:\/\/www.campingduportcaroline.fr\/nl\/kamp-pays-de-la-loire\/wandelroutes-maine-loire\/","title":{"rendered":"Randonn\u00e9e \u00e0 pied"},"content":{"rendered":"<section id=\"ls-section-block_c122fdc98f9d4e97d3858f11c40a864e\" class=\"ls-section  page-entete\" >\n        <div class=\"container \">\n        \n\n<h1 class=\"ls__heading has-text-align-center animated fadeInUp delay-200ms slow wp-block-heading\">Wandelen in Maine-et-Loire<\/h1>\n\n\n    <\/div>\n<\/section><section id=\"ls-section-block_b3a760b8347fa5de21e6461512d3bbc9\" class=\"ls-section  page-one has-p-b p-b-14\" >\n        <div class=\"container container--wide\">\n        \n\n<div class=\"wp-block-columns is-layout-flex wp-container-core-columns-is-layout-9d6595d7 wp-block-columns-is-layout-flex\">\n<div class=\"wp-block-column is-layout-flow wp-block-column-is-layout-flow\" style=\"flex-basis:60%\">\n<figure class=\"wp-block-image size-full arrondi\"><a href=\"https:\/\/www.campingduportcaroline.fr\/wp-content\/uploads\/2022\/12\/randonnee-a-pied-loire.jpg\"><img decoding=\"async\" width=\"790\" height=\"560\" src=\"https:\/\/www.campingduportcaroline.fr\/wp-content\/uploads\/2022\/12\/randonnee-a-pied-loire.jpg\" alt=\"wandeltocht loire\" class=\"wp-image-1630\" srcset=\"https:\/\/www.campingduportcaroline.fr\/wp-content\/uploads\/2022\/12\/randonnee-a-pied-loire.jpg 790w, https:\/\/www.campingduportcaroline.fr\/wp-content\/uploads\/2022\/12\/randonnee-a-pied-loire-300x213.jpg 300w, https:\/\/www.campingduportcaroline.fr\/wp-content\/uploads\/2022\/12\/randonnee-a-pied-loire-768x544.jpg 768w\" sizes=\"(max-width: 790px) 100vw, 790px\" \/><\/a><\/figure>\n<\/div>\n\n\n\n<div class=\"wp-block-column is-vertically-aligned-center is-layout-flow wp-block-column-is-layout-flow\" style=\"flex-basis:40%\">\n<h2 class=\"ls-heading wp-block-heading\">Wandelingen<\/h2>\n\n\n\n<p class=\"ls-paragraph\">De <strong>prachtige landschappen<\/strong> van de Anjou geven zin in een wandeling in de natuur. Wandelen is zelfs een populaire activiteit in Maine-et-Loire. Er zijn vele routes beschikbaar voor wandelaars. Of u nu korte of lange wandelingen wilt maken, in <a href=\"https:\/\/www.campingduportcaroline.fr\/nl\/kamp-pays-de-la-loire\/camping-anjou-val-de-loire\/\">Anjou<\/a> vindt u schoenen die bij uw voeten passen. De paden tussen de Maine, de Loire en de Layon, de kastelen van de Loire, de lagere valleien van de Angers en de Loire vallei zijn allemaal gebieden om te verkennen.<\/p>\n\n\n\n<p class=\"ls-paragraph\">Voor de <strong>ervaren wandelaars<\/strong>De GR3, die begint bij de bron van de Loire en het departement van oost naar west doorkruist, de GR 3D van Ch\u00eanehutte-Tr\u00e8ves-Cunault tot Saint-Aubin-de-Luign\u00e9, de GR3E van Angers tot Ingrandes en de GR 36 en GR 35. Er zijn ook gezinsvriendelijke <strong>wandelingen en trektochten voor<\/strong> een paar uur of een dag in de frisse lucht.<\/p>\n<\/div>\n<\/div>\n\n\n    <\/div>\n<\/section><section id=\"ls-section-block_0c79ada31ddae47313c07bc21b53e591\" class=\"ls-section  page-parallax image-right has-parallax has-background has-color-7-background-color has-p-t p-t-20 has-p-b p-b-20\" >\n        <div class=\"container container--wide\">\n        \n\n<div class=\"wp-block-columns is-layout-flex wp-container-core-columns-is-layout-9d6595d7 wp-block-columns-is-layout-flex\">\n<div class=\"wp-block-column is-vertically-aligned-center text-fond-noir is-layout-flow wp-block-column-is-layout-flow\" style=\"flex-basis:40%\">\n<p class=\"ls-paragraph has-color-white-color has-text-color\">De korte <a href=\"https:\/\/www.campingduportcaroline.fr\/nl\/kamp-pays-de-la-loire\/wandelroutes-maine-loire\/\">wandelingen<\/a> rond Angers, Brissac, Layon en vele andere dorpen in Maine et Loire zijn <strong>ideaal voor beginners<\/strong>. Deze paden voeren u door de diverse <strong>landschappen van hagen<\/strong>, wijngaarden, rivieroevers, de overblijfselen van leisteengroeven, plaatselijke leisteenwoningen enz. U wordt geleid door de wegwijzers en ori\u00ebntatieborden. U vindt ook diensten en voorzieningen terwijl u langsloopt. De ideale tijd om te gaan wandelen in de 49 is bij laag water, d.w.z. van mei tot oktober. <\/p>\n\n\n\n<p class=\"ls-paragraph has-color-white-color has-text-color\">De routes zijn haalbaar en toegankelijk voor de meeste mensen in deze tijd van het jaar. Tijdens de meeste tochten kunt u mensen ontmoeten en het platteland en de dorpen van Anjou bezoeken, een klein erfgoed, <strong>pittoreske monumenten<\/strong> en <strong>natuurgebieden ontdekken<\/strong>, maar ook <strong>lokale producten proeven.<\/strong> Wandelen in de Anjou is niet alleen genieten van de geneugten van het wandelen, maar ook nieuwe dingen ontdekken.<\/p>\n<\/div>\n\n\n\n<div class=\"wp-block-column is-vertically-aligned-center image is-layout-flow wp-block-column-is-layout-flow\" style=\"flex-basis:60%\">\n<figure class=\"wp-block-image size-full arrondi-petit animated slideInRight delay-200ms slow\"><a href=\"https:\/\/www.campingduportcaroline.fr\/wp-content\/uploads\/2022\/12\/randonnee-a-travers-les-vignes.jpg\"><img decoding=\"async\" width=\"790\" height=\"560\" src=\"https:\/\/www.campingduportcaroline.fr\/wp-content\/uploads\/2022\/12\/randonnee-a-travers-les-vignes.jpg\" alt=\"wandelingen door de wijngaarden\" class=\"wp-image-1620\" srcset=\"https:\/\/www.campingduportcaroline.fr\/wp-content\/uploads\/2022\/12\/randonnee-a-travers-les-vignes.jpg 790w, https:\/\/www.campingduportcaroline.fr\/wp-content\/uploads\/2022\/12\/randonnee-a-travers-les-vignes-300x213.jpg 300w, https:\/\/www.campingduportcaroline.fr\/wp-content\/uploads\/2022\/12\/randonnee-a-travers-les-vignes-768x544.jpg 768w\" sizes=\"(max-width: 790px) 100vw, 790px\" \/><\/a><\/figure>\n<\/div>\n<\/div>\n\n\n    <\/div>\n<\/section><section id=\"ls-section-block_095f48cc1cf6988387f840082eb79ae1\" class=\"ls-section  page-one has-p-t p-t-14 has-p-b p-b-14\" >\n        <div class=\"container container--wide\">\n        \n\n<div class=\"wp-block-columns is-layout-flex wp-container-core-columns-is-layout-9d6595d7 wp-block-columns-is-layout-flex\">\n<div class=\"wp-block-column is-layout-flow wp-block-column-is-layout-flow\"><\/div>\n\n\n\n<div class=\"wp-block-column right is-layout-flow wp-block-column-is-layout-flow\">\n<figure class=\"wp-block-image is-resized fleur\"><img decoding=\"async\" src=\"https:\/\/www.campingduportcaroline.fr\/wp-content\/uploads\/2022\/11\/fleur.png\" alt=\"bloem\" class=\"wp-image-275\" width=\"256\" height=\"256\" srcset=\"https:\/\/www.campingduportcaroline.fr\/wp-content\/uploads\/2022\/11\/fleur.png 512w, https:\/\/www.campingduportcaroline.fr\/wp-content\/uploads\/2022\/11\/fleur-300x300.png 300w, https:\/\/www.campingduportcaroline.fr\/wp-content\/uploads\/2022\/11\/fleur-150x150.png 150w\" sizes=\"(max-width: 256px) 100vw, 256px\" \/><\/figure>\n<\/div>\n<\/div>\n\n\n\n<div class=\"wp-block-columns is-layout-flex wp-container-core-columns-is-layout-9d6595d7 wp-block-columns-is-layout-flex\">\n<div class=\"wp-block-column is-layout-flow wp-block-column-is-layout-flow\" style=\"flex-basis:60%\">\n<figure class=\"wp-block-image size-full arrondi\"><a href=\"https:\/\/www.campingduportcaroline.fr\/wp-content\/uploads\/2022\/12\/camping-proche-de-la-route-saint-jacques-de-compostelle.jpg\"><img decoding=\"async\" width=\"790\" height=\"560\" src=\"https:\/\/www.campingduportcaroline.fr\/wp-content\/uploads\/2022\/12\/camping-proche-de-la-route-saint-jacques-de-compostelle.jpg\" alt=\"camping du port caroline dichtbij het pad van compostelle\" class=\"wp-image-1616\" srcset=\"https:\/\/www.campingduportcaroline.fr\/wp-content\/uploads\/2022\/12\/camping-proche-de-la-route-saint-jacques-de-compostelle.jpg 790w, https:\/\/www.campingduportcaroline.fr\/wp-content\/uploads\/2022\/12\/camping-proche-de-la-route-saint-jacques-de-compostelle-300x213.jpg 300w, https:\/\/www.campingduportcaroline.fr\/wp-content\/uploads\/2022\/12\/camping-proche-de-la-route-saint-jacques-de-compostelle-768x544.jpg 768w\" sizes=\"(max-width: 790px) 100vw, 790px\" \/><\/a><\/figure>\n<\/div>\n\n\n\n<div class=\"wp-block-column is-vertically-aligned-center is-layout-flow wp-block-column-is-layout-flow\" style=\"flex-basis:40%\">\n<h2 class=\"ls-heading wp-block-heading\">Wandelroutes in de buurt van Angers<\/h2>\n\n\n\n<p class=\"ls-paragraph\">Een reis door de Anjou via de langeafstandswandelpaden, de korteafstandswandelpaden of de <strong>Chemin de Compostelle<\/strong> via de Plantagenetroute is een uitstekende manier om te genieten van de <strong>mooiste landschappen<\/strong> en <strong>bezienswaardigheden van de streek.<\/strong> <\/p>\n\n\n\n<p class=\"ls-paragraph\">Ontdek rond <a href=\"https:\/\/www.campingduportcaroline.fr\/nl\/kamp-pays-de-la-loire\/camping-angers\/\">Angers<\/a>, in de buurt van <a href=\"\/\">camping Port Caroline<\/a>, verschillende routes waarmee u alle bezienswaardigheden van dichtbij kunt bekijken. Een korte wandeling in het Parc Saint-Nicolas om blauwe reigers, eenden en andere vogels te bekijken is ideaal voor de minder actievelingen.<\/p>\n<\/div>\n<\/div>\n\n\n    <\/div>\n<\/section><section id=\"ls-section-block_f1919123fc5522b9d06b2fa83de47c9e\" class=\"ls-section  page-parallax image-right has-background-image has-parallax has-background has-color-white-background-color has-p-t p-t-20 has-p-b p-b-20\" >\n    <div class=\"ls-section__background-image opacity-60\"><img decoding=\"async\" src=\"https:\/\/www.campingduportcaroline.fr\/wp-content\/uploads\/2022\/11\/bois.jpg\" alt=\"bois\"><\/div>    <div class=\"container container--wide\">\n        \n\n<div class=\"wp-block-columns is-layout-flex wp-container-core-columns-is-layout-9d6595d7 wp-block-columns-is-layout-flex\">\n<div class=\"wp-block-column is-vertically-aligned-center text-fond-clair is-layout-flow wp-block-column-is-layout-flow\" style=\"flex-basis:40%\">\n<p class=\"ls-paragraph\">Er is ook de Tour des Rives de Loir, een circuit van 8 km dat begint in Villev\u00eaque, met een hoogteverschil van 15 m voor gemakkelijke familiewandelingen; het circuit van Brissac, om de wijngaarden rond <strong>het kasteel te ontdekken<\/strong> over 7 km. de wandeling in de Hyr\u00f4me- en de Layon-vallei, om waterwegen, wijngaarden, hellingen en historische ontdekkingen te bewonderen; of de oude stenen rond de Sansonni\u00e8re om de overblijfselen van menselijke activiteiten verspreid over het Angevin-landschap te bekijken (dolmen, menhir, wasplaats, molen, priorij), en troglodietische constructies die vaak verrassend zijn. <\/p>\n\n\n\n<p class=\"ls-paragraph\">Ervaren wandelaars kunnen de ontdekking van de <strong>Basses Vall\u00e9es Angevines<\/strong> proberen, een circuit van 90 km dat in 4 dagen kan worden afgelegd om het <strong>Natura 2000<\/strong> gebied en zijn rijkdom aan flora en fauna te verkennen.<\/p>\n<\/div>\n\n\n\n<div class=\"wp-block-column is-vertically-aligned-center image is-layout-flow wp-block-column-is-layout-flow\" style=\"flex-basis:60%\">\n<figure class=\"wp-block-image size-full arrondi-petit animated slideInRight delay-200ms slow\"><a href=\"https:\/\/www.campingduportcaroline.fr\/wp-content\/uploads\/2022\/12\/randonnee-en-famille-dans-la-loire.jpg\"><img decoding=\"async\" width=\"790\" height=\"560\" src=\"https:\/\/www.campingduportcaroline.fr\/wp-content\/uploads\/2022\/12\/randonnee-en-famille-dans-la-loire.jpg\" alt=\"gezinswandeling in de loire\" class=\"wp-image-1625\" srcset=\"https:\/\/www.campingduportcaroline.fr\/wp-content\/uploads\/2022\/12\/randonnee-en-famille-dans-la-loire.jpg 790w, https:\/\/www.campingduportcaroline.fr\/wp-content\/uploads\/2022\/12\/randonnee-en-famille-dans-la-loire-300x213.jpg 300w, https:\/\/www.campingduportcaroline.fr\/wp-content\/uploads\/2022\/12\/randonnee-en-famille-dans-la-loire-768x544.jpg 768w\" sizes=\"(max-width: 790px) 100vw, 790px\" \/><\/a><\/figure>\n<\/div>\n<\/div>\n\n\n    <\/div>\n<\/section><section id=\"ls-section-block_2c45ccf03cf10273bfb4d71123c28539\" class=\"ls-section  page-avis has-p-t p-t-14 has-p-b p-b-0\" >\n        <div class=\"container container--wide\">\n        \n\n<figure class=\"wp-block-image size-full papillon animated fadeIn delay-500ms slow\"><img decoding=\"async\" src=\"https:\/\/www.campingduportcaroline.fr\/wp-content\/uploads\/2022\/11\/camping-du-port-caroline-aquarelle-papillon-&#xA9;Olivier-Loir.png\" alt=\"vlinder\" class=\"wp-image-150\"\/><\/figure>\n\n\n    <\/div>\n<\/section><section id=\"ls-section-block_09ad51c3604936866ed7f53092baf08e\" class=\"ls-section  has-p-t p-t-0 has-p-b p-b-14\" >\n        <div class=\"container container--wide\">\n        \n\n<div id=\"ls-heading ls-titre-div-block_cf84c1917f66748f62f1d892823c3db8\" class=\"ls-titre-div aligncenter h2-like has-p-b p-b-4\" >\n    Activiteiten en bezienswaardigheden <\/br><span>rondom de camping<\/span><\/div>\n\n\n\n<div id=\"ls-maillage-block_c3f789863dfebba6bac6857972ede0c2\" class=\"ls-maillage cta-style-normal\" data-rows=\"3\">\n\n    <div class=\"wp-block-columns\"><div class=\"wp-block-column ls-cta\">\n\n<a href=\"https:\/\/www.campingduportcaroline.fr\/nl\/kamp-pays-de-la-loire\/camping-fietsers-brain-sur-authion\/\" target=\"\" rel=\"noopener\" class=\"ls-cta__link\">\n\n\t<div class=\"ls-cta__image\"><img decoding=\"async\" src=\"https:\/\/www.campingduportcaroline.fr\/wp-content\/uploads\/2022\/12\/randonnee-familiale-a-velo-port-caroline.jpg\" alt=\"randonnee familial port caroline\"><\/div>\n\t<div class=\"ls-cta__title\">\n\t\tRandonn\u00e9e \u00e0 v\u00e9lo\t<\/div>\n\n\t\t\n<\/a><\/div><div class=\"wp-block-column ls-cta\">\n\n<a href=\"https:\/\/www.campingduportcaroline.fr\/nl\/kamp-pays-de-la-loire\/kamperen-saumur\/\" target=\"\" rel=\"noopener\" class=\"ls-cta__link\">\n\n\t<div class=\"ls-cta__image\"><img decoding=\"async\" src=\"https:\/\/www.campingduportcaroline.fr\/wp-content\/uploads\/2022\/12\/camping-proche-chateau-de-saumur.jpg\" alt=\"camping proche chateau de saumur\"><\/div>\n\t<div class=\"ls-cta__title\">\n\t\tSaumur\t<\/div>\n\n\t\t\n<\/a><\/div><div class=\"wp-block-column ls-cta\">\n\n<a href=\"https:\/\/www.campingduportcaroline.fr\/nl\/kamp-pays-de-la-loire\/troglodiet-loire\/\" target=\"\" rel=\"noopener\" class=\"ls-cta__link\">\n\n\t<div class=\"ls-cta__image\"><img decoding=\"async\" src=\"https:\/\/www.campingduportcaroline.fr\/wp-content\/uploads\/2022\/12\/troglodytes.jpg\" alt=\"troglodytes\"><\/div>\n\t<div class=\"ls-cta__title\">\n\t\tTroglodyte dans la loire\t<\/div>\n\n\t\t\n<\/a><\/div><\/div>\n<\/div>\n\n    <\/div>\n<\/section>","protected":false},"excerpt":{"rendered":"","protected":false},"author":1,"featured_media":1820,"parent":3892,"menu_order":0,"comment_status":"closed","ping_status":"closed","template":"","meta":{"_acf_changed":false,"inline_featured_image":false,"footnotes":""},"sujet":[],"class_list":["post-3906","page","type-page","status-publish","has-post-thumbnail","hentry"],"acf":[],"yoast_head":"<!-- This site is optimized with the Yoast SEO plugin v23.4 - https:\/\/yoast.com\/wordpress\/plugins\/seo\/ -->\n<title>Wandelen in Maine en Loire | Wandelroutes in de Loire-vallei<\/title>\n<meta name=\"description\" content=\"Hier bieden wij u alle goede plannen en wandelroutes voor uw volgende verblijf in Maine-et-Loire, niet ver van de stad Angers. Kom en ontdek de natuur van de Pays de la Loire.\" \/>\n<meta name=\"robots\" content=\"index, follow, max-snippet:-1, max-image-preview:large, max-video-preview:-1\" \/>\n<link rel=\"canonical\" href=\"https:\/\/www.campingduportcaroline.fr\/nl\/kamp-pays-de-la-loire\/wandelroutes-maine-loire\/\" \/>\n<meta property=\"og:locale\" content=\"nl_NL\" \/>\n<meta property=\"og:type\" content=\"article\" \/>\n<meta property=\"og:title\" content=\"Wandelen in Maine en Loire | Wandelroutes in de Loire-vallei\" \/>\n<meta property=\"og:description\" content=\"Hier bieden wij u alle goede plannen en wandelroutes voor uw volgende verblijf in Maine-et-Loire, niet ver van de stad Angers. Kom en ontdek de natuur van de Pays de la Loire.\" \/>\n<meta property=\"og:url\" content=\"https:\/\/www.campingduportcaroline.fr\/nl\/kamp-pays-de-la-loire\/wandelroutes-maine-loire\/\" \/>\n<meta property=\"og:site_name\" content=\"Camping du Port Caroline\" \/>\n<meta property=\"article:modified_time\" content=\"2023-02-28T11:26:12+00:00\" \/>\n<meta property=\"og:image\" content=\"https:\/\/www.campingduportcaroline.fr\/wp-content\/uploads\/2022\/12\/randdonnee-en-famille-dans-la-loire.jpg\" \/>\n\t<meta property=\"og:image:width\" content=\"1348\" \/>\n\t<meta property=\"og:image:height\" content=\"703\" \/>\n\t<meta property=\"og:image:type\" content=\"image\/jpeg\" \/>\n<meta name=\"twitter:card\" content=\"summary_large_image\" \/>\n<meta name=\"twitter:label1\" content=\"Geschatte leestijd\" \/>\n\t<meta name=\"twitter:data1\" content=\"2 minuten\" \/>\n<script type=\"application\/ld+json\" class=\"yoast-schema-graph\">{\"@context\":\"https:\/\/schema.org\",\"@graph\":[{\"@type\":\"WebPage\",\"@id\":\"https:\/\/www.campingduportcaroline.fr\/nl\/kamp-pays-de-la-loire\/wandelroutes-maine-loire\/\",\"url\":\"https:\/\/www.campingduportcaroline.fr\/nl\/kamp-pays-de-la-loire\/wandelroutes-maine-loire\/\",\"name\":\"Wandelen in Maine en Loire | Wandelroutes in de Loire-vallei\",\"isPartOf\":{\"@id\":\"https:\/\/www.campingduportcaroline.fr\/#website\"},\"primaryImageOfPage\":{\"@id\":\"https:\/\/www.campingduportcaroline.fr\/nl\/kamp-pays-de-la-loire\/wandelroutes-maine-loire\/#primaryimage\"},\"image\":{\"@id\":\"https:\/\/www.campingduportcaroline.fr\/nl\/kamp-pays-de-la-loire\/wandelroutes-maine-loire\/#primaryimage\"},\"thumbnailUrl\":\"https:\/\/www.campingduportcaroline.fr\/wp-content\/uploads\/2022\/12\/randdonnee-en-famille-dans-la-loire.jpg\",\"datePublished\":\"2023-02-27T09:20:03+00:00\",\"dateModified\":\"2023-02-28T11:26:12+00:00\",\"description\":\"Hier bieden wij u alle goede plannen en wandelroutes voor uw volgende verblijf in Maine-et-Loire, niet ver van de stad Angers. Kom en ontdek de natuur van de Pays de la Loire.\",\"breadcrumb\":{\"@id\":\"https:\/\/www.campingduportcaroline.fr\/nl\/kamp-pays-de-la-loire\/wandelroutes-maine-loire\/#breadcrumb\"},\"inLanguage\":\"nl-NL\",\"potentialAction\":[{\"@type\":\"ReadAction\",\"target\":[\"https:\/\/www.campingduportcaroline.fr\/nl\/kamp-pays-de-la-loire\/wandelroutes-maine-loire\/\"]}]},{\"@type\":\"ImageObject\",\"inLanguage\":\"nl-NL\",\"@id\":\"https:\/\/www.campingduportcaroline.fr\/nl\/kamp-pays-de-la-loire\/wandelroutes-maine-loire\/#primaryimage\",\"url\":\"https:\/\/www.campingduportcaroline.fr\/wp-content\/uploads\/2022\/12\/randdonnee-en-famille-dans-la-loire.jpg\",\"contentUrl\":\"https:\/\/www.campingduportcaroline.fr\/wp-content\/uploads\/2022\/12\/randdonnee-en-famille-dans-la-loire.jpg\",\"width\":1348,\"height\":703,\"caption\":\"randonne en famille dans la loire\"},{\"@type\":\"BreadcrumbList\",\"@id\":\"https:\/\/www.campingduportcaroline.fr\/nl\/kamp-pays-de-la-loire\/wandelroutes-maine-loire\/#breadcrumb\",\"itemListElement\":[{\"@type\":\"ListItem\",\"position\":1,\"name\":\"Camping Port Caroline\",\"item\":\"https:\/\/www.campingduportcaroline.fr\/nl\/\"},{\"@type\":\"ListItem\",\"position\":2,\"name\":\"Uitgaan in de Loire streek\",\"item\":\"https:\/\/www.campingduportcaroline.fr\/nl\/kamp-pays-de-la-loire\/\"},{\"@type\":\"ListItem\",\"position\":3,\"name\":\"Wandelen in Maine et Loire\"}]},{\"@type\":\"WebSite\",\"@id\":\"https:\/\/www.campingduportcaroline.fr\/#website\",\"url\":\"https:\/\/www.campingduportcaroline.fr\/\",\"name\":\"Camping du Port Caroline\",\"description\":\"\",\"publisher\":{\"@id\":\"https:\/\/www.campingduportcaroline.fr\/#organization\"},\"potentialAction\":[{\"@type\":\"SearchAction\",\"target\":{\"@type\":\"EntryPoint\",\"urlTemplate\":\"https:\/\/www.campingduportcaroline.fr\/?s={search_term_string}\"},\"query-input\":{\"@type\":\"PropertyValueSpecification\",\"valueRequired\":true,\"valueName\":\"search_term_string\"}}],\"inLanguage\":\"nl-NL\"},{\"@type\":\"Organization\",\"@id\":\"https:\/\/www.campingduportcaroline.fr\/#organization\",\"name\":\"Camping du Port Caroline\",\"url\":\"https:\/\/www.campingduportcaroline.fr\/\",\"logo\":{\"@type\":\"ImageObject\",\"inLanguage\":\"nl-NL\",\"@id\":\"https:\/\/www.campingduportcaroline.fr\/#\/schema\/logo\/image\/\",\"url\":\"https:\/\/www.campingduportcaroline.fr\/wp-content\/uploads\/2022\/11\/favicon-1.png\",\"contentUrl\":\"https:\/\/www.campingduportcaroline.fr\/wp-content\/uploads\/2022\/11\/favicon-1.png\",\"width\":512,\"height\":512,\"caption\":\"Camping du Port Caroline\"},\"image\":{\"@id\":\"https:\/\/www.campingduportcaroline.fr\/#\/schema\/logo\/image\/\"}}]}<\/script>\n<!-- \/ Yoast SEO plugin. -->","yoast_head_json":{"title":"Wandelen in Maine en Loire | Wandelroutes in de Loire-vallei","description":"Hier bieden wij u alle goede plannen en wandelroutes voor uw volgende verblijf in Maine-et-Loire, niet ver van de stad Angers. Kom en ontdek de natuur van de Pays de la Loire.","robots":{"index":"index","follow":"follow","max-snippet":"max-snippet:-1","max-image-preview":"max-image-preview:large","max-video-preview":"max-video-preview:-1"},"canonical":"https:\/\/www.campingduportcaroline.fr\/nl\/kamp-pays-de-la-loire\/wandelroutes-maine-loire\/","og_locale":"nl_NL","og_type":"article","og_title":"Wandelen in Maine en Loire | Wandelroutes in de Loire-vallei","og_description":"Hier bieden wij u alle goede plannen en wandelroutes voor uw volgende verblijf in Maine-et-Loire, niet ver van de stad Angers. Kom en ontdek de natuur van de Pays de la Loire.","og_url":"https:\/\/www.campingduportcaroline.fr\/nl\/kamp-pays-de-la-loire\/wandelroutes-maine-loire\/","og_site_name":"Camping du Port Caroline","article_modified_time":"2023-02-28T11:26:12+00:00","og_image":[{"width":1348,"height":703,"url":"https:\/\/www.campingduportcaroline.fr\/wp-content\/uploads\/2022\/12\/randdonnee-en-famille-dans-la-loire.jpg","type":"image\/jpeg"}],"twitter_card":"summary_large_image","twitter_misc":{"Geschatte leestijd":"2 minuten"},"schema":{"@context":"https:\/\/schema.org","@graph":[{"@type":"WebPage","@id":"https:\/\/www.campingduportcaroline.fr\/nl\/kamp-pays-de-la-loire\/wandelroutes-maine-loire\/","url":"https:\/\/www.campingduportcaroline.fr\/nl\/kamp-pays-de-la-loire\/wandelroutes-maine-loire\/","name":"Wandelen in Maine en Loire | Wandelroutes in de Loire-vallei","isPartOf":{"@id":"https:\/\/www.campingduportcaroline.fr\/#website"},"primaryImageOfPage":{"@id":"https:\/\/www.campingduportcaroline.fr\/nl\/kamp-pays-de-la-loire\/wandelroutes-maine-loire\/#primaryimage"},"image":{"@id":"https:\/\/www.campingduportcaroline.fr\/nl\/kamp-pays-de-la-loire\/wandelroutes-maine-loire\/#primaryimage"},"thumbnailUrl":"https:\/\/www.campingduportcaroline.fr\/wp-content\/uploads\/2022\/12\/randdonnee-en-famille-dans-la-loire.jpg","datePublished":"2023-02-27T09:20:03+00:00","dateModified":"2023-02-28T11:26:12+00:00","description":"Hier bieden wij u alle goede plannen en wandelroutes voor uw volgende verblijf in Maine-et-Loire, niet ver van de stad Angers. Kom en ontdek de natuur van de Pays de la Loire.","breadcrumb":{"@id":"https:\/\/www.campingduportcaroline.fr\/nl\/kamp-pays-de-la-loire\/wandelroutes-maine-loire\/#breadcrumb"},"inLanguage":"nl-NL","potentialAction":[{"@type":"ReadAction","target":["https:\/\/www.campingduportcaroline.fr\/nl\/kamp-pays-de-la-loire\/wandelroutes-maine-loire\/"]}]},{"@type":"ImageObject","inLanguage":"nl-NL","@id":"https:\/\/www.campingduportcaroline.fr\/nl\/kamp-pays-de-la-loire\/wandelroutes-maine-loire\/#primaryimage","url":"https:\/\/www.campingduportcaroline.fr\/wp-content\/uploads\/2022\/12\/randdonnee-en-famille-dans-la-loire.jpg","contentUrl":"https:\/\/www.campingduportcaroline.fr\/wp-content\/uploads\/2022\/12\/randdonnee-en-famille-dans-la-loire.jpg","width":1348,"height":703,"caption":"randonne en famille dans la loire"},{"@type":"BreadcrumbList","@id":"https:\/\/www.campingduportcaroline.fr\/nl\/kamp-pays-de-la-loire\/wandelroutes-maine-loire\/#breadcrumb","itemListElement":[{"@type":"ListItem","position":1,"name":"Camping Port Caroline","item":"https:\/\/www.campingduportcaroline.fr\/nl\/"},{"@type":"ListItem","position":2,"name":"Uitgaan in de Loire streek","item":"https:\/\/www.campingduportcaroline.fr\/nl\/kamp-pays-de-la-loire\/"},{"@type":"ListItem","position":3,"name":"Wandelen in Maine et Loire"}]},{"@type":"WebSite","@id":"https:\/\/www.campingduportcaroline.fr\/#website","url":"https:\/\/www.campingduportcaroline.fr\/","name":"Camping du Port Caroline","description":"","publisher":{"@id":"https:\/\/www.campingduportcaroline.fr\/#organization"},"potentialAction":[{"@type":"SearchAction","target":{"@type":"EntryPoint","urlTemplate":"https:\/\/www.campingduportcaroline.fr\/?s={search_term_string}"},"query-input":{"@type":"PropertyValueSpecification","valueRequired":true,"valueName":"search_term_string"}}],"inLanguage":"nl-NL"},{"@type":"Organization","@id":"https:\/\/www.campingduportcaroline.fr\/#organization","name":"Camping du Port Caroline","url":"https:\/\/www.campingduportcaroline.fr\/","logo":{"@type":"ImageObject","inLanguage":"nl-NL","@id":"https:\/\/www.campingduportcaroline.fr\/#\/schema\/logo\/image\/","url":"https:\/\/www.campingduportcaroline.fr\/wp-content\/uploads\/2022\/11\/favicon-1.png","contentUrl":"https:\/\/www.campingduportcaroline.fr\/wp-content\/uploads\/2022\/11\/favicon-1.png","width":512,"height":512,"caption":"Camping du Port Caroline"},"image":{"@id":"https:\/\/www.campingduportcaroline.fr\/#\/schema\/logo\/image\/"}}]}},"_links":{"self":[{"href":"https:\/\/www.campingduportcaroline.fr\/nl\/wp-json\/wp\/v2\/pages\/3906","targetHints":{"allow":["GET"]}}],"collection":[{"href":"https:\/\/www.campingduportcaroline.fr\/nl\/wp-json\/wp\/v2\/pages"}],"about":[{"href":"https:\/\/www.campingduportcaroline.fr\/nl\/wp-json\/wp\/v2\/types\/page"}],"author":[{"embeddable":true,"href":"https:\/\/www.campingduportcaroline.fr\/nl\/wp-json\/wp\/v2\/users\/1"}],"replies":[{"embeddable":true,"href":"https:\/\/www.campingduportcaroline.fr\/nl\/wp-json\/wp\/v2\/comments?post=3906"}],"version-history":[{"count":1,"href":"https:\/\/www.campingduportcaroline.fr\/nl\/wp-json\/wp\/v2\/pages\/3906\/revisions"}],"predecessor-version":[{"id":3907,"href":"https:\/\/www.campingduportcaroline.fr\/nl\/wp-json\/wp\/v2\/pages\/3906\/revisions\/3907"}],"up":[{"embeddable":true,"href":"https:\/\/www.campingduportcaroline.fr\/nl\/wp-json\/wp\/v2\/pages\/3892"}],"wp:featuredmedia":[{"embeddable":true,"href":"https:\/\/www.campingduportcaroline.fr\/nl\/wp-json\/wp\/v2\/media\/1820"}],"wp:attachment":[{"href":"https:\/\/www.campingduportcaroline.fr\/nl\/wp-json\/wp\/v2\/media?parent=3906"}],"wp:term":[{"taxonomy":"sujet","embeddable":true,"href":"https:\/\/www.campingduportcaroline.fr\/nl\/wp-json\/wp\/v2\/sujet?post=3906"}],"curies":[{"name":"wp","href":"https:\/\/api.w.org\/{rel}","templated":true}]}}