{"id":3908,"date":"2023-02-27T10:25:21","date_gmt":"2023-02-27T09:25:21","guid":{"rendered":"https:\/\/www.campingduportcaroline.fr\/kamp-pays-de-la-loire\/camping-fietsers-brain-sur-authion\/"},"modified":"2023-02-28T15:03:16","modified_gmt":"2023-02-28T14:03:16","slug":"camping-fietsers-brain-sur-authion","status":"publish","type":"page","link":"https:\/\/www.campingduportcaroline.fr\/nl\/kamp-pays-de-la-loire\/camping-fietsers-brain-sur-authion\/","title":{"rendered":"Randonn\u00e9e \u00e0 v\u00e9lo"},"content":{"rendered":"<section id=\"ls-section-block_c07a22c5e9e0b3d10a7fe08b39b56383\" class=\"ls-section  page-entete\" >\n        <div class=\"container \">\n        \n\n<h1 class=\"ls__heading has-text-align-center animated fadeInUp delay-200ms slow wp-block-heading\">Uw mooiste fietstochten in het Loiredal<\/h1>\n\n\n    <\/div>\n<\/section><section id=\"ls-section-block_de6d4c46eb86397e11b675b133ba45ea\" class=\"ls-section  page-one has-p-b p-b-14\" >\n        <div class=\"container container--wide\">\n        \n\n<div class=\"wp-block-columns is-layout-flex wp-container-core-columns-is-layout-9d6595d7 wp-block-columns-is-layout-flex\">\n<div class=\"wp-block-column is-layout-flow wp-block-column-is-layout-flow\" style=\"flex-basis:60%\">\n<figure class=\"wp-block-image size-full arrondi\"><a href=\"https:\/\/www.campingduportcaroline.fr\/wp-content\/uploads\/2022\/12\/randonnee-a-velo-dans-la-loire.jpg\"><img decoding=\"async\" width=\"790\" height=\"560\" src=\"https:\/\/www.campingduportcaroline.fr\/wp-content\/uploads\/2022\/12\/randonnee-a-velo-dans-la-loire.jpg\" alt=\"fietsen in de loire\" class=\"wp-image-1649\" srcset=\"https:\/\/www.campingduportcaroline.fr\/wp-content\/uploads\/2022\/12\/randonnee-a-velo-dans-la-loire.jpg 790w, https:\/\/www.campingduportcaroline.fr\/wp-content\/uploads\/2022\/12\/randonnee-a-velo-dans-la-loire-300x213.jpg 300w, https:\/\/www.campingduportcaroline.fr\/wp-content\/uploads\/2022\/12\/randonnee-a-velo-dans-la-loire-768x544.jpg 768w\" sizes=\"(max-width: 790px) 100vw, 790px\" \/><\/a><\/figure>\n<\/div>\n\n\n\n<div class=\"wp-block-column is-vertically-aligned-center is-layout-flow wp-block-column-is-layout-flow\" style=\"flex-basis:40%\">\n<h2 class=\"ls-heading wp-block-heading\">Routes om de Loire per fiets te ontdekken<\/h2>\n\n\n\n<p class=\"ls-paragraph\">Bent u op zoek naar de mooiste fietstochten in de Loirestreek? Wij nodigen u uit om de mooiste routes en fietstochten <strong>van de Loire te ontdekken.<\/strong> Kom en ontdek met ons de wonderen van de Loire!<\/p>\n\n\n\n<p class=\"ls-paragraph\">Korte cursussen voor <strong>beginners <\/strong>langere routes voor meer ervaren fietsers. <strong>ervaren<\/strong>onze <a href=\"\/\">camping Port Caroline<\/a> is de ideale plek om de Loire per fiets te ontdekken: fietsen langs de oevers van de Loire, oversteken en fietsen door de dorpen en kastelen die onze streek beroemd maken. <\/p>\n\n\n\n<p class=\"ls-paragraph\">Wat uw voorkeur ook is, u vindt een fietsroute die bij u past als u naar onze camping in Port Caroline komt.<\/p>\n<\/div>\n<\/div>\n\n\n    <\/div>\n<\/section><section id=\"ls-section-block_1a432815df44089c2c4379b8e14b2343\" class=\"ls-section  page-parallax image-right has-parallax has-background has-color-7-background-color has-p-t p-t-20 has-p-b p-b-20\" >\n        <div class=\"container container--wide\">\n        \n\n<div class=\"wp-block-columns is-layout-flex wp-container-core-columns-is-layout-9d6595d7 wp-block-columns-is-layout-flex\">\n<div class=\"wp-block-column is-vertically-aligned-center text-fond-noir is-layout-flow wp-block-column-is-layout-flow\" style=\"flex-basis:40%\">\n<h2 class=\"ls__heading has-color-white-color has-text-color wp-block-heading\">Onze camping biedt fietsverhuur in Angers<\/h2>\n\n\n\n<p class=\"ls-paragraph has-color-white-color has-text-color\">Of u nu een lange fietstocht langs de Loire plant of een kort uitstapje in de stad Angers, onze <strong>fietsverhuurdienst<\/strong> kan aan al uw mobiliteitsbehoeften voldoen.<\/p>\n\n\n\n<p class=\"ls-paragraph has-color-white-color has-text-color\">Op onze camping in Port Caroline kunt u allerlei fietsen huren, van klassieke fietsen tot elektrische fietsen. Of u nu een ontspannen wandeling wilt maken door de <a href=\"https:\/\/www.campingduportcaroline.fr\/nl\/kamp-pays-de-la-loire\/camping-angers\/\">stad Angers<\/a> of de <a href=\"https:\/\/www.campingduportcaroline.fr\/nl\/kamp-pays-de-la-loire\/chateaux-de-la-loire\/\">kastelen van de Loire-vallei<\/a> wilt verkennen, wij hebben precies wat u nodig hebt.<\/p>\n<\/div>\n\n\n\n<div class=\"wp-block-column is-vertically-aligned-center image is-layout-flow wp-block-column-is-layout-flow\" style=\"flex-basis:60%\">\n<figure class=\"wp-block-image size-full arrondi-petit animated slideInRight delay-200ms slow\"><a href=\"https:\/\/www.campingduportcaroline.fr\/wp-content\/uploads\/2022\/12\/location-de-velo-camping-port-caroline.jpg\"><img decoding=\"async\" width=\"790\" height=\"560\" src=\"https:\/\/www.campingduportcaroline.fr\/wp-content\/uploads\/2022\/12\/location-de-velo-camping-port-caroline.jpg\" alt=\"fietsverhuur camping port caroline\" class=\"wp-image-1646\" srcset=\"https:\/\/www.campingduportcaroline.fr\/wp-content\/uploads\/2022\/12\/location-de-velo-camping-port-caroline.jpg 790w, https:\/\/www.campingduportcaroline.fr\/wp-content\/uploads\/2022\/12\/location-de-velo-camping-port-caroline-300x213.jpg 300w, https:\/\/www.campingduportcaroline.fr\/wp-content\/uploads\/2022\/12\/location-de-velo-camping-port-caroline-768x544.jpg 768w\" sizes=\"(max-width: 790px) 100vw, 790px\" \/><\/a><\/figure>\n<\/div>\n<\/div>\n\n\n    <\/div>\n<\/section><section id=\"ls-section-block_9d1a512b065e0738b6cd1d86039f830c\" class=\"ls-section  page-one has-p-t p-t-14 has-p-b p-b-14\" >\n        <div class=\"container container--wide\">\n        \n\n<div class=\"wp-block-columns is-layout-flex wp-container-core-columns-is-layout-9d6595d7 wp-block-columns-is-layout-flex\">\n<div class=\"wp-block-column is-layout-flow wp-block-column-is-layout-flow\"><\/div>\n\n\n\n<div class=\"wp-block-column right is-layout-flow wp-block-column-is-layout-flow\">\n<figure class=\"wp-block-image is-resized fleur\"><img decoding=\"async\" src=\"https:\/\/www.campingduportcaroline.fr\/wp-content\/uploads\/2022\/11\/fleur.png\" alt=\"bloem\" class=\"wp-image-275\" width=\"256\" height=\"256\" srcset=\"https:\/\/www.campingduportcaroline.fr\/wp-content\/uploads\/2022\/11\/fleur.png 512w, https:\/\/www.campingduportcaroline.fr\/wp-content\/uploads\/2022\/11\/fleur-300x300.png 300w, https:\/\/www.campingduportcaroline.fr\/wp-content\/uploads\/2022\/11\/fleur-150x150.png 150w\" sizes=\"(max-width: 256px) 100vw, 256px\" \/><\/figure>\n<\/div>\n<\/div>\n\n\n\n<div class=\"wp-block-columns is-layout-flex wp-container-core-columns-is-layout-9d6595d7 wp-block-columns-is-layout-flex\">\n<div class=\"wp-block-column is-vertically-aligned-bottom is-layout-flow wp-block-column-is-layout-flow\" style=\"flex-basis:60%\">\n<figure class=\"wp-block-image size-full arrondi\"><a href=\"https:\/\/www.campingduportcaroline.fr\/wp-content\/uploads\/2022\/12\/sortie-velo-en-famille.jpg\"><img decoding=\"async\" width=\"790\" height=\"560\" src=\"https:\/\/www.campingduportcaroline.fr\/wp-content\/uploads\/2022\/12\/sortie-velo-en-famille.jpg\" alt=\"familie fietstocht\" class=\"wp-image-1652\" srcset=\"https:\/\/www.campingduportcaroline.fr\/wp-content\/uploads\/2022\/12\/sortie-velo-en-famille.jpg 790w, https:\/\/www.campingduportcaroline.fr\/wp-content\/uploads\/2022\/12\/sortie-velo-en-famille-300x213.jpg 300w, https:\/\/www.campingduportcaroline.fr\/wp-content\/uploads\/2022\/12\/sortie-velo-en-famille-768x544.jpg 768w\" sizes=\"(max-width: 790px) 100vw, 790px\" \/><\/a><\/figure>\n<\/div>\n\n\n\n<div class=\"wp-block-column is-vertically-aligned-top is-layout-flow wp-block-column-is-layout-flow\" style=\"flex-basis:40%\">\n<h2 class=\"ls-heading wp-block-heading\">Onze diensten voor fietsers op de camping<\/h2>\n\n\n\n<p class=\"ls-paragraph\">Bent u op zoek naar de ideale camping om heerlijk te fietsen langs de Loire? Zoek niet verder! Onze camping is de ideale plek voor fietsliefhebbers. <\/p>\n\n\n\n<p class=\"ls-paragraph\">Of u nu de prachtige landschappen van de Loire wilt verkennen of met uw gezin over de vlakke wegen van de Loire wilt fietsen, er zijn vele routes waaruit u kunt kiezen om de streek in uw eigen tempo te verkennen.<\/p>\n\n\n\n<p class=\"ls-paragraph\">Wij bieden ook <strong>een fietsenstalling<\/strong> en klein <strong>reparatiemateriaal<\/strong> voor uw twee wielen. En als u geen eigen fiets heeft, kunt u tijdens het seizoen direct bij de camping een klassieke fiets huren. <strong>Elektrische fietsen<\/strong> zijn ook beschikbaar op reservering.<\/p>\n\n\n\n<p class=\"ls-paragraph\">Op Camping du Port Caroline staan onze vriendelijke medewerkers altijd voor u klaar. Kom dus langs en geniet van de prachtige natuur van de Loire! Deel ook gerust uw mooiste fietsroutes met ons.<\/p>\n<\/div>\n<\/div>\n\n\n    <\/div>\n<\/section><section id=\"ls-section-block_709e30ef9638240d6720b67065711943\" class=\"ls-section  page-avis has-background has-color-6-background-color has-p-t p-t-14 has-p-b p-b-4\" >\n        <div class=\"container container--wide\">\n        \n\n<div id=\"ls-heading ls-titre-div-block_bd087daf0d047cfa866f80ab0ed38b3c\" class=\"ls-titre-div aligncenter h2-like has-text-color has-color-2-color has-p-b p-b-4\" >\n    Wat vinden onze <\/br><span>fietsende klanten<\/span>?<\/div>\n\n\n<div class=\"avis-container-pages\"><div class=\"avis\"><div class=\"avis-content-container\"><div class=\"avis-text-container\"><div class=\"avis-name\">Sonia V.<\/div><div class=\"avis-content\"><p>Ik weet niet of het aan het zwembad, de ontvangst of de <strong>kleine fietsprijs ligt<\/strong>, maar het is een van de beste campings waar ik ben geweest! <strong>Een aanrader voor fietsers die de Loire op de fiets doen<\/strong>!<\/p>\n<\/div><\/div><div class=\"avis-note\">\n                <span><i class=\"caroline-star1\"><\/i><\/span><span><i class=\"caroline-star1\"><\/i><\/span><span><i class=\"caroline-star1\"><\/i><\/span><span><i class=\"caroline-star1\"><\/i><\/span><span><i class=\"caroline-star1\"><\/i><\/span>\n                <\/div><\/div><\/div><div class=\"avis\"><div class=\"avis-content-container\"><div class=\"avis-text-container\"><div class=\"avis-name\">H\u00e9l\u00e8ne R.<\/div><div class=\"avis-content\"><p>Een <strong>camping gelegen aan de Loire-fietsroute.<\/strong> Schoon, goede prijs-kwaliteitverhouding. Zeer behulpzame managers. Het was goed!<\/p>\n<\/div><\/div><div class=\"avis-note\">\n                <span><i class=\"caroline-star1\"><\/i><\/span><span><i class=\"caroline-star1\"><\/i><\/span><span><i class=\"caroline-star1\"><\/i><\/span><span><i class=\"caroline-star1\"><\/i><\/span><span><i class=\"caroline-star1\"><\/i><\/span>\n                <\/div><\/div><\/div><div class=\"avis\"><div class=\"avis-content-container\"><div class=\"avis-text-container\"><div class=\"avis-name\">C\u00e9line de C.<\/div><div class=\"avis-content\"><p><strong>We waren zeer tevreden over ons verblijf en werden zeer goed verzorgd tijdens onze overnachting op de Loire per fiets.<\/strong> Bedankt voor het lenen van de tafel en stoelen, het was een grote attentie.<br \/>\nEen zeer rustige en overzichtelijke camping met uitstekend sanitair. En populaire kinderspelletjes.<\/p>\n<\/div><\/div><div class=\"avis-note\">\n                <span><i class=\"caroline-star1\"><\/i><\/span><span><i class=\"caroline-star1\"><\/i><\/span><span><i class=\"caroline-star1\"><\/i><\/span><span><i class=\"caroline-star1\"><\/i><\/span><span><i class=\"caroline-star1\"><\/i><\/span>\n                <\/div><\/div><\/div><div class=\"avis\"><div class=\"avis-content-container\"><div class=\"avis-text-container\"><div class=\"avis-name\">Vic M.<\/div><div class=\"avis-content\"><p>Een vriendelijke, goed uitgeruste camping. De sanitaire voorzieningen zijn schoon en modern. Er is een fietshut, <strong>ideaal voor de Loire \u00e0 V\u00e9lo.<\/strong><\/p>\n<\/div><\/div><div class=\"avis-note\">\n                <span><i class=\"caroline-star1\"><\/i><\/span><span><i class=\"caroline-star1\"><\/i><\/span><span><i class=\"caroline-star1\"><\/i><\/span><span><i class=\"caroline-star1\"><\/i><\/span><span><i class=\"caroline-star1\"><\/i><\/span>\n                <\/div><\/div><\/div><\/div>\n\n\n    <\/div>\n<\/section><section id=\"ls-section-block_cdc5b5df88fafd468795f1d91ff483f5\" class=\"ls-section  has-p-t p-t-14 has-p-b p-b-14\" >\n        <div class=\"container container--wide\">\n        \n\n<div id=\"ls-heading ls-titre-div-block_dd1a6448e4c1fa558db451c25da2c1ad\" class=\"ls-titre-div aligncenter h2-like has-p-b p-b-4\" >\n    Om de omgeving te ontdekken <\/br><span>van onze camping<\/span><\/div>\n\n\n\n<div id=\"ls-maillage-block_4660b3481cc32f6dcd1403695a594602\" class=\"ls-maillage cta-style-normal\" data-rows=\"3\">\n\n    <div class=\"wp-block-columns\"><div class=\"wp-block-column ls-cta\">\n\n<a href=\"https:\/\/www.campingduportcaroline.fr\/nl\/kamp-pays-de-la-loire\/camping-angers\/\" target=\"\" rel=\"noopener\" class=\"ls-cta__link\">\n\n\t<div class=\"ls-cta__image\"><img decoding=\"async\" src=\"https:\/\/www.campingduportcaroline.fr\/wp-content\/uploads\/2022\/12\/chateau-angers-768x544.jpg\" alt=\"chateau angers\"><\/div>\n\t<div class=\"ls-cta__title\">\n\t\tAngers\t<\/div>\n\n\t\t\n<\/a><\/div><div class=\"wp-block-column ls-cta\">\n\n<a href=\"https:\/\/www.campingduportcaroline.fr\/nl\/kamp-pays-de-la-loire\/chateaux-de-la-loire\/\" target=\"\" rel=\"noopener\" class=\"ls-cta__link\">\n\n\t<div class=\"ls-cta__image\"><img decoding=\"async\" src=\"https:\/\/www.campingduportcaroline.fr\/wp-content\/uploads\/2022\/12\/chateau-pays-de-la-loire-768x544.jpg\" alt=\"chateau pays de la loire\"><\/div>\n\t<div class=\"ls-cta__title\">\n\t\tCh\u00e2teau de la loire\t<\/div>\n\n\t\t\n<\/a><\/div><div class=\"wp-block-column ls-cta\">\n\n<a href=\"https:\/\/www.campingduportcaroline.fr\/nl\/kamp-pays-de-la-loire\/wandelroutes-maine-loire\/\" target=\"\" rel=\"noopener\" class=\"ls-cta__link\">\n\n\t<div class=\"ls-cta__image\"><img decoding=\"async\" src=\"https:\/\/www.campingduportcaroline.fr\/wp-content\/uploads\/2022\/12\/randonnee-port-caroline-loire.jpg\" alt=\"randonn\u00e9 port caroline loire\"><\/div>\n\t<div class=\"ls-cta__title\">\n\t\tRandonn\u00e9e \u00e0 pied\t<\/div>\n\n\t\t\n<\/a><\/div><\/div>\n<\/div>\n\n    <\/div>\n<\/section>","protected":false},"excerpt":{"rendered":"","protected":false},"author":1,"featured_media":1831,"parent":3892,"menu_order":0,"comment_status":"closed","ping_status":"closed","template":"","meta":{"_acf_changed":false,"inline_featured_image":false,"footnotes":""},"sujet":[],"class_list":["post-3908","page","type-page","status-publish","has-post-thumbnail","hentry"],"acf":[],"yoast_head":"<!-- This site is optimized with the Yoast SEO plugin v23.4 - https:\/\/yoast.com\/wordpress\/plugins\/seo\/ -->\n<title>Ideale camping voor fietsers Angers | Loire fietstochten<\/title>\n<meta name=\"robots\" content=\"index, follow, max-snippet:-1, max-image-preview:large, max-video-preview:-1\" \/>\n<link rel=\"canonical\" href=\"https:\/\/www.campingduportcaroline.fr\/nl\/kamp-pays-de-la-loire\/camping-fietsers-brain-sur-authion\/\" \/>\n<meta property=\"og:locale\" content=\"nl_NL\" \/>\n<meta property=\"og:type\" content=\"article\" \/>\n<meta property=\"og:title\" content=\"Ideale camping voor fietsers Angers | Loire fietstochten\" \/>\n<meta property=\"og:url\" content=\"https:\/\/www.campingduportcaroline.fr\/nl\/kamp-pays-de-la-loire\/camping-fietsers-brain-sur-authion\/\" \/>\n<meta property=\"og:site_name\" content=\"Camping du Port Caroline\" \/>\n<meta property=\"article:modified_time\" content=\"2023-02-28T14:03:16+00:00\" \/>\n<meta property=\"og:image\" content=\"https:\/\/www.campingduportcaroline.fr\/wp-content\/uploads\/2022\/12\/randonnee-a-velo-dans-la-loire-1.jpg\" \/>\n\t<meta property=\"og:image:width\" content=\"1348\" \/>\n\t<meta property=\"og:image:height\" content=\"703\" \/>\n\t<meta property=\"og:image:type\" content=\"image\/jpeg\" \/>\n<meta name=\"twitter:card\" content=\"summary_large_image\" \/>\n<meta name=\"twitter:label1\" content=\"Geschatte leestijd\" \/>\n\t<meta name=\"twitter:data1\" content=\"2 minuten\" \/>\n<script type=\"application\/ld+json\" class=\"yoast-schema-graph\">{\"@context\":\"https:\/\/schema.org\",\"@graph\":[{\"@type\":\"WebPage\",\"@id\":\"https:\/\/www.campingduportcaroline.fr\/nl\/kamp-pays-de-la-loire\/camping-fietsers-brain-sur-authion\/\",\"url\":\"https:\/\/www.campingduportcaroline.fr\/nl\/kamp-pays-de-la-loire\/camping-fietsers-brain-sur-authion\/\",\"name\":\"Ideale camping voor fietsers Angers | Loire fietstochten\",\"isPartOf\":{\"@id\":\"https:\/\/www.campingduportcaroline.fr\/#website\"},\"primaryImageOfPage\":{\"@id\":\"https:\/\/www.campingduportcaroline.fr\/nl\/kamp-pays-de-la-loire\/camping-fietsers-brain-sur-authion\/#primaryimage\"},\"image\":{\"@id\":\"https:\/\/www.campingduportcaroline.fr\/nl\/kamp-pays-de-la-loire\/camping-fietsers-brain-sur-authion\/#primaryimage\"},\"thumbnailUrl\":\"https:\/\/www.campingduportcaroline.fr\/wp-content\/uploads\/2022\/12\/randonnee-a-velo-dans-la-loire-1.jpg\",\"datePublished\":\"2023-02-27T09:25:21+00:00\",\"dateModified\":\"2023-02-28T14:03:16+00:00\",\"breadcrumb\":{\"@id\":\"https:\/\/www.campingduportcaroline.fr\/nl\/kamp-pays-de-la-loire\/camping-fietsers-brain-sur-authion\/#breadcrumb\"},\"inLanguage\":\"nl-NL\",\"potentialAction\":[{\"@type\":\"ReadAction\",\"target\":[\"https:\/\/www.campingduportcaroline.fr\/nl\/kamp-pays-de-la-loire\/camping-fietsers-brain-sur-authion\/\"]}]},{\"@type\":\"ImageObject\",\"inLanguage\":\"nl-NL\",\"@id\":\"https:\/\/www.campingduportcaroline.fr\/nl\/kamp-pays-de-la-loire\/camping-fietsers-brain-sur-authion\/#primaryimage\",\"url\":\"https:\/\/www.campingduportcaroline.fr\/wp-content\/uploads\/2022\/12\/randonnee-a-velo-dans-la-loire-1.jpg\",\"contentUrl\":\"https:\/\/www.campingduportcaroline.fr\/wp-content\/uploads\/2022\/12\/randonnee-a-velo-dans-la-loire-1.jpg\",\"width\":1348,\"height\":703,\"caption\":\"randonn\u00e9e velo dans la loire\"},{\"@type\":\"BreadcrumbList\",\"@id\":\"https:\/\/www.campingduportcaroline.fr\/nl\/kamp-pays-de-la-loire\/camping-fietsers-brain-sur-authion\/#breadcrumb\",\"itemListElement\":[{\"@type\":\"ListItem\",\"position\":1,\"name\":\"Camping Port Caroline\",\"item\":\"https:\/\/www.campingduportcaroline.fr\/nl\/\"},{\"@type\":\"ListItem\",\"position\":2,\"name\":\"Uitgaan in de Loire streek\",\"item\":\"https:\/\/www.campingduportcaroline.fr\/nl\/kamp-pays-de-la-loire\/\"},{\"@type\":\"ListItem\",\"position\":3,\"name\":\"Ideale camping voor fietsers in de Pays de la Loire\"}]},{\"@type\":\"WebSite\",\"@id\":\"https:\/\/www.campingduportcaroline.fr\/#website\",\"url\":\"https:\/\/www.campingduportcaroline.fr\/\",\"name\":\"Camping du Port Caroline\",\"description\":\"\",\"publisher\":{\"@id\":\"https:\/\/www.campingduportcaroline.fr\/#organization\"},\"potentialAction\":[{\"@type\":\"SearchAction\",\"target\":{\"@type\":\"EntryPoint\",\"urlTemplate\":\"https:\/\/www.campingduportcaroline.fr\/?s={search_term_string}\"},\"query-input\":{\"@type\":\"PropertyValueSpecification\",\"valueRequired\":true,\"valueName\":\"search_term_string\"}}],\"inLanguage\":\"nl-NL\"},{\"@type\":\"Organization\",\"@id\":\"https:\/\/www.campingduportcaroline.fr\/#organization\",\"name\":\"Camping du Port Caroline\",\"url\":\"https:\/\/www.campingduportcaroline.fr\/\",\"logo\":{\"@type\":\"ImageObject\",\"inLanguage\":\"nl-NL\",\"@id\":\"https:\/\/www.campingduportcaroline.fr\/#\/schema\/logo\/image\/\",\"url\":\"https:\/\/www.campingduportcaroline.fr\/wp-content\/uploads\/2022\/11\/favicon-1.png\",\"contentUrl\":\"https:\/\/www.campingduportcaroline.fr\/wp-content\/uploads\/2022\/11\/favicon-1.png\",\"width\":512,\"height\":512,\"caption\":\"Camping du Port Caroline\"},\"image\":{\"@id\":\"https:\/\/www.campingduportcaroline.fr\/#\/schema\/logo\/image\/\"}}]}<\/script>\n<!-- \/ Yoast SEO plugin. -->","yoast_head_json":{"title":"Ideale camping voor fietsers Angers | Loire fietstochten","robots":{"index":"index","follow":"follow","max-snippet":"max-snippet:-1","max-image-preview":"max-image-preview:large","max-video-preview":"max-video-preview:-1"},"canonical":"https:\/\/www.campingduportcaroline.fr\/nl\/kamp-pays-de-la-loire\/camping-fietsers-brain-sur-authion\/","og_locale":"nl_NL","og_type":"article","og_title":"Ideale camping voor fietsers Angers | Loire fietstochten","og_url":"https:\/\/www.campingduportcaroline.fr\/nl\/kamp-pays-de-la-loire\/camping-fietsers-brain-sur-authion\/","og_site_name":"Camping du Port Caroline","article_modified_time":"2023-02-28T14:03:16+00:00","og_image":[{"width":1348,"height":703,"url":"https:\/\/www.campingduportcaroline.fr\/wp-content\/uploads\/2022\/12\/randonnee-a-velo-dans-la-loire-1.jpg","type":"image\/jpeg"}],"twitter_card":"summary_large_image","twitter_misc":{"Geschatte leestijd":"2 minuten"},"schema":{"@context":"https:\/\/schema.org","@graph":[{"@type":"WebPage","@id":"https:\/\/www.campingduportcaroline.fr\/nl\/kamp-pays-de-la-loire\/camping-fietsers-brain-sur-authion\/","url":"https:\/\/www.campingduportcaroline.fr\/nl\/kamp-pays-de-la-loire\/camping-fietsers-brain-sur-authion\/","name":"Ideale camping voor fietsers Angers | Loire fietstochten","isPartOf":{"@id":"https:\/\/www.campingduportcaroline.fr\/#website"},"primaryImageOfPage":{"@id":"https:\/\/www.campingduportcaroline.fr\/nl\/kamp-pays-de-la-loire\/camping-fietsers-brain-sur-authion\/#primaryimage"},"image":{"@id":"https:\/\/www.campingduportcaroline.fr\/nl\/kamp-pays-de-la-loire\/camping-fietsers-brain-sur-authion\/#primaryimage"},"thumbnailUrl":"https:\/\/www.campingduportcaroline.fr\/wp-content\/uploads\/2022\/12\/randonnee-a-velo-dans-la-loire-1.jpg","datePublished":"2023-02-27T09:25:21+00:00","dateModified":"2023-02-28T14:03:16+00:00","breadcrumb":{"@id":"https:\/\/www.campingduportcaroline.fr\/nl\/kamp-pays-de-la-loire\/camping-fietsers-brain-sur-authion\/#breadcrumb"},"inLanguage":"nl-NL","potentialAction":[{"@type":"ReadAction","target":["https:\/\/www.campingduportcaroline.fr\/nl\/kamp-pays-de-la-loire\/camping-fietsers-brain-sur-authion\/"]}]},{"@type":"ImageObject","inLanguage":"nl-NL","@id":"https:\/\/www.campingduportcaroline.fr\/nl\/kamp-pays-de-la-loire\/camping-fietsers-brain-sur-authion\/#primaryimage","url":"https:\/\/www.campingduportcaroline.fr\/wp-content\/uploads\/2022\/12\/randonnee-a-velo-dans-la-loire-1.jpg","contentUrl":"https:\/\/www.campingduportcaroline.fr\/wp-content\/uploads\/2022\/12\/randonnee-a-velo-dans-la-loire-1.jpg","width":1348,"height":703,"caption":"randonn\u00e9e velo dans la loire"},{"@type":"BreadcrumbList","@id":"https:\/\/www.campingduportcaroline.fr\/nl\/kamp-pays-de-la-loire\/camping-fietsers-brain-sur-authion\/#breadcrumb","itemListElement":[{"@type":"ListItem","position":1,"name":"Camping Port Caroline","item":"https:\/\/www.campingduportcaroline.fr\/nl\/"},{"@type":"ListItem","position":2,"name":"Uitgaan in de Loire streek","item":"https:\/\/www.campingduportcaroline.fr\/nl\/kamp-pays-de-la-loire\/"},{"@type":"ListItem","position":3,"name":"Ideale camping voor fietsers in de Pays de la Loire"}]},{"@type":"WebSite","@id":"https:\/\/www.campingduportcaroline.fr\/#website","url":"https:\/\/www.campingduportcaroline.fr\/","name":"Camping du Port Caroline","description":"","publisher":{"@id":"https:\/\/www.campingduportcaroline.fr\/#organization"},"potentialAction":[{"@type":"SearchAction","target":{"@type":"EntryPoint","urlTemplate":"https:\/\/www.campingduportcaroline.fr\/?s={search_term_string}"},"query-input":{"@type":"PropertyValueSpecification","valueRequired":true,"valueName":"search_term_string"}}],"inLanguage":"nl-NL"},{"@type":"Organization","@id":"https:\/\/www.campingduportcaroline.fr\/#organization","name":"Camping du Port Caroline","url":"https:\/\/www.campingduportcaroline.fr\/","logo":{"@type":"ImageObject","inLanguage":"nl-NL","@id":"https:\/\/www.campingduportcaroline.fr\/#\/schema\/logo\/image\/","url":"https:\/\/www.campingduportcaroline.fr\/wp-content\/uploads\/2022\/11\/favicon-1.png","contentUrl":"https:\/\/www.campingduportcaroline.fr\/wp-content\/uploads\/2022\/11\/favicon-1.png","width":512,"height":512,"caption":"Camping du Port Caroline"},"image":{"@id":"https:\/\/www.campingduportcaroline.fr\/#\/schema\/logo\/image\/"}}]}},"_links":{"self":[{"href":"https:\/\/www.campingduportcaroline.fr\/nl\/wp-json\/wp\/v2\/pages\/3908","targetHints":{"allow":["GET"]}}],"collection":[{"href":"https:\/\/www.campingduportcaroline.fr\/nl\/wp-json\/wp\/v2\/pages"}],"about":[{"href":"https:\/\/www.campingduportcaroline.fr\/nl\/wp-json\/wp\/v2\/types\/page"}],"author":[{"embeddable":true,"href":"https:\/\/www.campingduportcaroline.fr\/nl\/wp-json\/wp\/v2\/users\/1"}],"replies":[{"embeddable":true,"href":"https:\/\/www.campingduportcaroline.fr\/nl\/wp-json\/wp\/v2\/comments?post=3908"}],"version-history":[{"count":3,"href":"https:\/\/www.campingduportcaroline.fr\/nl\/wp-json\/wp\/v2\/pages\/3908\/revisions"}],"predecessor-version":[{"id":3911,"href":"https:\/\/www.campingduportcaroline.fr\/nl\/wp-json\/wp\/v2\/pages\/3908\/revisions\/3911"}],"up":[{"embeddable":true,"href":"https:\/\/www.campingduportcaroline.fr\/nl\/wp-json\/wp\/v2\/pages\/3892"}],"wp:featuredmedia":[{"embeddable":true,"href":"https:\/\/www.campingduportcaroline.fr\/nl\/wp-json\/wp\/v2\/media\/1831"}],"wp:attachment":[{"href":"https:\/\/www.campingduportcaroline.fr\/nl\/wp-json\/wp\/v2\/media?parent=3908"}],"wp:term":[{"taxonomy":"sujet","embeddable":true,"href":"https:\/\/www.campingduportcaroline.fr\/nl\/wp-json\/wp\/v2\/sujet?post=3908"}],"curies":[{"name":"wp","href":"https:\/\/api.w.org\/{rel}","templated":true}]}}