{"id":3914,"date":"2023-02-27T10:35:56","date_gmt":"2023-02-27T09:35:56","guid":{"rendered":"https:\/\/www.campingduportcaroline.fr\/kamp-pays-de-la-loire\/troglodiet-loire\/"},"modified":"2023-02-28T12:26:19","modified_gmt":"2023-02-28T11:26:19","slug":"troglodiet-loire","status":"publish","type":"page","link":"https:\/\/www.campingduportcaroline.fr\/nl\/kamp-pays-de-la-loire\/troglodiet-loire\/","title":{"rendered":"Troglodyte dans la loire"},"content":{"rendered":"<section id=\"ls-section-block_860ddce36f476b9ae3c918b8629a3e07\" class=\"ls-section  page-entete\" >\n        <div class=\"container \">\n        \n\n<h1 class=\"ls__heading has-text-align-center animated fadeInUp delay-200ms slow wp-block-heading\">Troglodiet in de Loire<\/h1>\n\n\n    <\/div>\n<\/section><section id=\"ls-section-block_4dc25e03e796d3989394547b4fffacab\" class=\"ls-section  page-one has-p-b p-b-14\" >\n        <div class=\"container container--wide\">\n        \n\n<div class=\"wp-block-columns is-layout-flex wp-container-core-columns-is-layout-9d6595d7 wp-block-columns-is-layout-flex\">\n<div class=\"wp-block-column is-layout-flow wp-block-column-is-layout-flow\" style=\"flex-basis:60%\">\n<figure class=\"wp-block-image size-full arrondi\"><a href=\"https:\/\/www.campingduportcaroline.fr\/wp-content\/uploads\/2022\/12\/toglodyte-maine-et-loire.jpg\"><img decoding=\"async\" width=\"790\" height=\"560\" src=\"https:\/\/www.campingduportcaroline.fr\/wp-content\/uploads\/2022\/12\/toglodyte-maine-et-loire.jpg\" alt=\"toglodyte maine et loire\" class=\"wp-image-1704\" srcset=\"https:\/\/www.campingduportcaroline.fr\/wp-content\/uploads\/2022\/12\/toglodyte-maine-et-loire.jpg 790w, https:\/\/www.campingduportcaroline.fr\/wp-content\/uploads\/2022\/12\/toglodyte-maine-et-loire-300x213.jpg 300w, https:\/\/www.campingduportcaroline.fr\/wp-content\/uploads\/2022\/12\/toglodyte-maine-et-loire-768x544.jpg 768w\" sizes=\"(max-width: 790px) 100vw, 790px\" \/><\/a><\/figure>\n<\/div>\n\n\n\n<div class=\"wp-block-column is-vertically-aligned-center is-layout-flow wp-block-column-is-layout-flow\" style=\"flex-basis:40%\">\n<h2 class=\"ls-heading wp-block-heading\">Troglodieten huizen Maine-et-Loire<\/h2>\n\n\n\n<p class=\"ls-paragraph\">In <strong>Maine et Loire<\/strong> is het wonen in een <strong>troglodietwoning<\/strong> een traditie die teruggaat tot de Middeleeuwen. <\/p>\n\n\n\n<p class=\"ls-paragraph\">Het is een ware levenskunst die in <a href=\"https:\/\/www.campingduportcaroline.fr\/nl\/kamp-pays-de-la-loire\/camping-anjou-val-de-loire\/\">Anjou<\/a> al eeuwen en vele generaties standhoudt. Maar hoe is deze unieke manier van leven ontstaan? <\/p>\n\n\n\n<p class=\"ls-paragraph\">Tijdens de middeleeuwen ontgonnen de inwoners van Saumur tuffeau, de lichtsteen die het teken is geworden van de culturele identiteit van het Loiredal, in de vlakten en op de hellingen van de streek om er de talloze kastelen, abdijen, maar ook de huizen van de steden en dorpen te bouwen. <\/p>\n\n\n\n<p class=\"ls-paragraph\">Deze activiteit liet duizenden kilometers ondergrondse ruimtes achter die zij ook besloten te exploiteren.<\/p>\n<\/div>\n<\/div>\n\n\n    <\/div>\n<\/section><section id=\"ls-section-block_0c7180793422dc92c5a2130a705fabfe\" class=\"ls-section  page-parallax image-right has-parallax has-background has-color-7-background-color has-p-t p-t-20 has-p-b p-b-20\" >\n        <div class=\"container container--wide\">\n        \n\n<div class=\"wp-block-columns is-layout-flex wp-container-core-columns-is-layout-9d6595d7 wp-block-columns-is-layout-flex\">\n<div class=\"wp-block-column is-vertically-aligned-center text-fond-noir is-layout-flow wp-block-column-is-layout-flow\" style=\"flex-basis:40%\">\n<p class=\"ls-paragraph has-color-white-color has-text-color\">Dankzij de opgravingen konden zij isotherme, veilige en <strong>gezellige troglodietische<\/strong> woningen en kelders bouwen. Zo ontstonden de elegante woningen, gebeiteld in de witte en lichtgevende tufsteen. <\/p>\n\n\n\n<p class=\"ls-paragraph has-color-white-color has-text-color\">Deze <strong>grotwoningen stelden<\/strong> de bewoners ook in staat zich te beschermen en te verdedigen tegen aanvallers. Aan het eind van de 18e eeuw woonde bijna de helft van de bevolking in deze ondergrondse huizen, die vanaf de 19e eeuw werden verlaten, voordat ze in de jaren 1980 weer in de belangstelling kwamen.<\/p>\n<\/div>\n\n\n\n<div class=\"wp-block-column is-vertically-aligned-center image is-layout-flow wp-block-column-is-layout-flow\" style=\"flex-basis:60%\">\n<figure class=\"wp-block-image size-full arrondi-petit animated slideInRight delay-200ms slow\"><a href=\"https:\/\/www.campingduportcaroline.fr\/wp-content\/uploads\/2022\/12\/toglodyte-proche-du-camping-du-port-caroline.jpg\"><img decoding=\"async\" width=\"790\" height=\"560\" src=\"https:\/\/www.campingduportcaroline.fr\/wp-content\/uploads\/2022\/12\/toglodyte-proche-du-camping-du-port-caroline.jpg\" alt=\"toglodyte bij de camping port caroline\" class=\"wp-image-1708\" srcset=\"https:\/\/www.campingduportcaroline.fr\/wp-content\/uploads\/2022\/12\/toglodyte-proche-du-camping-du-port-caroline.jpg 790w, https:\/\/www.campingduportcaroline.fr\/wp-content\/uploads\/2022\/12\/toglodyte-proche-du-camping-du-port-caroline-300x213.jpg 300w, https:\/\/www.campingduportcaroline.fr\/wp-content\/uploads\/2022\/12\/toglodyte-proche-du-camping-du-port-caroline-768x544.jpg 768w\" sizes=\"(max-width: 790px) 100vw, 790px\" \/><\/a><\/figure>\n<\/div>\n<\/div>\n\n\n    <\/div>\n<\/section><section id=\"ls-section-block_0422487bdb993f40f7024bfb3b55bd7f\" class=\"ls-section  page-one has-p-t p-t-14 has-p-b p-b-14\" >\n        <div class=\"container container--wide\">\n        \n\n<div class=\"wp-block-columns is-layout-flex wp-container-core-columns-is-layout-9d6595d7 wp-block-columns-is-layout-flex\">\n<div class=\"wp-block-column is-layout-flow wp-block-column-is-layout-flow\"><\/div>\n\n\n\n<div class=\"wp-block-column right is-layout-flow wp-block-column-is-layout-flow\">\n<figure class=\"wp-block-image is-resized fleur\"><img decoding=\"async\" src=\"https:\/\/www.campingduportcaroline.fr\/wp-content\/uploads\/2022\/11\/fleur.png\" alt=\"bloem\" class=\"wp-image-275\" width=\"256\" height=\"256\" srcset=\"https:\/\/www.campingduportcaroline.fr\/wp-content\/uploads\/2022\/11\/fleur.png 512w, https:\/\/www.campingduportcaroline.fr\/wp-content\/uploads\/2022\/11\/fleur-300x300.png 300w, https:\/\/www.campingduportcaroline.fr\/wp-content\/uploads\/2022\/11\/fleur-150x150.png 150w\" sizes=\"(max-width: 256px) 100vw, 256px\" \/><\/figure>\n<\/div>\n<\/div>\n\n\n\n<div class=\"wp-block-columns is-layout-flex wp-container-core-columns-is-layout-9d6595d7 wp-block-columns-is-layout-flex\">\n<div class=\"wp-block-column is-layout-flow wp-block-column-is-layout-flow\" style=\"flex-basis:60%\">\n<figure class=\"wp-block-image size-full arrondi\"><a href=\"https:\/\/www.campingduportcaroline.fr\/wp-content\/uploads\/2022\/12\/toglodyte-maine-et-loire-camping.jpg\"><img decoding=\"async\" width=\"790\" height=\"560\" src=\"https:\/\/www.campingduportcaroline.fr\/wp-content\/uploads\/2022\/12\/toglodyte-maine-et-loire-camping.jpg\" alt=\"toglodyte maine et loire\" class=\"wp-image-1701\" srcset=\"https:\/\/www.campingduportcaroline.fr\/wp-content\/uploads\/2022\/12\/toglodyte-maine-et-loire-camping.jpg 790w, https:\/\/www.campingduportcaroline.fr\/wp-content\/uploads\/2022\/12\/toglodyte-maine-et-loire-camping-300x213.jpg 300w, https:\/\/www.campingduportcaroline.fr\/wp-content\/uploads\/2022\/12\/toglodyte-maine-et-loire-camping-768x544.jpg 768w\" sizes=\"(max-width: 790px) 100vw, 790px\" \/><\/a><\/figure>\n<\/div>\n\n\n\n<div class=\"wp-block-column is-vertically-aligned-center is-layout-flow wp-block-column-is-layout-flow\" style=\"flex-basis:40%\">\n<h2 class=\"ls-heading wp-block-heading\">Bezienswaardigheden<\/h2>\n\n\n\n<p class=\"ls-paragraph\">Tegenwoordig kunnen toeristen <strong>authentieke trogloditische<\/strong> huizen bezoeken die zijn gerestaureerd of omgevormd tot <strong>champignonkwekerijen<\/strong>, <strong>kunstenaarsateliers<\/strong>, <strong>dierentuinen<\/strong> of <strong>wijnkelders<\/strong>. Ze zijn vooral geconcentreerd in de regio Saumur. <br\/>Tussen Montsoreau en <a href=\"https:\/\/www.campingduportcaroline.fr\/nl\/kamp-pays-de-la-loire\/kamperen-saumur\/\">Saumur<\/a>, op minder dan een uur rijden van de <a href=\"\/\">camping Port Caroline<\/a>, vindt u de nog bewoonde troglodieten woningen. Sommige zijn comfortabele troglogites geworden, die vakantiegangers uitnodigen om een ongewone nacht te beleven. <\/p>\n\n\n\n<p class=\"ls-paragraph\">Het <strong>Ch\u00e2teau de Br\u00e9z\u00e9<\/strong>, een bijzonder kasteel met prachtige troglodietische structuren, is een must. Het ligt op 10 km van Saumur en ongeveer 45 minuten van de camping. <br\/>Het <strong>atelier van La Rose Bleue<\/strong>, in Dou\u00e9-en-Anjou, 40 minuten ten zuiden, laat u aardewerk en keramische creaties ontdekken, in een troglodietisch decor uit de 18e eeuw. <br\/><strong>In Turquant<\/strong>, het kunst- en ambachtsdorp van de troglodieten, zijn een tiental ateliers en kraampjes te ontdekken: glas-in-loodkunstenaar, meester-ambachtsman, stoffeerder, enz. <\/p>\n<\/div>\n<\/div>\n\n\n    <\/div>\n<\/section><section id=\"ls-section-block_99af180df3de3137f7992e3a4b6e3c1e\" class=\"ls-section  page-parallax image-right has-background-image has-parallax has-background has-color-white-background-color has-p-t p-t-20 has-p-b p-b-20\" >\n    <div class=\"ls-section__background-image opacity-60\"><img decoding=\"async\" src=\"https:\/\/www.campingduportcaroline.fr\/wp-content\/uploads\/2022\/11\/bois.jpg\" alt=\"bois\"><\/div>    <div class=\"container container--wide\">\n        \n\n<div class=\"wp-block-columns is-layout-flex wp-container-core-columns-is-layout-9d6595d7 wp-block-columns-is-layout-flex\">\n<div class=\"wp-block-column is-vertically-aligned-center text-fond-clair is-layout-flow wp-block-column-is-layout-flow\" style=\"flex-basis:40%\">\n<p class=\"ls-paragraph\">De &#8220;<strong>Cave aux sculptures<\/strong>&#8221; in Denez\u00e9-sous-Dou\u00e9, een fresco van 300 figuren die in de wanden van de grot zijn uitgehouwen, is ook een aanrader. <\/p>\n\n\n\n<p class=\"ls-paragraph\">Bezoek op 40 minuten ten zuiden van de camping het troglodieten dorp <strong>Rochemenier<\/strong>. <\/p>\n\n\n\n<p class=\"ls-paragraph\">In groepsverband of met het gezin duikt u in een ondergrondse wereld en ontdekt u atypische woningen, een kapel en een museum genaamd &#8220;Mus\u00e9e Troglo de Rochemenier&#8221;, met geluids- en lichtanimaties in bepaalde zalen. U vindt er twee oude boerderijen met ondergrondse woningen en bijgebouwen, een ondergrondse kapel en gemoderniseerde woningen, evenals meubels, gereedschap voor het bewerken van de velden, wijnstokken en wijn. <\/p>\n\n\n\n<p class=\"ls-paragraph\">U kunt ook het <strong>Biopark van Dou\u00e9<\/strong> bezoeken, waar meer dan 1.000 dieren leven; de grotten-kathedralen van Les Perri\u00e8res met hun magische scenografie: het Mysterie van de Faluns en andere sites zoals de Cave aux sarcophages, de troglos van La Sabli\u00e8re, enz.<\/p>\n<\/div>\n\n\n\n<div class=\"wp-block-column is-vertically-aligned-center image is-layout-flow wp-block-column-is-layout-flow\" style=\"flex-basis:60%\">\n<figure class=\"wp-block-image size-full arrondi-petit animated slideInRight delay-200ms slow\"><a href=\"https:\/\/www.campingduportcaroline.fr\/wp-content\/uploads\/2022\/12\/bio-parc-proche-angers.jpg\"><img decoding=\"async\" width=\"790\" height=\"560\" src=\"https:\/\/www.campingduportcaroline.fr\/wp-content\/uploads\/2022\/12\/bio-parc-proche-angers.jpg\" alt=\"biopark bij angers\" class=\"wp-image-1712\" srcset=\"https:\/\/www.campingduportcaroline.fr\/wp-content\/uploads\/2022\/12\/bio-parc-proche-angers.jpg 790w, https:\/\/www.campingduportcaroline.fr\/wp-content\/uploads\/2022\/12\/bio-parc-proche-angers-300x213.jpg 300w, https:\/\/www.campingduportcaroline.fr\/wp-content\/uploads\/2022\/12\/bio-parc-proche-angers-768x544.jpg 768w\" sizes=\"(max-width: 790px) 100vw, 790px\" \/><\/a><\/figure>\n<\/div>\n<\/div>\n\n\n    <\/div>\n<\/section><section id=\"ls-section-block_848d43c1d5694749778efae306e4e663\" class=\"ls-section  has-p-t p-t-14 has-p-b p-b-14\" >\n        <div class=\"container container--wide\">\n        \n\n<div id=\"ls-heading ls-titre-div-block_5d7d5e087e37959908fbf512796acc75\" class=\"ls-titre-div aligncenter h2-like has-p-b p-b-4\" >\n    Ontdek de omgeving <\/br> bereikt <span>u onze camping<\/span>?<\/div>\n\n\n\n<div id=\"ls-maillage-block_8d1bacf69e7335499624eb7e7a60a65c\" class=\"ls-maillage cta-style-normal\" data-rows=\"3\">\n\n    <div class=\"wp-block-columns\"><div class=\"wp-block-column ls-cta\">\n\n<a href=\"https:\/\/www.campingduportcaroline.fr\/nl\/kamp-pays-de-la-loire\/chateaux-de-la-loire\/\" target=\"\" rel=\"noopener\" class=\"ls-cta__link\">\n\n\t<div class=\"ls-cta__image\"><img decoding=\"async\" src=\"https:\/\/www.campingduportcaroline.fr\/wp-content\/uploads\/2022\/12\/chateau-pays-de-la-loire-768x544.jpg\" alt=\"chateau pays de la loire\"><\/div>\n\t<div class=\"ls-cta__title\">\n\t\tCh\u00e2teau de la loire\t<\/div>\n\n\t\t\n<\/a><\/div><div class=\"wp-block-column ls-cta\">\n\n<a href=\"https:\/\/www.campingduportcaroline.fr\/nl\/kamp-pays-de-la-loire\/wandelroutes-maine-loire\/\" target=\"\" rel=\"noopener\" class=\"ls-cta__link\">\n\n\t<div class=\"ls-cta__image\"><img decoding=\"async\" src=\"https:\/\/www.campingduportcaroline.fr\/wp-content\/uploads\/2022\/12\/randonnee-port-caroline-loire.jpg\" alt=\"randonn\u00e9 port caroline loire\"><\/div>\n\t<div class=\"ls-cta__title\">\n\t\tRandonn\u00e9e \u00e0 pied\t<\/div>\n\n\t\t\n<\/a><\/div><div class=\"wp-block-column ls-cta\">\n\n<a href=\"https:\/\/www.campingduportcaroline.fr\/nl\/kamp-pays-de-la-loire\/kamperen-saumur\/\" target=\"\" rel=\"noopener\" class=\"ls-cta__link\">\n\n\t<div class=\"ls-cta__image\"><img decoding=\"async\" src=\"https:\/\/www.campingduportcaroline.fr\/wp-content\/uploads\/2022\/12\/camping-proche-chateau-de-saumur.jpg\" alt=\"camping proche chateau de saumur\"><\/div>\n\t<div class=\"ls-cta__title\">\n\t\tSaumur\t<\/div>\n\n\t\t\n<\/a><\/div><\/div>\n<\/div>\n\n    <\/div>\n<\/section>","protected":false},"excerpt":{"rendered":"","protected":false},"author":1,"featured_media":3320,"parent":3892,"menu_order":0,"comment_status":"closed","ping_status":"closed","template":"","meta":{"_acf_changed":false,"inline_featured_image":false,"footnotes":""},"sujet":[],"class_list":["post-3914","page","type-page","status-publish","has-post-thumbnail","hentry"],"acf":[],"yoast_head":"<!-- This site is optimized with the Yoast SEO plugin v23.4 - https:\/\/yoast.com\/wordpress\/plugins\/seo\/ -->\n<title>Troglodyte Loire - Bezoek de troglodieten in het Loiredal (49)<\/title>\n<meta name=\"description\" content=\"Tijdens uw kampeervakantie in de Pays de la Loire zult u onvermijdelijk halt houden om de troglodietenhuizen, traditionele woningen van de streek, te verkennen.\" \/>\n<meta name=\"robots\" content=\"index, follow, max-snippet:-1, max-image-preview:large, max-video-preview:-1\" \/>\n<link rel=\"canonical\" href=\"https:\/\/www.campingduportcaroline.fr\/nl\/kamp-pays-de-la-loire\/troglodiet-loire\/\" \/>\n<meta property=\"og:locale\" content=\"nl_NL\" \/>\n<meta property=\"og:type\" content=\"article\" \/>\n<meta property=\"og:title\" content=\"Troglodyte Loire - Bezoek de troglodieten in het Loiredal (49)\" \/>\n<meta property=\"og:description\" content=\"Tijdens uw kampeervakantie in de Pays de la Loire zult u onvermijdelijk halt houden om de troglodietenhuizen, traditionele woningen van de streek, te verkennen.\" \/>\n<meta property=\"og:url\" content=\"https:\/\/www.campingduportcaroline.fr\/nl\/kamp-pays-de-la-loire\/troglodiet-loire\/\" \/>\n<meta property=\"og:site_name\" content=\"Camping du Port Caroline\" \/>\n<meta property=\"article:modified_time\" content=\"2023-02-28T11:26:19+00:00\" \/>\n<meta property=\"og:image\" content=\"https:\/\/www.campingduportcaroline.fr\/wp-content\/uploads\/2022\/12\/troglodytes-maine-et-loire.webp\" \/>\n\t<meta property=\"og:image:width\" content=\"1900\" \/>\n\t<meta property=\"og:image:height\" content=\"991\" \/>\n\t<meta property=\"og:image:type\" content=\"image\/webp\" \/>\n<meta name=\"twitter:card\" content=\"summary_large_image\" \/>\n<meta name=\"twitter:label1\" content=\"Geschatte leestijd\" \/>\n\t<meta name=\"twitter:data1\" content=\"2 minuten\" \/>\n<script type=\"application\/ld+json\" class=\"yoast-schema-graph\">{\"@context\":\"https:\/\/schema.org\",\"@graph\":[{\"@type\":\"WebPage\",\"@id\":\"https:\/\/www.campingduportcaroline.fr\/nl\/kamp-pays-de-la-loire\/troglodiet-loire\/\",\"url\":\"https:\/\/www.campingduportcaroline.fr\/nl\/kamp-pays-de-la-loire\/troglodiet-loire\/\",\"name\":\"Troglodyte Loire - Bezoek de troglodieten in het Loiredal (49)\",\"isPartOf\":{\"@id\":\"https:\/\/www.campingduportcaroline.fr\/#website\"},\"primaryImageOfPage\":{\"@id\":\"https:\/\/www.campingduportcaroline.fr\/nl\/kamp-pays-de-la-loire\/troglodiet-loire\/#primaryimage\"},\"image\":{\"@id\":\"https:\/\/www.campingduportcaroline.fr\/nl\/kamp-pays-de-la-loire\/troglodiet-loire\/#primaryimage\"},\"thumbnailUrl\":\"https:\/\/www.campingduportcaroline.fr\/wp-content\/uploads\/2022\/12\/troglodytes-maine-et-loire.webp\",\"datePublished\":\"2023-02-27T09:35:56+00:00\",\"dateModified\":\"2023-02-28T11:26:19+00:00\",\"description\":\"Tijdens uw kampeervakantie in de Pays de la Loire zult u onvermijdelijk halt houden om de troglodietenhuizen, traditionele woningen van de streek, te verkennen.\",\"breadcrumb\":{\"@id\":\"https:\/\/www.campingduportcaroline.fr\/nl\/kamp-pays-de-la-loire\/troglodiet-loire\/#breadcrumb\"},\"inLanguage\":\"nl-NL\",\"potentialAction\":[{\"@type\":\"ReadAction\",\"target\":[\"https:\/\/www.campingduportcaroline.fr\/nl\/kamp-pays-de-la-loire\/troglodiet-loire\/\"]}]},{\"@type\":\"ImageObject\",\"inLanguage\":\"nl-NL\",\"@id\":\"https:\/\/www.campingduportcaroline.fr\/nl\/kamp-pays-de-la-loire\/troglodiet-loire\/#primaryimage\",\"url\":\"https:\/\/www.campingduportcaroline.fr\/wp-content\/uploads\/2022\/12\/troglodytes-maine-et-loire.webp\",\"contentUrl\":\"https:\/\/www.campingduportcaroline.fr\/wp-content\/uploads\/2022\/12\/troglodytes-maine-et-loire.webp\",\"width\":1900,\"height\":991,\"caption\":\"maisons troglodytes maine et loire\"},{\"@type\":\"BreadcrumbList\",\"@id\":\"https:\/\/www.campingduportcaroline.fr\/nl\/kamp-pays-de-la-loire\/troglodiet-loire\/#breadcrumb\",\"itemListElement\":[{\"@type\":\"ListItem\",\"position\":1,\"name\":\"Camping Port Caroline\",\"item\":\"https:\/\/www.campingduportcaroline.fr\/nl\/\"},{\"@type\":\"ListItem\",\"position\":2,\"name\":\"Uitgaan in de Loire streek\",\"item\":\"https:\/\/www.campingduportcaroline.fr\/nl\/kamp-pays-de-la-loire\/\"},{\"@type\":\"ListItem\",\"position\":3,\"name\":\"Troglodiet in de Loire\"}]},{\"@type\":\"WebSite\",\"@id\":\"https:\/\/www.campingduportcaroline.fr\/#website\",\"url\":\"https:\/\/www.campingduportcaroline.fr\/\",\"name\":\"Camping du Port Caroline\",\"description\":\"\",\"publisher\":{\"@id\":\"https:\/\/www.campingduportcaroline.fr\/#organization\"},\"potentialAction\":[{\"@type\":\"SearchAction\",\"target\":{\"@type\":\"EntryPoint\",\"urlTemplate\":\"https:\/\/www.campingduportcaroline.fr\/?s={search_term_string}\"},\"query-input\":{\"@type\":\"PropertyValueSpecification\",\"valueRequired\":true,\"valueName\":\"search_term_string\"}}],\"inLanguage\":\"nl-NL\"},{\"@type\":\"Organization\",\"@id\":\"https:\/\/www.campingduportcaroline.fr\/#organization\",\"name\":\"Camping du Port Caroline\",\"url\":\"https:\/\/www.campingduportcaroline.fr\/\",\"logo\":{\"@type\":\"ImageObject\",\"inLanguage\":\"nl-NL\",\"@id\":\"https:\/\/www.campingduportcaroline.fr\/#\/schema\/logo\/image\/\",\"url\":\"https:\/\/www.campingduportcaroline.fr\/wp-content\/uploads\/2022\/11\/favicon-1.png\",\"contentUrl\":\"https:\/\/www.campingduportcaroline.fr\/wp-content\/uploads\/2022\/11\/favicon-1.png\",\"width\":512,\"height\":512,\"caption\":\"Camping du Port Caroline\"},\"image\":{\"@id\":\"https:\/\/www.campingduportcaroline.fr\/#\/schema\/logo\/image\/\"}}]}<\/script>\n<!-- \/ Yoast SEO plugin. -->","yoast_head_json":{"title":"Troglodyte Loire - Bezoek de troglodieten in het Loiredal (49)","description":"Tijdens uw kampeervakantie in de Pays de la Loire zult u onvermijdelijk halt houden om de troglodietenhuizen, traditionele woningen van de streek, te verkennen.","robots":{"index":"index","follow":"follow","max-snippet":"max-snippet:-1","max-image-preview":"max-image-preview:large","max-video-preview":"max-video-preview:-1"},"canonical":"https:\/\/www.campingduportcaroline.fr\/nl\/kamp-pays-de-la-loire\/troglodiet-loire\/","og_locale":"nl_NL","og_type":"article","og_title":"Troglodyte Loire - Bezoek de troglodieten in het Loiredal (49)","og_description":"Tijdens uw kampeervakantie in de Pays de la Loire zult u onvermijdelijk halt houden om de troglodietenhuizen, traditionele woningen van de streek, te verkennen.","og_url":"https:\/\/www.campingduportcaroline.fr\/nl\/kamp-pays-de-la-loire\/troglodiet-loire\/","og_site_name":"Camping du Port Caroline","article_modified_time":"2023-02-28T11:26:19+00:00","og_image":[{"width":1900,"height":991,"url":"https:\/\/www.campingduportcaroline.fr\/wp-content\/uploads\/2022\/12\/troglodytes-maine-et-loire.webp","type":"image\/webp"}],"twitter_card":"summary_large_image","twitter_misc":{"Geschatte leestijd":"2 minuten"},"schema":{"@context":"https:\/\/schema.org","@graph":[{"@type":"WebPage","@id":"https:\/\/www.campingduportcaroline.fr\/nl\/kamp-pays-de-la-loire\/troglodiet-loire\/","url":"https:\/\/www.campingduportcaroline.fr\/nl\/kamp-pays-de-la-loire\/troglodiet-loire\/","name":"Troglodyte Loire - Bezoek de troglodieten in het Loiredal (49)","isPartOf":{"@id":"https:\/\/www.campingduportcaroline.fr\/#website"},"primaryImageOfPage":{"@id":"https:\/\/www.campingduportcaroline.fr\/nl\/kamp-pays-de-la-loire\/troglodiet-loire\/#primaryimage"},"image":{"@id":"https:\/\/www.campingduportcaroline.fr\/nl\/kamp-pays-de-la-loire\/troglodiet-loire\/#primaryimage"},"thumbnailUrl":"https:\/\/www.campingduportcaroline.fr\/wp-content\/uploads\/2022\/12\/troglodytes-maine-et-loire.webp","datePublished":"2023-02-27T09:35:56+00:00","dateModified":"2023-02-28T11:26:19+00:00","description":"Tijdens uw kampeervakantie in de Pays de la Loire zult u onvermijdelijk halt houden om de troglodietenhuizen, traditionele woningen van de streek, te verkennen.","breadcrumb":{"@id":"https:\/\/www.campingduportcaroline.fr\/nl\/kamp-pays-de-la-loire\/troglodiet-loire\/#breadcrumb"},"inLanguage":"nl-NL","potentialAction":[{"@type":"ReadAction","target":["https:\/\/www.campingduportcaroline.fr\/nl\/kamp-pays-de-la-loire\/troglodiet-loire\/"]}]},{"@type":"ImageObject","inLanguage":"nl-NL","@id":"https:\/\/www.campingduportcaroline.fr\/nl\/kamp-pays-de-la-loire\/troglodiet-loire\/#primaryimage","url":"https:\/\/www.campingduportcaroline.fr\/wp-content\/uploads\/2022\/12\/troglodytes-maine-et-loire.webp","contentUrl":"https:\/\/www.campingduportcaroline.fr\/wp-content\/uploads\/2022\/12\/troglodytes-maine-et-loire.webp","width":1900,"height":991,"caption":"maisons troglodytes maine et loire"},{"@type":"BreadcrumbList","@id":"https:\/\/www.campingduportcaroline.fr\/nl\/kamp-pays-de-la-loire\/troglodiet-loire\/#breadcrumb","itemListElement":[{"@type":"ListItem","position":1,"name":"Camping Port Caroline","item":"https:\/\/www.campingduportcaroline.fr\/nl\/"},{"@type":"ListItem","position":2,"name":"Uitgaan in de Loire streek","item":"https:\/\/www.campingduportcaroline.fr\/nl\/kamp-pays-de-la-loire\/"},{"@type":"ListItem","position":3,"name":"Troglodiet in de Loire"}]},{"@type":"WebSite","@id":"https:\/\/www.campingduportcaroline.fr\/#website","url":"https:\/\/www.campingduportcaroline.fr\/","name":"Camping du Port Caroline","description":"","publisher":{"@id":"https:\/\/www.campingduportcaroline.fr\/#organization"},"potentialAction":[{"@type":"SearchAction","target":{"@type":"EntryPoint","urlTemplate":"https:\/\/www.campingduportcaroline.fr\/?s={search_term_string}"},"query-input":{"@type":"PropertyValueSpecification","valueRequired":true,"valueName":"search_term_string"}}],"inLanguage":"nl-NL"},{"@type":"Organization","@id":"https:\/\/www.campingduportcaroline.fr\/#organization","name":"Camping du Port Caroline","url":"https:\/\/www.campingduportcaroline.fr\/","logo":{"@type":"ImageObject","inLanguage":"nl-NL","@id":"https:\/\/www.campingduportcaroline.fr\/#\/schema\/logo\/image\/","url":"https:\/\/www.campingduportcaroline.fr\/wp-content\/uploads\/2022\/11\/favicon-1.png","contentUrl":"https:\/\/www.campingduportcaroline.fr\/wp-content\/uploads\/2022\/11\/favicon-1.png","width":512,"height":512,"caption":"Camping du Port Caroline"},"image":{"@id":"https:\/\/www.campingduportcaroline.fr\/#\/schema\/logo\/image\/"}}]}},"_links":{"self":[{"href":"https:\/\/www.campingduportcaroline.fr\/nl\/wp-json\/wp\/v2\/pages\/3914","targetHints":{"allow":["GET"]}}],"collection":[{"href":"https:\/\/www.campingduportcaroline.fr\/nl\/wp-json\/wp\/v2\/pages"}],"about":[{"href":"https:\/\/www.campingduportcaroline.fr\/nl\/wp-json\/wp\/v2\/types\/page"}],"author":[{"embeddable":true,"href":"https:\/\/www.campingduportcaroline.fr\/nl\/wp-json\/wp\/v2\/users\/1"}],"replies":[{"embeddable":true,"href":"https:\/\/www.campingduportcaroline.fr\/nl\/wp-json\/wp\/v2\/comments?post=3914"}],"version-history":[{"count":1,"href":"https:\/\/www.campingduportcaroline.fr\/nl\/wp-json\/wp\/v2\/pages\/3914\/revisions"}],"predecessor-version":[{"id":3915,"href":"https:\/\/www.campingduportcaroline.fr\/nl\/wp-json\/wp\/v2\/pages\/3914\/revisions\/3915"}],"up":[{"embeddable":true,"href":"https:\/\/www.campingduportcaroline.fr\/nl\/wp-json\/wp\/v2\/pages\/3892"}],"wp:featuredmedia":[{"embeddable":true,"href":"https:\/\/www.campingduportcaroline.fr\/nl\/wp-json\/wp\/v2\/media\/3320"}],"wp:attachment":[{"href":"https:\/\/www.campingduportcaroline.fr\/nl\/wp-json\/wp\/v2\/media?parent=3914"}],"wp:term":[{"taxonomy":"sujet","embeddable":true,"href":"https:\/\/www.campingduportcaroline.fr\/nl\/wp-json\/wp\/v2\/sujet?post=3914"}],"curies":[{"name":"wp","href":"https:\/\/api.w.org\/{rel}","templated":true}]}}